{"id":6184,"date":"2021-11-09T12:36:45","date_gmt":"2021-11-09T11:36:45","guid":{"rendered":"https:\/\/stage.autorolasolutions.com\/solutions\/challenge\/establish-auditing-acceptability\/"},"modified":"2025-02-04T14:23:24","modified_gmt":"2025-02-04T13:23:24","slug":"uppratta-revisionsacceptans","status":"publish","type":"page","link":"https:\/\/stage.autorolasolutions.com\/sv\/losningar\/utmaning\/uppratta-revisionsacceptans\/","title":{"rendered":"Uppr\u00e4tta revisionsacceptans"},"content":{"rendered":"\t\t<div data-elementor-type=\"wp-page\" data-elementor-id=\"6184\" class=\"elementor elementor-6184 elementor-115\" data-elementor-post-type=\"page\">\n\t\t\t\t\t\t<section class=\"elementor-section elementor-top-section elementor-element elementor-element-0b9e96b elementor-section-boxed elementor-section-height-default elementor-section-height-default\" data-id=\"0b9e96b\" data-element_type=\"section\" data-e-type=\"section\">\n\t\t\t\t\t\t<div class=\"elementor-container elementor-column-gap-default\">\n\t\t\t\t\t<div class=\"elementor-column elementor-col-100 elementor-top-column elementor-element elementor-element-dda944b\" data-id=\"dda944b\" data-element_type=\"column\" data-e-type=\"column\">\n\t\t\t<div class=\"elementor-widget-wrap elementor-element-populated\">\n\t\t\t\t\t\t<div class=\"elementor-element elementor-element-30d72a6 elementor-widget elementor-widget-text-editor\" data-id=\"30d72a6\" data-element_type=\"widget\" data-e-type=\"widget\" data-widget_type=\"text-editor.default\">\n\t\t\t\t<div class=\"elementor-widget-container\">\n\t\t\t\t\t\t\t\t\t<h1>Uppr\u00e4tta revisionsacceptans<\/h1><h2>Hur skapar du revisionss\u00e4kerhet f\u00f6r dina processer?<\/h2><p>P\u00e5 grund av samarbetet med m\u00e5nga olika kunder och tj\u00e4nsteleverant\u00f6rer spelar datatransparens samt fullst\u00e4ndig, of\u00f6r\u00e4nderlig och verifierbar information om alla r\u00e4ttsliga processer en oumb\u00e4rlig roll. Med den digitala fordonsfilen och den of\u00f6r\u00e4nderliga systemloggen i Autorola Fleet Monitor har du en \u00f6verblick \u00f6ver alla data om vart och ett av dina fordon och uppdaterar dem i realtid. Tack vare v\u00e5rt anpassade roll- och r\u00e4ttighetssystem kan beh\u00f6righeter och beh\u00f6righeter tilldelas p\u00e5 ett s\u00e5dant s\u00e4tt att b\u00e5de multiklientkapacitet och efterlevnad av alla GDPR-krav alltid garanteras.<\/p><ol><li><strong>Etablera datatransparens:<\/strong> Etablera datatransparens genom att anv\u00e4nda ett centraliserat system som Fleet Monitor som m\u00f6jligg\u00f6r uppdateringar i realtid och tillg\u00e5ng till all data om vart och ett av dina fordon.<\/li><li><strong>S\u00e4kerst\u00e4ll dataintegritet:<\/strong> S\u00e4kerst\u00e4ll dataintegriteten genom att anv\u00e4nda en of\u00f6r\u00e4nderlig systemlogg i systemet som kan sp\u00e5ra \u00e4ndringar och uppr\u00e4tth\u00e5lla en tydlig verifieringskedja.<\/li><li><strong>Anv\u00e4nd anpassade roller och r\u00e4ttighetssystem:<\/strong> Anv\u00e4nd ett anpassat roll- och r\u00e4ttighetssystem f\u00f6r att s\u00e4kerst\u00e4lla att \u00e5tkomst och beh\u00f6righeter tilldelas p\u00e5 ett s\u00e4tt som garanterar b\u00e5de kapacitet f\u00f6r flera klienter och efterlevnad av alla GDPR-krav.<\/li><li><strong>Genomf\u00f6r regelbundna revisioner:<\/strong> Genomf\u00f6r regelbundna revisioner av dina processer f\u00f6r att identifiera eventuella svagheter eller potentiella risker. Detta kan hj\u00e4lpa dig att vidta proaktiva \u00e5tg\u00e4rder f\u00f6r att \u00e5tg\u00e4rda eventuella problem och s\u00e4kerst\u00e4lla efterlevnad av juridiska krav.<\/li><li><strong>Implementera s\u00e4kerhets\u00e5tg\u00e4rder:<\/strong> Implementera s\u00e4kerhets\u00e5tg\u00e4rder som tv\u00e5faktorsautentisering, kryptering och brandv\u00e4ggar f\u00f6r att s\u00e4kerst\u00e4lla att dina data \u00e4r s\u00e4kra och skyddade fr\u00e5n obeh\u00f6rig \u00e5tkomst.<\/li><\/ol><p>Genom att implementera dessa strategier i en Fleet Monitor-plattform kan du skapa revisionss\u00e4kerhet f\u00f6r dina processer och se till att dina data f\u00f6rblir transparenta, s\u00e4kra och uppfyller lagkraven.<\/p>\t\t\t\t\t\t\t\t<\/div>\n\t\t\t\t<\/div>\n\t\t\t\t\t<\/div>\n\t\t<\/div>\n\t\t\t\t\t<\/div>\n\t\t<\/section>\n\t\t\t\t<section class=\"elementor-section elementor-top-section elementor-element elementor-element-60057cc elementor-section-full_width elementor-section-height-default elementor-section-height-default\" data-id=\"60057cc\" data-element_type=\"section\" data-e-type=\"section\" data-settings=\"{&quot;background_background&quot;:&quot;classic&quot;}\">\n\t\t\t\t\t\t<div class=\"elementor-container elementor-column-gap-default\">\n\t\t\t\t\t<div class=\"elementor-column elementor-col-50 elementor-top-column elementor-element elementor-element-32aa2b8\" data-id=\"32aa2b8\" data-element_type=\"column\" data-e-type=\"column\">\n\t\t\t<div class=\"elementor-widget-wrap elementor-element-populated\">\n\t\t\t\t\t\t<div class=\"elementor-element elementor-element-52fe6e0 elementor-widget elementor-widget-html\" data-id=\"52fe6e0\" data-element_type=\"widget\" data-e-type=\"widget\" data-widget_type=\"html.default\">\n\t\t\t\t<div class=\"elementor-widget-container\">\n\t\t\t\t\t<?xml version=\"1.0\" encoding=\"utf-8\"?>\n<!-- Generator: Adobe Illustrator 25.3.1, SVG Export Plug-In . SVG Version: 6.00 Build 0)  -->\n<svg class=\"kaeseecke\" version=\"1.1\" id=\"Ebene_2_1_\" xmlns=\"http:\/\/www.w3.org\/2000\/svg\" xmlns:xlink=\"http:\/\/www.w3.org\/1999\/xlink\" x=\"0px\" y=\"0px\"\n\t viewBox=\"0 0 960 960\" style=\"enable-background:new 0 0 960 960;\" xml:space=\"preserve\">\n<style type=\"text\/css\">\n\t.st0{fill:#9E9E9E;}\n<\/style>\n<polygon class=\"A st0\" points=\"209.4,778.6 445.3,492.9 80,431.6 \"\/>\n<g class=\"F\" id=\"Banken\">\n\t<defs>\n\t\t<polygon id=\"Banken_1_\" points=\"356.7,96.4 486.1,443.4 722,157.8 \t\t\"\/>\n\t<\/defs>\n\t<clipPath id=\"Banken_2_\">\n\t\t<use xlink:href=\"#Banken_1_\"  style=\"overflow:visible;\"\/>\n\t<\/clipPath>\n\t<g transform=\"matrix(1 0 0 1 1.525879e-05 0)\" style=\"clip-path:url(#Banken_2_);\">\n\t\t\n\t\t\t<image class=\"kaeseimage\" style=\"overflow:visible;\" width=\"1264\" height=\"843\" xlink:href=\"\/wp-content\/uploads\/2021\/09\/money-blau.png\"  transform=\"matrix(0.5459 0 0 0.5459 215 27.589)\">\n\t\t<\/image>\n\t<\/g>\n<\/g>\n<g class=\"C\" id=\"Haendler\">\n\t<defs>\n\t\t<polygon id=\"Haendler_1_\" points=\"514.7,467.1 880,528.4 750.6,181.4 \t\t\"\/>\n\t<\/defs>\n\t<clipPath id=\"Haendler_2_\">\n\t\t<use xlink:href=\"#Haendler_1_\"  style=\"overflow:visible;\"\/>\n\t<\/clipPath>\n\t<g transform=\"matrix(1 0 0 1 0 0)\" style=\"clip-path:url(#Haendler_2_);\">\n\t\t\n\t\t\t<image class=\"kaeseimage\" style=\"overflow:visible;\" width=\"2000\" height=\"953\" xlink:href=\"\/wp-content\/uploads\/2021\/09\/Shaking-hands-blau.png\"  transform=\"matrix(0.395 0 0 0.395 200.3094 156.043)\">\n\t\t<\/image>\n\t<\/g>\n<\/g>\n<g class=\"D\" id=\"Hersteller\">\n\t<defs>\n\t\t<polygon id=\"Hersteller_1_\" points=\"322,109.4 86.1,395 451.4,456.4 \t\t\"\/>\n\t<\/defs>\n\t<clipPath id=\"Hersteller_2_\">\n\t\t<use xlink:href=\"#Hersteller_1_\"  style=\"overflow:visible;\"\/>\n\t<\/clipPath>\n\t<g style=\"clip-path:url(#Hersteller_2_);\">\n\t\t\n\t\t\t<image class=\"kaeseimage\" style=\"overflow:visible;\" width=\"1070\" height=\"714\" xlink:href=\"\/wp-content\/uploads\/2021\/09\/Fahrzeugbau-blau.png\"  transform=\"matrix(0.5701 0 0 0.5701 32.1523 72.9533)\">\n\t\t<\/image>\n\t<\/g>\n<\/g>\n<g class=\"B\" id=\"Leasing\">\n\t<defs>\n\t\t<polygon id=\"Leasing_2_\" points=\"638,850.6 873.9,565 508.6,503.6 \t\t\"\/>\n\t<\/defs>\n\t<clipPath id=\"Leasing_1_\">\n\t\t<use xlink:href=\"#Leasing_2_\"  style=\"overflow:visible;\"\/>\n\t<\/clipPath>\n\t<g transform=\"matrix(1 2.980232e-08 -2.980232e-08 1 0 0)\" style=\"clip-path:url(#Leasing_1_);\">\n\t\t\n\t\t\t<image class=\"kaeseimage\" style=\"overflow:visible;\" width=\"1270\" height=\"714\" xlink:href=\"\/wp-content\/uploads\/2021\/09\/Parkplatz-blau.png\"  transform=\"matrix(0.9072 0.2335 -0.2335 0.9072 295.6266 390.6233)\">\n\t\t<\/image>\n\t<\/g>\n<\/g>\n<g class=\"E\" id=\"Logistikanbieter\">\n\t<defs>\n\t\t<polygon id=\"Logistikanbieter_1_\" points=\"473.9,516.6 238,802.2 603.3,863.6 \t\t\"\/>\n\t<\/defs>\n\t<clipPath id=\"Logistikanbieter_2_\">\n\t\t<use xlink:href=\"#Logistikanbieter_1_\"  style=\"overflow:visible;\"\/>\n\t<\/clipPath>\n\t<g transform=\"matrix(1 0 0 1 0 1.525879e-05)\" style=\"clip-path:url(#Logistikanbieter_2_);\">\n\t\t\n\t\t\t<image class=\"kaeseimage\" style=\"overflow:visible;\" width=\"1072\" height=\"714\" xlink:href=\"\/wp-content\/uploads\/2021\/09\/street-blau.png\"  transform=\"matrix(1.0858 0 0 1.0858 -295.8258 244.9563)\">\n\t\t<\/image>\n\t<\/g>\n<\/g>\n<\/svg>\n\t\t\t\t<\/div>\n\t\t\t\t<\/div>\n\t\t\t\t\t<\/div>\n\t\t<\/div>\n\t\t\t\t<div class=\"elementor-column elementor-col-50 elementor-top-column elementor-element elementor-element-66f8d60\" data-id=\"66f8d60\" data-element_type=\"column\" data-e-type=\"column\">\n\t\t\t<div class=\"elementor-widget-wrap elementor-element-populated\">\n\t\t\t\t\t\t<div class=\"elementor-element elementor-element-6d184eb elementor-widget elementor-widget-text-editor\" data-id=\"6d184eb\" data-element_type=\"widget\" data-e-type=\"widget\" data-widget_type=\"text-editor.default\">\n\t\t\t\t<div class=\"elementor-widget-container\">\n\t\t\t\t\t\t\t\t\t<h3>DINA F\u00d6RDELAR<\/h3>\t\t\t\t\t\t\t\t<\/div>\n\t\t\t\t<\/div>\n\t\t\t\t<div class=\"elementor-element elementor-element-4b6dce8 sub-solutions elementor-list-item-link-inline elementor-icon-list--layout-traditional elementor-widget elementor-widget-icon-list\" data-id=\"4b6dce8\" data-element_type=\"widget\" data-e-type=\"widget\" data-widget_type=\"icon-list.default\">\n\t\t\t\t<div class=\"elementor-widget-container\">\n\t\t\t\t\t\t\t<ul class=\"elementor-icon-list-items\">\n\t\t\t\t\t\t\t<li class=\"elementor-icon-list-item\">\n\t\t\t\t\t\t\t\t\t\t\t<a href=\"https:\/\/stage.autorolasolutions.com\/sv\/losningar\/utmaning\/minska-stillestandstider\/\" class=\"B C D F\">\n\n\t\t\t\t\t\t\t\t\t\t\t<span class=\"elementor-icon-list-text\">Minska stillest\u00e5ndstider<\/span>\n\t\t\t\t\t\t\t\t\t\t\t<\/a>\n\t\t\t\t\t\t\t\t\t<\/li>\n\t\t\t\t\t\t\t\t<li class=\"elementor-icon-list-item\">\n\t\t\t\t\t\t\t\t\t\t\t<a href=\"https:\/\/stage.autorolasolutions.com\/sv\/losningar\/utmaning\/optimera-processer\/\" class=\"B C D E F\">\n\n\t\t\t\t\t\t\t\t\t\t\t<span class=\"elementor-icon-list-text\">Optimera processer<\/span>\n\t\t\t\t\t\t\t\t\t\t\t<\/a>\n\t\t\t\t\t\t\t\t\t<\/li>\n\t\t\t\t\t\t\t\t<li class=\"elementor-icon-list-item\">\n\t\t\t\t\t\t\t\t\t\t\t<a href=\"https:\/\/stage.autorolasolutions.com\/sv\/losningar\/utmaning\/digitalisera-systemlandskapet\/\" class=\"C D E\">\n\n\t\t\t\t\t\t\t\t\t\t\t<span class=\"elementor-icon-list-text\">Digitalisera systemlandskapet<\/span>\n\t\t\t\t\t\t\t\t\t\t\t<\/a>\n\t\t\t\t\t\t\t\t\t<\/li>\n\t\t\t\t\t\t\t\t<li class=\"elementor-icon-list-item\">\n\t\t\t\t\t\t\t\t\t\t\t<a href=\"https:\/\/stage.autorolasolutions.com\/sv\/losningar\/utmaning\/optimera-forsaljningshanteringen\/\" class=\"B C D E F\">\n\n\t\t\t\t\t\t\t\t\t\t\t<span class=\"elementor-icon-list-text\">Optimera f\u00f6rs\u00e4ljningshanteringen<\/span>\n\t\t\t\t\t\t\t\t\t\t\t<\/a>\n\t\t\t\t\t\t\t\t\t<\/li>\n\t\t\t\t\t\t\t\t<li class=\"elementor-icon-list-item\">\n\t\t\t\t\t\t\t\t\t\t\t<a href=\"https:\/\/stage.autorolasolutions.com\/sv\/losningar\/utmaning\/kontrollera-tjansteleverantorer\/\" class=\"C D E\">\n\n\t\t\t\t\t\t\t\t\t\t\t<span class=\"elementor-icon-list-text\">Kontrollera tj\u00e4nsteleverant\u00f6rer<\/span>\n\t\t\t\t\t\t\t\t\t\t\t<\/a>\n\t\t\t\t\t\t\t\t\t<\/li>\n\t\t\t\t\t\t\t\t<li class=\"elementor-icon-list-item\">\n\t\t\t\t\t\t\t\t\t\t\t<a href=\"https:\/\/stage.autorolasolutions.com\/sv\/losningar\/utmaning\/reducera-kostnader\/\" class=\"B C D E F\">\n\n\t\t\t\t\t\t\t\t\t\t\t<span class=\"elementor-icon-list-text\">Reducera kostnader<\/span>\n\t\t\t\t\t\t\t\t\t\t\t<\/a>\n\t\t\t\t\t\t\t\t\t<\/li>\n\t\t\t\t\t\t\t\t<li class=\"elementor-icon-list-item\">\n\t\t\t\t\t\t\t\t\t\t\t<a href=\"https:\/\/stage.autorolasolutions.com\/sv\/losningar\/utmaning\/uppratta-revisionsacceptans\/\">\n\n\t\t\t\t\t\t\t\t\t\t\t<span class=\"elementor-icon-list-text\">Uppr\u00e4tta revisionsacceptans<\/span>\n\t\t\t\t\t\t\t\t\t\t\t<\/a>\n\t\t\t\t\t\t\t\t\t<\/li>\n\t\t\t\t\t\t<\/ul>\n\t\t\t\t\t\t<\/div>\n\t\t\t\t<\/div>\n\t\t\t\t<div class=\"elementor-element elementor-element-9d61537 elementor-widget elementor-widget-button\" data-id=\"9d61537\" data-element_type=\"widget\" data-e-type=\"widget\" data-widget_type=\"button.default\">\n\t\t\t\t<div class=\"elementor-widget-container\">\n\t\t\t\t\t\t\t\t\t<div class=\"elementor-button-wrapper\">\n\t\t\t\t\t<a class=\"elementor-button elementor-button-link elementor-size-sm elementor-animation-grow\" href=\"https:\/\/stage.autorolasolutions.com\/sv\/kontakt\/\">\n\t\t\t\t\t\t<span class=\"elementor-button-content-wrapper\">\n\t\t\t\t\t\t<span class=\"elementor-button-icon\">\n\t\t\t\t<i aria-hidden=\"true\" class=\"fas fa-arrow-right\"><\/i>\t\t\t<\/span>\n\t\t\t\t\t\t\t\t\t<span class=\"elementor-button-text\">Kontakta oss<\/span>\n\t\t\t\t\t<\/span>\n\t\t\t\t\t<\/a>\n\t\t\t\t<\/div>\n\t\t\t\t\t\t\t\t<\/div>\n\t\t\t\t<\/div>\n\t\t\t\t\t<\/div>\n\t\t<\/div>\n\t\t\t\t\t<\/div>\n\t\t<\/section>\n\t\t\t\t<\/div>\n\t\t","protected":false},"excerpt":{"rendered":"<p>Uppr\u00e4tta revisionsacceptans Hur skapar du revisionss\u00e4kerhet f\u00f6r dina processer? P\u00e5 grund av samarbetet med m\u00e5nga olika kunder och tj\u00e4nsteleverant\u00f6rer spelar datatransparens samt fullst\u00e4ndig, of\u00f6r\u00e4nderlig och verifierbar information om alla r\u00e4ttsliga processer en oumb\u00e4rlig roll. Med den digitala fordonsfilen och den of\u00f6r\u00e4nderliga systemloggen i Autorola Fleet Monitor har du en \u00f6verblick \u00f6ver alla data om vart [&hellip;]<\/p>\n","protected":false},"author":2,"featured_media":0,"parent":6142,"menu_order":7,"comment_status":"closed","ping_status":"open","template":"","meta":{"_acf_changed":false,"inline_featured_image":false,"site-sidebar-layout":"no-sidebar","site-content-layout":"default","ast-site-content-layout":"default","site-content-style":"default","site-sidebar-style":"default","ast-global-header-display":"","ast-banner-title-visibility":"","ast-main-header-display":"","ast-hfb-above-header-display":"","ast-hfb-below-header-display":"","ast-hfb-mobile-header-display":"","site-post-title":"disabled","ast-breadcrumbs-content":"","ast-featured-img":"disabled","footer-sml-layout":"","theme-transparent-header-meta":"default","adv-header-id-meta":"","stick-header-meta":"default","header-above-stick-meta":"","header-main-stick-meta":"","header-below-stick-meta":"","astra-migrate-meta-layouts":"default","ast-page-background-enabled":"default","ast-page-background-meta":{"desktop":{"background-color":"","background-image":"","background-repeat":"repeat","background-position":"center center","background-size":"auto","background-attachment":"scroll","background-type":"","background-media":"","overlay-type":"","overlay-color":"","overlay-opacity":"","overlay-gradient":""},"tablet":{"background-color":"","background-image":"","background-repeat":"repeat","background-position":"center center","background-size":"auto","background-attachment":"scroll","background-type":"","background-media":"","overlay-type":"","overlay-color":"","overlay-opacity":"","overlay-gradient":""},"mobile":{"background-color":"","background-image":"","background-repeat":"repeat","background-position":"center center","background-size":"auto","background-attachment":"scroll","background-type":"","background-media":"","overlay-type":"","overlay-color":"","overlay-opacity":"","overlay-gradient":""}},"ast-content-background-meta":{"desktop":{"background-color":"var(--ast-global-color-5)","background-image":"","background-repeat":"repeat","background-position":"center center","background-size":"auto","background-attachment":"scroll","background-type":"","background-media":"","overlay-type":"","overlay-color":"","overlay-opacity":"","overlay-gradient":""},"tablet":{"background-color":"var(--ast-global-color-5)","background-image":"","background-repeat":"repeat","background-position":"center center","background-size":"auto","background-attachment":"scroll","background-type":"","background-media":"","overlay-type":"","overlay-color":"","overlay-opacity":"","overlay-gradient":""},"mobile":{"background-color":"var(--ast-global-color-5)","background-image":"","background-repeat":"repeat","background-position":"center center","background-size":"auto","background-attachment":"scroll","background-type":"","background-media":"","overlay-type":"","overlay-color":"","overlay-opacity":"","overlay-gradient":""}},"footnotes":""},"class_list":["post-6184","page","type-page","status-publish","hentry"],"acf":[],"yoast_head":"<!-- This site is optimized with the Yoast SEO plugin v27.0 - https:\/\/yoast.com\/product\/yoast-seo-wordpress\/ -->\n<title>Uppr\u00e4tta acceptans f\u00f6r revision | Efterlevnadsl\u00f6sningar f\u00f6r fordonsindustrin<\/title>\n<meta name=\"description\" content=\"S\u00e4kerst\u00e4ll revision, acceptans och efterlevnad inom fordonsindustrin med v\u00e5ra l\u00f6sningar. Uppr\u00e4tth\u00e5ll transparens och uppfyll lagstadgade krav.\" \/>\n<meta name=\"robots\" content=\"index, follow, max-snippet:-1, max-image-preview:large, max-video-preview:-1\" \/>\n<link rel=\"canonical\" href=\"https:\/\/stage.autorolasolutions.com\/solutions\/business-values\/establish-auditing-acceptability\/\" \/>\n<meta property=\"og:locale\" content=\"sv_SE\" \/>\n<meta property=\"og:type\" content=\"article\" \/>\n<meta property=\"og:title\" content=\"Uppr\u00e4tta acceptans f\u00f6r revision | Efterlevnadsl\u00f6sningar f\u00f6r fordonsindustrin\" \/>\n<meta property=\"og:description\" content=\"S\u00e4kerst\u00e4ll revision, acceptans och efterlevnad inom fordonsindustrin med v\u00e5ra l\u00f6sningar. Uppr\u00e4tth\u00e5ll transparens och uppfyll lagstadgade krav.\" \/>\n<meta property=\"og:url\" content=\"https:\/\/stage.autorolasolutions.com\/solutions\/business-values\/establish-auditing-acceptability\/\" \/>\n<meta property=\"og:site_name\" content=\"Autorola Solutions\" \/>\n<meta property=\"article:modified_time\" content=\"2025-02-04T13:23:24+00:00\" \/>\n<meta name=\"twitter:card\" content=\"summary_large_image\" \/>\n<meta name=\"twitter:label1\" content=\"Ber\u00e4knad l\u00e4stid\" \/>\n\t<meta name=\"twitter:data1\" content=\"2 minuter\" \/>\n<script type=\"application\/ld+json\" class=\"yoast-schema-graph\">{\"@context\":\"https:\/\/schema.org\",\"@graph\":[{\"@type\":\"WebPage\",\"@id\":\"https:\/\/stage.autorolasolutions.com\/solutions\/business-values\/establish-auditing-acceptability\/\",\"url\":\"https:\/\/stage.autorolasolutions.com\/solutions\/business-values\/establish-auditing-acceptability\/\",\"name\":\"Uppr\u00e4tta acceptans f\u00f6r revision | Efterlevnadsl\u00f6sningar f\u00f6r fordonsindustrin\",\"isPartOf\":{\"@id\":\"https:\/\/stage.autorolasolutions.com\/#website\"},\"datePublished\":\"2021-11-09T11:36:45+00:00\",\"dateModified\":\"2025-02-04T13:23:24+00:00\",\"description\":\"S\u00e4kerst\u00e4ll revision, acceptans och efterlevnad inom fordonsindustrin med v\u00e5ra l\u00f6sningar. Uppr\u00e4tth\u00e5ll transparens och uppfyll lagstadgade krav.\",\"breadcrumb\":{\"@id\":\"https:\/\/stage.autorolasolutions.com\/solutions\/business-values\/establish-auditing-acceptability\/#breadcrumb\"},\"inLanguage\":\"sv-SE\",\"potentialAction\":[{\"@type\":\"ReadAction\",\"target\":[\"https:\/\/stage.autorolasolutions.com\/solutions\/business-values\/establish-auditing-acceptability\/\"]}]},{\"@type\":\"BreadcrumbList\",\"@id\":\"https:\/\/stage.autorolasolutions.com\/solutions\/business-values\/establish-auditing-acceptability\/#breadcrumb\",\"itemListElement\":[{\"@type\":\"ListItem\",\"position\":1,\"name\":\"Home\",\"item\":\"https:\/\/stage.autorolasolutions.com\/\"},{\"@type\":\"ListItem\",\"position\":2,\"name\":\"L\u00f6sningar\",\"item\":\"https:\/\/stage.autorolasolutions.com\/solutions\/\"},{\"@type\":\"ListItem\",\"position\":3,\"name\":\"Utmaning\",\"item\":\"https:\/\/stage.autorolasolutions.com\/solutions\/business-values\/\"},{\"@type\":\"ListItem\",\"position\":4,\"name\":\"Uppr\u00e4tta revisionsacceptans\"}]},{\"@type\":\"WebSite\",\"@id\":\"https:\/\/stage.autorolasolutions.com\/#website\",\"url\":\"https:\/\/stage.autorolasolutions.com\/\",\"name\":\"Autorola Solutions\",\"description\":\"\",\"publisher\":{\"@id\":\"https:\/\/stage.autorolasolutions.com\/#organization\"},\"potentialAction\":[{\"@type\":\"SearchAction\",\"target\":{\"@type\":\"EntryPoint\",\"urlTemplate\":\"https:\/\/stage.autorolasolutions.com\/?s={search_term_string}\"},\"query-input\":{\"@type\":\"PropertyValueSpecification\",\"valueRequired\":true,\"valueName\":\"search_term_string\"}}],\"inLanguage\":\"sv-SE\"},{\"@type\":\"Organization\",\"@id\":\"https:\/\/stage.autorolasolutions.com\/#organization\",\"name\":\"Autorola Solutions\",\"url\":\"https:\/\/stage.autorolasolutions.com\/\",\"logo\":{\"@type\":\"ImageObject\",\"inLanguage\":\"sv-SE\",\"@id\":\"https:\/\/stage.autorolasolutions.com\/#\/schema\/logo\/image\/\",\"url\":\"https:\/\/stage.autorolasolutions.com\/wp-content\/uploads\/2025\/01\/Autorola_Solutions_Logo_Left_Screen_RGB.svg\",\"contentUrl\":\"https:\/\/stage.autorolasolutions.com\/wp-content\/uploads\/2025\/01\/Autorola_Solutions_Logo_Left_Screen_RGB.svg\",\"width\":143,\"height\":44,\"caption\":\"Autorola Solutions\"},\"image\":{\"@id\":\"https:\/\/stage.autorolasolutions.com\/#\/schema\/logo\/image\/\"},\"sameAs\":[\"https:\/\/www.linkedin.com\/company\/autorolasolutions\/\"]}]}<\/script>\n<!-- \/ Yoast SEO plugin. -->","yoast_head_json":{"title":"Uppr\u00e4tta acceptans f\u00f6r revision | Efterlevnadsl\u00f6sningar f\u00f6r fordonsindustrin","description":"S\u00e4kerst\u00e4ll revision, acceptans och efterlevnad inom fordonsindustrin med v\u00e5ra l\u00f6sningar. Uppr\u00e4tth\u00e5ll transparens och uppfyll lagstadgade krav.","robots":{"index":"index","follow":"follow","max-snippet":"max-snippet:-1","max-image-preview":"max-image-preview:large","max-video-preview":"max-video-preview:-1"},"canonical":"https:\/\/stage.autorolasolutions.com\/solutions\/business-values\/establish-auditing-acceptability\/","og_locale":"sv_SE","og_type":"article","og_title":"Uppr\u00e4tta acceptans f\u00f6r revision | Efterlevnadsl\u00f6sningar f\u00f6r fordonsindustrin","og_description":"S\u00e4kerst\u00e4ll revision, acceptans och efterlevnad inom fordonsindustrin med v\u00e5ra l\u00f6sningar. Uppr\u00e4tth\u00e5ll transparens och uppfyll lagstadgade krav.","og_url":"https:\/\/stage.autorolasolutions.com\/solutions\/business-values\/establish-auditing-acceptability\/","og_site_name":"Autorola Solutions","article_modified_time":"2025-02-04T13:23:24+00:00","twitter_card":"summary_large_image","twitter_misc":{"Ber\u00e4knad l\u00e4stid":"2 minuter"},"schema":{"@context":"https:\/\/schema.org","@graph":[{"@type":"WebPage","@id":"https:\/\/stage.autorolasolutions.com\/solutions\/business-values\/establish-auditing-acceptability\/","url":"https:\/\/stage.autorolasolutions.com\/solutions\/business-values\/establish-auditing-acceptability\/","name":"Uppr\u00e4tta acceptans f\u00f6r revision | Efterlevnadsl\u00f6sningar f\u00f6r fordonsindustrin","isPartOf":{"@id":"https:\/\/stage.autorolasolutions.com\/#website"},"datePublished":"2021-11-09T11:36:45+00:00","dateModified":"2025-02-04T13:23:24+00:00","description":"S\u00e4kerst\u00e4ll revision, acceptans och efterlevnad inom fordonsindustrin med v\u00e5ra l\u00f6sningar. Uppr\u00e4tth\u00e5ll transparens och uppfyll lagstadgade krav.","breadcrumb":{"@id":"https:\/\/stage.autorolasolutions.com\/solutions\/business-values\/establish-auditing-acceptability\/#breadcrumb"},"inLanguage":"sv-SE","potentialAction":[{"@type":"ReadAction","target":["https:\/\/stage.autorolasolutions.com\/solutions\/business-values\/establish-auditing-acceptability\/"]}]},{"@type":"BreadcrumbList","@id":"https:\/\/stage.autorolasolutions.com\/solutions\/business-values\/establish-auditing-acceptability\/#breadcrumb","itemListElement":[{"@type":"ListItem","position":1,"name":"Home","item":"https:\/\/stage.autorolasolutions.com\/"},{"@type":"ListItem","position":2,"name":"L\u00f6sningar","item":"https:\/\/stage.autorolasolutions.com\/solutions\/"},{"@type":"ListItem","position":3,"name":"Utmaning","item":"https:\/\/stage.autorolasolutions.com\/solutions\/business-values\/"},{"@type":"ListItem","position":4,"name":"Uppr\u00e4tta revisionsacceptans"}]},{"@type":"WebSite","@id":"https:\/\/stage.autorolasolutions.com\/#website","url":"https:\/\/stage.autorolasolutions.com\/","name":"Autorola Solutions","description":"","publisher":{"@id":"https:\/\/stage.autorolasolutions.com\/#organization"},"potentialAction":[{"@type":"SearchAction","target":{"@type":"EntryPoint","urlTemplate":"https:\/\/stage.autorolasolutions.com\/?s={search_term_string}"},"query-input":{"@type":"PropertyValueSpecification","valueRequired":true,"valueName":"search_term_string"}}],"inLanguage":"sv-SE"},{"@type":"Organization","@id":"https:\/\/stage.autorolasolutions.com\/#organization","name":"Autorola Solutions","url":"https:\/\/stage.autorolasolutions.com\/","logo":{"@type":"ImageObject","inLanguage":"sv-SE","@id":"https:\/\/stage.autorolasolutions.com\/#\/schema\/logo\/image\/","url":"https:\/\/stage.autorolasolutions.com\/wp-content\/uploads\/2025\/01\/Autorola_Solutions_Logo_Left_Screen_RGB.svg","contentUrl":"https:\/\/stage.autorolasolutions.com\/wp-content\/uploads\/2025\/01\/Autorola_Solutions_Logo_Left_Screen_RGB.svg","width":143,"height":44,"caption":"Autorola Solutions"},"image":{"@id":"https:\/\/stage.autorolasolutions.com\/#\/schema\/logo\/image\/"},"sameAs":["https:\/\/www.linkedin.com\/company\/autorolasolutions\/"]}]}},"_links":{"self":[{"href":"https:\/\/stage.autorolasolutions.com\/sv\/wp-json\/wp\/v2\/pages\/6184","targetHints":{"allow":["GET"]}}],"collection":[{"href":"https:\/\/stage.autorolasolutions.com\/sv\/wp-json\/wp\/v2\/pages"}],"about":[{"href":"https:\/\/stage.autorolasolutions.com\/sv\/wp-json\/wp\/v2\/types\/page"}],"author":[{"embeddable":true,"href":"https:\/\/stage.autorolasolutions.com\/sv\/wp-json\/wp\/v2\/users\/2"}],"replies":[{"embeddable":true,"href":"https:\/\/stage.autorolasolutions.com\/sv\/wp-json\/wp\/v2\/comments?post=6184"}],"version-history":[{"count":16,"href":"https:\/\/stage.autorolasolutions.com\/sv\/wp-json\/wp\/v2\/pages\/6184\/revisions"}],"predecessor-version":[{"id":55766,"href":"https:\/\/stage.autorolasolutions.com\/sv\/wp-json\/wp\/v2\/pages\/6184\/revisions\/55766"}],"up":[{"embeddable":true,"href":"https:\/\/stage.autorolasolutions.com\/sv\/wp-json\/wp\/v2\/pages\/6142"}],"wp:attachment":[{"href":"https:\/\/stage.autorolasolutions.com\/sv\/wp-json\/wp\/v2\/media?parent=6184"}],"curies":[{"name":"wp","href":"https:\/\/api.w.org\/{rel}","templated":true}]}}