{"id":6166,"date":"2021-11-09T12:35:35","date_gmt":"2021-11-09T11:35:35","guid":{"rendered":"https:\/\/stage.autorolasolutions.com\/solutions\/challenge\/optimize-sales-management\/"},"modified":"2025-02-04T14:22:21","modified_gmt":"2025-02-04T13:22:21","slug":"optimera-forsaljningshanteringen","status":"publish","type":"page","link":"https:\/\/stage.autorolasolutions.com\/sv\/losningar\/utmaning\/optimera-forsaljningshanteringen\/","title":{"rendered":"Optimera f\u00f6rs\u00e4ljningshanteringen"},"content":{"rendered":"\t\t<div data-elementor-type=\"wp-page\" data-elementor-id=\"6166\" class=\"elementor elementor-6166 elementor-109\" data-elementor-post-type=\"page\">\n\t\t\t\t\t\t<section class=\"elementor-section elementor-top-section elementor-element elementor-element-301574c elementor-section-boxed elementor-section-height-default elementor-section-height-default\" data-id=\"301574c\" data-element_type=\"section\" data-e-type=\"section\">\n\t\t\t\t\t\t<div class=\"elementor-container elementor-column-gap-default\">\n\t\t\t\t\t<div class=\"elementor-column elementor-col-100 elementor-top-column elementor-element elementor-element-d86a391\" data-id=\"d86a391\" data-element_type=\"column\" data-e-type=\"column\">\n\t\t\t<div class=\"elementor-widget-wrap elementor-element-populated\">\n\t\t\t\t\t\t<div class=\"elementor-element elementor-element-009806a elementor-widget elementor-widget-text-editor\" data-id=\"009806a\" data-element_type=\"widget\" data-e-type=\"widget\" data-widget_type=\"text-editor.default\">\n\t\t\t\t<div class=\"elementor-widget-container\">\n\t\t\t\t\t\t\t\t\t<h1>Optimera f\u00f6rs\u00e4ljningshanteringen<\/h1><h2>Hur f\u00f6rb\u00e4ttrar du din marginal genom optimerad f\u00f6rs\u00e4ljningsledning?<\/h2><p>F\u00f6r att uppn\u00e5 b\u00e4sta m\u00f6jliga resultat inom f\u00f6rs\u00e4ljning beh\u00f6ver s\u00e4ljstyrning en realtids\u00f6versikt \u00f6ver lager, f\u00f6rs\u00e4ljning, f\u00f6r- och eftermarknadsprocesser. Med Autorola Fleet Monitor samordnar du inte bara f\u00f6rs\u00e4ljningsf\u00f6rberedelser, utan kontrollerar ocks\u00e5 olika f\u00f6rs\u00e4ljningskanaler som B2C-marknadsplatser, B2B-auktionsremarketing eller f\u00f6rs\u00e4ljning till anslutna handelspartners. Fleet Monitor styr alla moment centralt. Det inneb\u00e4r att alla aktiviteter hanteras fr\u00e5n ett enda gr\u00e4nssnitt.<\/p><p>Med Fleet Monitor-plattformen kan du f\u00f6rb\u00e4ttra din marginal genom optimerad f\u00f6rs\u00e4ljningshantering och fatta v\u00e4lgrundade beslut om priss\u00e4ttning, lagerhantering och f\u00f6rs\u00e4ljningsstrategier och fokusera p\u00e5 att driva din f\u00f6rs\u00e4ljning p\u00e5 ett s\u00e5 effektivt och l\u00f6nsamt s\u00e4tt som m\u00f6jligt:<\/p><ol><li><strong>Effektivisera dina f\u00f6rs\u00e4ljningsprocesser:<\/strong> Se till att dina f\u00f6rs\u00e4ljningsprocesser \u00e4r effektiva och \u00e4ndam\u00e5lsenliga och att det inte finns n\u00e5gra flaskhalsar eller on\u00f6diga steg. Detta kan bidra till att minska kostnaderna och f\u00f6rb\u00e4ttra kundn\u00f6jdheten.<\/li><li><strong>Optimera priss\u00e4ttningen:<\/strong> Anv\u00e4nd dynamiska priss\u00e4ttningsstrategier f\u00f6r att justera priserna i realtid baserat p\u00e5 utbud och efterfr\u00e5gan. Detta kan hj\u00e4lpa dig att maximera int\u00e4kter och vinstmarginaler.<\/li><li><strong>Fokusera p\u00e5 att beh\u00e5lla kunderna:<\/strong> Fokusera p\u00e5 att bygga starka relationer med dina kunder genom att ge utm\u00e4rkt kundservice och erbjuda personliga upplevelser.<\/li><li><strong>Utnyttja teknik:<\/strong> Anv\u00e4nd teknik och dataanalys f\u00f6r att f\u00f6rb\u00e4ttra din f\u00f6rs\u00e4ljningshantering. Detta kan hj\u00e4lpa dig att identifiera m\u00f6jligheter till tillv\u00e4xt och optimera dina f\u00f6rs\u00e4ljningsstrategier.<\/li><li><strong>\u00d6vervaka ditt lager:<\/strong> H\u00e5ll koll p\u00e5 dina lagerniv\u00e5er i realtid f\u00f6r att s\u00e4kerst\u00e4lla att du har tillr\u00e4ckligt med lager f\u00f6r att m\u00f6ta efterfr\u00e5gan, men inte s\u00e5 mycket att du \u00e5drar dig on\u00f6diga innehavskostnader. Detta kan hj\u00e4lpa dig att optimera din lagerhantering och f\u00f6rb\u00e4ttra dina marginaler.<\/li><\/ol><p>Genom att implementera dessa strategier och anv\u00e4nda verktyg som Fleet Monitor kan du f\u00f6rb\u00e4ttra din f\u00f6rs\u00e4ljningshantering och \u00f6ka dina marginaler \u00f6ver tid.<\/p>\t\t\t\t\t\t\t\t<\/div>\n\t\t\t\t<\/div>\n\t\t\t\t\t<\/div>\n\t\t<\/div>\n\t\t\t\t\t<\/div>\n\t\t<\/section>\n\t\t\t\t<section class=\"elementor-section elementor-top-section elementor-element elementor-element-89a054f elementor-section-full_width elementor-section-height-default elementor-section-height-default\" data-id=\"89a054f\" data-element_type=\"section\" data-e-type=\"section\" data-settings=\"{&quot;background_background&quot;:&quot;classic&quot;}\">\n\t\t\t\t\t\t<div class=\"elementor-container elementor-column-gap-default\">\n\t\t\t\t\t<div class=\"elementor-column elementor-col-50 elementor-top-column elementor-element elementor-element-b1378aa\" data-id=\"b1378aa\" data-element_type=\"column\" data-e-type=\"column\">\n\t\t\t<div class=\"elementor-widget-wrap elementor-element-populated\">\n\t\t\t\t\t\t<div class=\"elementor-element elementor-element-7067509 elementor-widget elementor-widget-html\" data-id=\"7067509\" data-element_type=\"widget\" data-e-type=\"widget\" data-widget_type=\"html.default\">\n\t\t\t\t<div class=\"elementor-widget-container\">\n\t\t\t\t\t<?xml version=\"1.0\" encoding=\"utf-8\"?>\n<!-- Generator: Adobe Illustrator 25.3.1, SVG Export Plug-In . SVG Version: 6.00 Build 0)  -->\n<svg class=\"kaeseecke\" version=\"1.1\" id=\"Ebene_2_1_\" xmlns=\"http:\/\/www.w3.org\/2000\/svg\" xmlns:xlink=\"http:\/\/www.w3.org\/1999\/xlink\" x=\"0px\" y=\"0px\"\n\t viewBox=\"0 0 960 960\" style=\"enable-background:new 0 0 960 960;\" xml:space=\"preserve\">\n<style type=\"text\/css\">\n\t.st0{fill:#9E9E9E;}\n<\/style>\n<polygon class=\"A st0\" points=\"209.4,778.6 445.3,492.9 80,431.6 \"\/>\n<g class=\"F\" id=\"Banken\">\n\t<defs>\n\t\t<polygon id=\"Banken_1_\" points=\"356.7,96.4 486.1,443.4 722,157.8 \t\t\"\/>\n\t<\/defs>\n\t<clipPath id=\"Banken_2_\">\n\t\t<use xlink:href=\"#Banken_1_\"  style=\"overflow:visible;\"\/>\n\t<\/clipPath>\n\t<g transform=\"matrix(1 0 0 1 1.525879e-05 0)\" style=\"clip-path:url(#Banken_2_);\">\n\t\t\n\t\t\t<image class=\"kaeseimage\" style=\"overflow:visible;\" width=\"1264\" height=\"843\" xlink:href=\"\/wp-content\/uploads\/2021\/09\/money-blau.png\"  transform=\"matrix(0.5459 0 0 0.5459 215 27.589)\">\n\t\t<\/image>\n\t<\/g>\n<\/g>\n<g class=\"C\" id=\"Haendler\">\n\t<defs>\n\t\t<polygon id=\"Haendler_1_\" points=\"514.7,467.1 880,528.4 750.6,181.4 \t\t\"\/>\n\t<\/defs>\n\t<clipPath id=\"Haendler_2_\">\n\t\t<use xlink:href=\"#Haendler_1_\"  style=\"overflow:visible;\"\/>\n\t<\/clipPath>\n\t<g transform=\"matrix(1 0 0 1 0 0)\" style=\"clip-path:url(#Haendler_2_);\">\n\t\t\n\t\t\t<image class=\"kaeseimage\" style=\"overflow:visible;\" width=\"2000\" height=\"953\" xlink:href=\"\/wp-content\/uploads\/2021\/09\/Shaking-hands-blau.png\"  transform=\"matrix(0.395 0 0 0.395 200.3094 156.043)\">\n\t\t<\/image>\n\t<\/g>\n<\/g>\n<g class=\"D\" id=\"Hersteller\">\n\t<defs>\n\t\t<polygon id=\"Hersteller_1_\" points=\"322,109.4 86.1,395 451.4,456.4 \t\t\"\/>\n\t<\/defs>\n\t<clipPath id=\"Hersteller_2_\">\n\t\t<use xlink:href=\"#Hersteller_1_\"  style=\"overflow:visible;\"\/>\n\t<\/clipPath>\n\t<g style=\"clip-path:url(#Hersteller_2_);\">\n\t\t\n\t\t\t<image class=\"kaeseimage\" style=\"overflow:visible;\" width=\"1070\" height=\"714\" xlink:href=\"\/wp-content\/uploads\/2021\/09\/Fahrzeugbau-blau.png\"  transform=\"matrix(0.5701 0 0 0.5701 32.1523 72.9533)\">\n\t\t<\/image>\n\t<\/g>\n<\/g>\n<g class=\"B\" id=\"Leasing\">\n\t<defs>\n\t\t<polygon id=\"Leasing_2_\" points=\"638,850.6 873.9,565 508.6,503.6 \t\t\"\/>\n\t<\/defs>\n\t<clipPath id=\"Leasing_1_\">\n\t\t<use xlink:href=\"#Leasing_2_\"  style=\"overflow:visible;\"\/>\n\t<\/clipPath>\n\t<g transform=\"matrix(1 2.980232e-08 -2.980232e-08 1 0 0)\" style=\"clip-path:url(#Leasing_1_);\">\n\t\t\n\t\t\t<image class=\"kaeseimage\" style=\"overflow:visible;\" width=\"1270\" height=\"714\" xlink:href=\"\/wp-content\/uploads\/2021\/09\/Parkplatz-blau.png\"  transform=\"matrix(0.9072 0.2335 -0.2335 0.9072 295.6266 390.6233)\">\n\t\t<\/image>\n\t<\/g>\n<\/g>\n<g class=\"E\" id=\"Logistikanbieter\">\n\t<defs>\n\t\t<polygon id=\"Logistikanbieter_1_\" points=\"473.9,516.6 238,802.2 603.3,863.6 \t\t\"\/>\n\t<\/defs>\n\t<clipPath id=\"Logistikanbieter_2_\">\n\t\t<use xlink:href=\"#Logistikanbieter_1_\"  style=\"overflow:visible;\"\/>\n\t<\/clipPath>\n\t<g transform=\"matrix(1 0 0 1 0 1.525879e-05)\" style=\"clip-path:url(#Logistikanbieter_2_);\">\n\t\t\n\t\t\t<image class=\"kaeseimage\" style=\"overflow:visible;\" width=\"1072\" height=\"714\" xlink:href=\"\/wp-content\/uploads\/2021\/09\/street-blau.png\"  transform=\"matrix(1.0858 0 0 1.0858 -295.8258 244.9563)\">\n\t\t<\/image>\n\t<\/g>\n<\/g>\n<\/svg>\n\t\t\t\t<\/div>\n\t\t\t\t<\/div>\n\t\t\t\t\t<\/div>\n\t\t<\/div>\n\t\t\t\t<div class=\"elementor-column elementor-col-50 elementor-top-column elementor-element elementor-element-5843033\" data-id=\"5843033\" data-element_type=\"column\" data-e-type=\"column\">\n\t\t\t<div class=\"elementor-widget-wrap elementor-element-populated\">\n\t\t\t\t\t\t<div class=\"elementor-element elementor-element-ba57a52 elementor-widget elementor-widget-text-editor\" data-id=\"ba57a52\" data-element_type=\"widget\" data-e-type=\"widget\" data-widget_type=\"text-editor.default\">\n\t\t\t\t<div class=\"elementor-widget-container\">\n\t\t\t\t\t\t\t\t\t<h3>DINA F\u00d6RDELAR<\/h3>\t\t\t\t\t\t\t\t<\/div>\n\t\t\t\t<\/div>\n\t\t\t\t<div class=\"elementor-element elementor-element-f4c9b42 sub-solutions elementor-list-item-link-inline elementor-icon-list--layout-traditional elementor-widget elementor-widget-icon-list\" data-id=\"f4c9b42\" data-element_type=\"widget\" data-e-type=\"widget\" data-widget_type=\"icon-list.default\">\n\t\t\t\t<div class=\"elementor-widget-container\">\n\t\t\t\t\t\t\t<ul class=\"elementor-icon-list-items\">\n\t\t\t\t\t\t\t<li class=\"elementor-icon-list-item\">\n\t\t\t\t\t\t\t\t\t\t\t<a href=\"https:\/\/stage.autorolasolutions.com\/sv\/losningar\/utmaning\/minska-stillestandstider\/\" class=\"B C D F\">\n\n\t\t\t\t\t\t\t\t\t\t\t<span class=\"elementor-icon-list-text\">Minska stillest\u00e5ndstider<\/span>\n\t\t\t\t\t\t\t\t\t\t\t<\/a>\n\t\t\t\t\t\t\t\t\t<\/li>\n\t\t\t\t\t\t\t\t<li class=\"elementor-icon-list-item\">\n\t\t\t\t\t\t\t\t\t\t\t<a href=\"https:\/\/stage.autorolasolutions.com\/sv\/losningar\/utmaning\/optimera-processer\/\" class=\"B C D E F\">\n\n\t\t\t\t\t\t\t\t\t\t\t<span class=\"elementor-icon-list-text\">Optimera processer<\/span>\n\t\t\t\t\t\t\t\t\t\t\t<\/a>\n\t\t\t\t\t\t\t\t\t<\/li>\n\t\t\t\t\t\t\t\t<li class=\"elementor-icon-list-item\">\n\t\t\t\t\t\t\t\t\t\t\t<a href=\"https:\/\/stage.autorolasolutions.com\/sv\/losningar\/utmaning\/digitalisera-systemlandskapet\/\" class=\"C D E\">\n\n\t\t\t\t\t\t\t\t\t\t\t<span class=\"elementor-icon-list-text\">Digitalisera systemlandskapet<\/span>\n\t\t\t\t\t\t\t\t\t\t\t<\/a>\n\t\t\t\t\t\t\t\t\t<\/li>\n\t\t\t\t\t\t\t\t<li class=\"elementor-icon-list-item\">\n\t\t\t\t\t\t\t\t\t\t\t<a href=\"https:\/\/stage.autorolasolutions.com\/sv\/losningar\/utmaning\/optimera-forsaljningshanteringen\/\" class=\"B C D E F\">\n\n\t\t\t\t\t\t\t\t\t\t\t<span class=\"elementor-icon-list-text\">Optimera f\u00f6rs\u00e4ljningshanteringen<\/span>\n\t\t\t\t\t\t\t\t\t\t\t<\/a>\n\t\t\t\t\t\t\t\t\t<\/li>\n\t\t\t\t\t\t\t\t<li class=\"elementor-icon-list-item\">\n\t\t\t\t\t\t\t\t\t\t\t<a href=\"https:\/\/stage.autorolasolutions.com\/sv\/losningar\/utmaning\/kontrollera-tjansteleverantorer\/\" class=\"C D E\">\n\n\t\t\t\t\t\t\t\t\t\t\t<span class=\"elementor-icon-list-text\">Kontrollera tj\u00e4nsteleverant\u00f6rer<\/span>\n\t\t\t\t\t\t\t\t\t\t\t<\/a>\n\t\t\t\t\t\t\t\t\t<\/li>\n\t\t\t\t\t\t\t\t<li class=\"elementor-icon-list-item\">\n\t\t\t\t\t\t\t\t\t\t\t<a href=\"https:\/\/stage.autorolasolutions.com\/sv\/losningar\/utmaning\/reducera-kostnader\/\" class=\"B C D E F\">\n\n\t\t\t\t\t\t\t\t\t\t\t<span class=\"elementor-icon-list-text\">Reducera kostnader<\/span>\n\t\t\t\t\t\t\t\t\t\t\t<\/a>\n\t\t\t\t\t\t\t\t\t<\/li>\n\t\t\t\t\t\t\t\t<li class=\"elementor-icon-list-item\">\n\t\t\t\t\t\t\t\t\t\t\t<a href=\"https:\/\/stage.autorolasolutions.com\/sv\/losningar\/utmaning\/uppratta-revisionsacceptans\/\">\n\n\t\t\t\t\t\t\t\t\t\t\t<span class=\"elementor-icon-list-text\">Uppr\u00e4tta revisionsacceptans<\/span>\n\t\t\t\t\t\t\t\t\t\t\t<\/a>\n\t\t\t\t\t\t\t\t\t<\/li>\n\t\t\t\t\t\t<\/ul>\n\t\t\t\t\t\t<\/div>\n\t\t\t\t<\/div>\n\t\t\t\t<div class=\"elementor-element elementor-element-913e9fb elementor-widget elementor-widget-button\" data-id=\"913e9fb\" data-element_type=\"widget\" data-e-type=\"widget\" data-widget_type=\"button.default\">\n\t\t\t\t<div class=\"elementor-widget-container\">\n\t\t\t\t\t\t\t\t\t<div class=\"elementor-button-wrapper\">\n\t\t\t\t\t<a class=\"elementor-button elementor-button-link elementor-size-sm elementor-animation-grow\" href=\"https:\/\/stage.autorolasolutions.com\/sv\/kontakt\/\">\n\t\t\t\t\t\t<span class=\"elementor-button-content-wrapper\">\n\t\t\t\t\t\t<span class=\"elementor-button-icon\">\n\t\t\t\t<i aria-hidden=\"true\" class=\"fas fa-arrow-right\"><\/i>\t\t\t<\/span>\n\t\t\t\t\t\t\t\t\t<span class=\"elementor-button-text\">Kontakta oss<\/span>\n\t\t\t\t\t<\/span>\n\t\t\t\t\t<\/a>\n\t\t\t\t<\/div>\n\t\t\t\t\t\t\t\t<\/div>\n\t\t\t\t<\/div>\n\t\t\t\t\t<\/div>\n\t\t<\/div>\n\t\t\t\t\t<\/div>\n\t\t<\/section>\n\t\t\t\t<\/div>\n\t\t","protected":false},"excerpt":{"rendered":"<p>Optimera f\u00f6rs\u00e4ljningshanteringen Hur f\u00f6rb\u00e4ttrar du din marginal genom optimerad f\u00f6rs\u00e4ljningsledning? F\u00f6r att uppn\u00e5 b\u00e4sta m\u00f6jliga resultat inom f\u00f6rs\u00e4ljning beh\u00f6ver s\u00e4ljstyrning en realtids\u00f6versikt \u00f6ver lager, f\u00f6rs\u00e4ljning, f\u00f6r- och eftermarknadsprocesser. Med Autorola Fleet Monitor samordnar du inte bara f\u00f6rs\u00e4ljningsf\u00f6rberedelser, utan kontrollerar ocks\u00e5 olika f\u00f6rs\u00e4ljningskanaler som B2C-marknadsplatser, B2B-auktionsremarketing eller f\u00f6rs\u00e4ljning till anslutna handelspartners. Fleet Monitor styr alla moment [&hellip;]<\/p>\n","protected":false},"author":2,"featured_media":0,"parent":6142,"menu_order":4,"comment_status":"closed","ping_status":"open","template":"","meta":{"_acf_changed":false,"inline_featured_image":false,"site-sidebar-layout":"no-sidebar","site-content-layout":"default","ast-site-content-layout":"default","site-content-style":"default","site-sidebar-style":"default","ast-global-header-display":"","ast-banner-title-visibility":"","ast-main-header-display":"","ast-hfb-above-header-display":"","ast-hfb-below-header-display":"","ast-hfb-mobile-header-display":"","site-post-title":"disabled","ast-breadcrumbs-content":"","ast-featured-img":"disabled","footer-sml-layout":"","theme-transparent-header-meta":"default","adv-header-id-meta":"","stick-header-meta":"default","header-above-stick-meta":"","header-main-stick-meta":"","header-below-stick-meta":"","astra-migrate-meta-layouts":"default","ast-page-background-enabled":"default","ast-page-background-meta":{"desktop":{"background-color":"","background-image":"","background-repeat":"repeat","background-position":"center center","background-size":"auto","background-attachment":"scroll","background-type":"","background-media":"","overlay-type":"","overlay-color":"","overlay-opacity":"","overlay-gradient":""},"tablet":{"background-color":"","background-image":"","background-repeat":"repeat","background-position":"center center","background-size":"auto","background-attachment":"scroll","background-type":"","background-media":"","overlay-type":"","overlay-color":"","overlay-opacity":"","overlay-gradient":""},"mobile":{"background-color":"","background-image":"","background-repeat":"repeat","background-position":"center center","background-size":"auto","background-attachment":"scroll","background-type":"","background-media":"","overlay-type":"","overlay-color":"","overlay-opacity":"","overlay-gradient":""}},"ast-content-background-meta":{"desktop":{"background-color":"var(--ast-global-color-5)","background-image":"","background-repeat":"repeat","background-position":"center center","background-size":"auto","background-attachment":"scroll","background-type":"","background-media":"","overlay-type":"","overlay-color":"","overlay-opacity":"","overlay-gradient":""},"tablet":{"background-color":"var(--ast-global-color-5)","background-image":"","background-repeat":"repeat","background-position":"center center","background-size":"auto","background-attachment":"scroll","background-type":"","background-media":"","overlay-type":"","overlay-color":"","overlay-opacity":"","overlay-gradient":""},"mobile":{"background-color":"var(--ast-global-color-5)","background-image":"","background-repeat":"repeat","background-position":"center center","background-size":"auto","background-attachment":"scroll","background-type":"","background-media":"","overlay-type":"","overlay-color":"","overlay-opacity":"","overlay-gradient":""}},"footnotes":""},"class_list":["post-6166","page","type-page","status-publish","hentry"],"acf":[],"yoast_head":"<!-- This site is optimized with the Yoast SEO plugin v27.0 - https:\/\/yoast.com\/product\/yoast-seo-wordpress\/ -->\n<title>Optimera f\u00f6rs\u00e4ljningshanteringen | F\u00f6rb\u00e4ttring av fordonsindustrin<\/title>\n<meta name=\"description\" content=\"F\u00f6rb\u00e4ttra din f\u00f6rs\u00e4ljningshantering och optimera processer med v\u00e5r l\u00f6sning. F\u00f6rb\u00e4ttra kundupplevelsen och \u00f6ka f\u00f6rs\u00e4ljningen.\" \/>\n<meta name=\"robots\" content=\"index, follow, max-snippet:-1, max-image-preview:large, max-video-preview:-1\" \/>\n<link rel=\"canonical\" href=\"https:\/\/stage.autorolasolutions.com\/solutions\/business-values\/optimize-sales-management\/\" \/>\n<meta property=\"og:locale\" content=\"sv_SE\" \/>\n<meta property=\"og:type\" content=\"article\" \/>\n<meta property=\"og:title\" content=\"Optimera f\u00f6rs\u00e4ljningshanteringen | F\u00f6rb\u00e4ttring av fordonsindustrin\" \/>\n<meta property=\"og:description\" content=\"F\u00f6rb\u00e4ttra din f\u00f6rs\u00e4ljningshantering och optimera processer med v\u00e5r l\u00f6sning. F\u00f6rb\u00e4ttra kundupplevelsen och \u00f6ka f\u00f6rs\u00e4ljningen.\" \/>\n<meta property=\"og:url\" content=\"https:\/\/stage.autorolasolutions.com\/solutions\/business-values\/optimize-sales-management\/\" \/>\n<meta property=\"og:site_name\" content=\"Autorola Solutions\" \/>\n<meta property=\"article:modified_time\" content=\"2025-02-04T13:22:21+00:00\" \/>\n<meta name=\"twitter:card\" content=\"summary_large_image\" \/>\n<meta name=\"twitter:label1\" content=\"Ber\u00e4knad l\u00e4stid\" \/>\n\t<meta name=\"twitter:data1\" content=\"2 minuter\" \/>\n<script type=\"application\/ld+json\" class=\"yoast-schema-graph\">{\"@context\":\"https:\/\/schema.org\",\"@graph\":[{\"@type\":\"WebPage\",\"@id\":\"https:\/\/stage.autorolasolutions.com\/solutions\/business-values\/optimize-sales-management\/\",\"url\":\"https:\/\/stage.autorolasolutions.com\/solutions\/business-values\/optimize-sales-management\/\",\"name\":\"Optimera f\u00f6rs\u00e4ljningshanteringen | F\u00f6rb\u00e4ttring av fordonsindustrin\",\"isPartOf\":{\"@id\":\"https:\/\/stage.autorolasolutions.com\/#website\"},\"datePublished\":\"2021-11-09T11:35:35+00:00\",\"dateModified\":\"2025-02-04T13:22:21+00:00\",\"description\":\"F\u00f6rb\u00e4ttra din f\u00f6rs\u00e4ljningshantering och optimera processer med v\u00e5r l\u00f6sning. F\u00f6rb\u00e4ttra kundupplevelsen och \u00f6ka f\u00f6rs\u00e4ljningen.\",\"breadcrumb\":{\"@id\":\"https:\/\/stage.autorolasolutions.com\/solutions\/business-values\/optimize-sales-management\/#breadcrumb\"},\"inLanguage\":\"sv-SE\",\"potentialAction\":[{\"@type\":\"ReadAction\",\"target\":[\"https:\/\/stage.autorolasolutions.com\/solutions\/business-values\/optimize-sales-management\/\"]}]},{\"@type\":\"BreadcrumbList\",\"@id\":\"https:\/\/stage.autorolasolutions.com\/solutions\/business-values\/optimize-sales-management\/#breadcrumb\",\"itemListElement\":[{\"@type\":\"ListItem\",\"position\":1,\"name\":\"Home\",\"item\":\"https:\/\/stage.autorolasolutions.com\/\"},{\"@type\":\"ListItem\",\"position\":2,\"name\":\"L\u00f6sningar\",\"item\":\"https:\/\/stage.autorolasolutions.com\/solutions\/\"},{\"@type\":\"ListItem\",\"position\":3,\"name\":\"Utmaning\",\"item\":\"https:\/\/stage.autorolasolutions.com\/solutions\/business-values\/\"},{\"@type\":\"ListItem\",\"position\":4,\"name\":\"Optimera f\u00f6rs\u00e4ljningshanteringen\"}]},{\"@type\":\"WebSite\",\"@id\":\"https:\/\/stage.autorolasolutions.com\/#website\",\"url\":\"https:\/\/stage.autorolasolutions.com\/\",\"name\":\"Autorola Solutions\",\"description\":\"\",\"publisher\":{\"@id\":\"https:\/\/stage.autorolasolutions.com\/#organization\"},\"potentialAction\":[{\"@type\":\"SearchAction\",\"target\":{\"@type\":\"EntryPoint\",\"urlTemplate\":\"https:\/\/stage.autorolasolutions.com\/?s={search_term_string}\"},\"query-input\":{\"@type\":\"PropertyValueSpecification\",\"valueRequired\":true,\"valueName\":\"search_term_string\"}}],\"inLanguage\":\"sv-SE\"},{\"@type\":\"Organization\",\"@id\":\"https:\/\/stage.autorolasolutions.com\/#organization\",\"name\":\"Autorola Solutions\",\"url\":\"https:\/\/stage.autorolasolutions.com\/\",\"logo\":{\"@type\":\"ImageObject\",\"inLanguage\":\"sv-SE\",\"@id\":\"https:\/\/stage.autorolasolutions.com\/#\/schema\/logo\/image\/\",\"url\":\"https:\/\/stage.autorolasolutions.com\/wp-content\/uploads\/2025\/01\/Autorola_Solutions_Logo_Left_Screen_RGB.svg\",\"contentUrl\":\"https:\/\/stage.autorolasolutions.com\/wp-content\/uploads\/2025\/01\/Autorola_Solutions_Logo_Left_Screen_RGB.svg\",\"width\":143,\"height\":44,\"caption\":\"Autorola Solutions\"},\"image\":{\"@id\":\"https:\/\/stage.autorolasolutions.com\/#\/schema\/logo\/image\/\"},\"sameAs\":[\"https:\/\/www.linkedin.com\/company\/autorolasolutions\/\"]}]}<\/script>\n<!-- \/ Yoast SEO plugin. -->","yoast_head_json":{"title":"Optimera f\u00f6rs\u00e4ljningshanteringen | F\u00f6rb\u00e4ttring av fordonsindustrin","description":"F\u00f6rb\u00e4ttra din f\u00f6rs\u00e4ljningshantering och optimera processer med v\u00e5r l\u00f6sning. F\u00f6rb\u00e4ttra kundupplevelsen och \u00f6ka f\u00f6rs\u00e4ljningen.","robots":{"index":"index","follow":"follow","max-snippet":"max-snippet:-1","max-image-preview":"max-image-preview:large","max-video-preview":"max-video-preview:-1"},"canonical":"https:\/\/stage.autorolasolutions.com\/solutions\/business-values\/optimize-sales-management\/","og_locale":"sv_SE","og_type":"article","og_title":"Optimera f\u00f6rs\u00e4ljningshanteringen | F\u00f6rb\u00e4ttring av fordonsindustrin","og_description":"F\u00f6rb\u00e4ttra din f\u00f6rs\u00e4ljningshantering och optimera processer med v\u00e5r l\u00f6sning. F\u00f6rb\u00e4ttra kundupplevelsen och \u00f6ka f\u00f6rs\u00e4ljningen.","og_url":"https:\/\/stage.autorolasolutions.com\/solutions\/business-values\/optimize-sales-management\/","og_site_name":"Autorola Solutions","article_modified_time":"2025-02-04T13:22:21+00:00","twitter_card":"summary_large_image","twitter_misc":{"Ber\u00e4knad l\u00e4stid":"2 minuter"},"schema":{"@context":"https:\/\/schema.org","@graph":[{"@type":"WebPage","@id":"https:\/\/stage.autorolasolutions.com\/solutions\/business-values\/optimize-sales-management\/","url":"https:\/\/stage.autorolasolutions.com\/solutions\/business-values\/optimize-sales-management\/","name":"Optimera f\u00f6rs\u00e4ljningshanteringen | F\u00f6rb\u00e4ttring av fordonsindustrin","isPartOf":{"@id":"https:\/\/stage.autorolasolutions.com\/#website"},"datePublished":"2021-11-09T11:35:35+00:00","dateModified":"2025-02-04T13:22:21+00:00","description":"F\u00f6rb\u00e4ttra din f\u00f6rs\u00e4ljningshantering och optimera processer med v\u00e5r l\u00f6sning. F\u00f6rb\u00e4ttra kundupplevelsen och \u00f6ka f\u00f6rs\u00e4ljningen.","breadcrumb":{"@id":"https:\/\/stage.autorolasolutions.com\/solutions\/business-values\/optimize-sales-management\/#breadcrumb"},"inLanguage":"sv-SE","potentialAction":[{"@type":"ReadAction","target":["https:\/\/stage.autorolasolutions.com\/solutions\/business-values\/optimize-sales-management\/"]}]},{"@type":"BreadcrumbList","@id":"https:\/\/stage.autorolasolutions.com\/solutions\/business-values\/optimize-sales-management\/#breadcrumb","itemListElement":[{"@type":"ListItem","position":1,"name":"Home","item":"https:\/\/stage.autorolasolutions.com\/"},{"@type":"ListItem","position":2,"name":"L\u00f6sningar","item":"https:\/\/stage.autorolasolutions.com\/solutions\/"},{"@type":"ListItem","position":3,"name":"Utmaning","item":"https:\/\/stage.autorolasolutions.com\/solutions\/business-values\/"},{"@type":"ListItem","position":4,"name":"Optimera f\u00f6rs\u00e4ljningshanteringen"}]},{"@type":"WebSite","@id":"https:\/\/stage.autorolasolutions.com\/#website","url":"https:\/\/stage.autorolasolutions.com\/","name":"Autorola Solutions","description":"","publisher":{"@id":"https:\/\/stage.autorolasolutions.com\/#organization"},"potentialAction":[{"@type":"SearchAction","target":{"@type":"EntryPoint","urlTemplate":"https:\/\/stage.autorolasolutions.com\/?s={search_term_string}"},"query-input":{"@type":"PropertyValueSpecification","valueRequired":true,"valueName":"search_term_string"}}],"inLanguage":"sv-SE"},{"@type":"Organization","@id":"https:\/\/stage.autorolasolutions.com\/#organization","name":"Autorola Solutions","url":"https:\/\/stage.autorolasolutions.com\/","logo":{"@type":"ImageObject","inLanguage":"sv-SE","@id":"https:\/\/stage.autorolasolutions.com\/#\/schema\/logo\/image\/","url":"https:\/\/stage.autorolasolutions.com\/wp-content\/uploads\/2025\/01\/Autorola_Solutions_Logo_Left_Screen_RGB.svg","contentUrl":"https:\/\/stage.autorolasolutions.com\/wp-content\/uploads\/2025\/01\/Autorola_Solutions_Logo_Left_Screen_RGB.svg","width":143,"height":44,"caption":"Autorola Solutions"},"image":{"@id":"https:\/\/stage.autorolasolutions.com\/#\/schema\/logo\/image\/"},"sameAs":["https:\/\/www.linkedin.com\/company\/autorolasolutions\/"]}]}},"_links":{"self":[{"href":"https:\/\/stage.autorolasolutions.com\/sv\/wp-json\/wp\/v2\/pages\/6166","targetHints":{"allow":["GET"]}}],"collection":[{"href":"https:\/\/stage.autorolasolutions.com\/sv\/wp-json\/wp\/v2\/pages"}],"about":[{"href":"https:\/\/stage.autorolasolutions.com\/sv\/wp-json\/wp\/v2\/types\/page"}],"author":[{"embeddable":true,"href":"https:\/\/stage.autorolasolutions.com\/sv\/wp-json\/wp\/v2\/users\/2"}],"replies":[{"embeddable":true,"href":"https:\/\/stage.autorolasolutions.com\/sv\/wp-json\/wp\/v2\/comments?post=6166"}],"version-history":[{"count":13,"href":"https:\/\/stage.autorolasolutions.com\/sv\/wp-json\/wp\/v2\/pages\/6166\/revisions"}],"predecessor-version":[{"id":55757,"href":"https:\/\/stage.autorolasolutions.com\/sv\/wp-json\/wp\/v2\/pages\/6166\/revisions\/55757"}],"up":[{"embeddable":true,"href":"https:\/\/stage.autorolasolutions.com\/sv\/wp-json\/wp\/v2\/pages\/6142"}],"wp:attachment":[{"href":"https:\/\/stage.autorolasolutions.com\/sv\/wp-json\/wp\/v2\/media?parent=6166"}],"curies":[{"name":"wp","href":"https:\/\/api.w.org\/{rel}","templated":true}]}}