{"id":29963,"date":"2024-08-14T15:01:38","date_gmt":"2024-08-14T13:01:38","guid":{"rendered":"https:\/\/stage.autorolasolutions.com\/?page_id=29963"},"modified":"2025-02-05T12:55:38","modified_gmt":"2025-02-05T11:55:38","slug":"solucao-etomas","status":"publish","type":"page","link":"https:\/\/stage.autorolasolutions.com\/pt-pt\/ecossistema-digital\/produtos\/solucao-etomas\/","title":{"rendered":"Solu\u00e7\u00e3o Retomas"},"content":{"rendered":"\t\t<div data-elementor-type=\"wp-page\" data-elementor-id=\"29963\" class=\"elementor elementor-29963\" data-elementor-post-type=\"page\">\n\t\t\t\t\t\t<section class=\"elementor-section elementor-top-section elementor-element elementor-element-0baf808 elementor-section-boxed elementor-section-height-default elementor-section-height-default\" data-id=\"0baf808\" data-element_type=\"section\" data-e-type=\"section\">\n\t\t\t\t\t\t<div class=\"elementor-container elementor-column-gap-default\">\n\t\t\t\t\t<div class=\"elementor-column elementor-col-50 elementor-top-column elementor-element elementor-element-b50feb3\" data-id=\"b50feb3\" data-element_type=\"column\" data-e-type=\"column\">\n\t\t\t<div class=\"elementor-widget-wrap elementor-element-populated\">\n\t\t\t\t\t\t<div class=\"elementor-element elementor-element-9249e45 elementor-widget elementor-widget-text-editor\" data-id=\"9249e45\" data-element_type=\"widget\" data-e-type=\"widget\" data-widget_type=\"text-editor.default\">\n\t\t\t\t<div class=\"elementor-widget-container\">\n\t\t\t\t\t\t\t\t\t<h1>A nossa solu\u00e7\u00e3o Retomas<\/h1><p>A solu\u00e7\u00e3o Retomas da Autorola foi concebida para o ajudar a fornecer aos seus clientes uma forma eficiente e sem problemas de trocar os seus ve\u00edculos actuais. Em apenas 4 passos, pode optimizar o seu processo de troca:<\/p><ol><li>Inspeccione facilmente qualquer ve\u00edculo com o Inspection Helper<\/li><li>Optimize a sua estrat\u00e9gia de vendas com avalia\u00e7\u00f5es de mercado em tempo real<\/li><li>Comunique a sua avalia\u00e7\u00e3o e acompanhe o processo<\/li><li>Gira todo o processo de uma retoma em 30 minutos<\/li><\/ol><p>Esta \u00e9 uma forma simples e econ\u00f3mica de trocar um ve\u00edculo antigo por um novo, com a garantia adicional de contar com inspec\u00e7\u00f5es profissionais e um processo transparente. Isto assegura que os clientes recebem uma avalia\u00e7\u00e3o justa e exacta pela sua retoma, tornando a transac\u00e7\u00e3o f\u00e1cil e fi\u00e1vel.<\/p><p>De um modo geral, \u00e9 uma abordagem que poupa tempo e \u00e9 conveniente para as retomas de ve\u00edculos, proporcionando valor e satisfa\u00e7\u00e3o aos seus clientes.<\/p>\t\t\t\t\t\t\t\t<\/div>\n\t\t\t\t<\/div>\n\t\t\t\t<div class=\"elementor-element elementor-element-89612e1 elementor-align-center elementor-widget elementor-widget-button\" data-id=\"89612e1\" data-element_type=\"widget\" data-e-type=\"widget\" data-widget_type=\"button.default\">\n\t\t\t\t<div class=\"elementor-widget-container\">\n\t\t\t\t\t\t\t\t\t<div class=\"elementor-button-wrapper\">\n\t\t\t\t\t<a class=\"elementor-button elementor-button-link elementor-size-sm elementor-animation-grow\" href=\"https:\/\/stage.autorolasolutions.com\/pt-pt\/contactos\/\">\n\t\t\t\t\t\t<span class=\"elementor-button-content-wrapper\">\n\t\t\t\t\t\t<span class=\"elementor-button-icon\">\n\t\t\t\t<i aria-hidden=\"true\" class=\"fas fa-arrow-right\"><\/i>\t\t\t<\/span>\n\t\t\t\t\t\t\t\t\t<span class=\"elementor-button-text\">Contacte-nos<\/span>\n\t\t\t\t\t<\/span>\n\t\t\t\t\t<\/a>\n\t\t\t\t<\/div>\n\t\t\t\t\t\t\t\t<\/div>\n\t\t\t\t<\/div>\n\t\t\t\t\t<\/div>\n\t\t<\/div>\n\t\t\t\t<div class=\"elementor-column elementor-col-50 elementor-top-column elementor-element elementor-element-0876ab0\" data-id=\"0876ab0\" data-element_type=\"column\" data-e-type=\"column\">\n\t\t\t<div class=\"elementor-widget-wrap elementor-element-populated\">\n\t\t\t\t\t\t<div class=\"elementor-element elementor-element-04e8562 elementor-widget elementor-widget-image\" data-id=\"04e8562\" data-element_type=\"widget\" data-e-type=\"widget\" data-widget_type=\"image.default\">\n\t\t\t\t<div class=\"elementor-widget-container\">\n\t\t\t\t\t\t\t\t\t\t\t\t\t\t\t<img fetchpriority=\"high\" decoding=\"async\" width=\"833\" height=\"576\" src=\"https:\/\/stage.autorolasolutions.com\/wp-content\/uploads\/2025\/01\/Autorola_Solutions_Web_Timecycle_01.png\" class=\"attachment-large size-large wp-image-51679\" alt=\"\" srcset=\"https:\/\/stage.autorolasolutions.com\/wp-content\/uploads\/2025\/01\/Autorola_Solutions_Web_Timecycle_01.png 833w, https:\/\/stage.autorolasolutions.com\/wp-content\/uploads\/2025\/01\/Autorola_Solutions_Web_Timecycle_01-300x207.png 300w, https:\/\/stage.autorolasolutions.com\/wp-content\/uploads\/2025\/01\/Autorola_Solutions_Web_Timecycle_01-768x531.png 768w\" sizes=\"(max-width: 833px) 100vw, 833px\" \/>\t\t\t\t\t\t\t\t\t\t\t\t\t\t\t<\/div>\n\t\t\t\t<\/div>\n\t\t\t\t\t<\/div>\n\t\t<\/div>\n\t\t\t\t\t<\/div>\n\t\t<\/section>\n\t\t\t\t<section class=\"elementor-section elementor-top-section elementor-element elementor-element-2d56b3f elementor-section-boxed elementor-section-height-default elementor-section-height-default\" data-id=\"2d56b3f\" data-element_type=\"section\" data-e-type=\"section\">\n\t\t\t\t\t\t<div class=\"elementor-container elementor-column-gap-default\">\n\t\t\t\t\t<div class=\"elementor-column elementor-col-100 elementor-top-column elementor-element elementor-element-38f7b6f\" data-id=\"38f7b6f\" data-element_type=\"column\" data-e-type=\"column\">\n\t\t\t<div class=\"elementor-widget-wrap elementor-element-populated\">\n\t\t\t\t\t\t<section class=\"elementor-section elementor-inner-section elementor-element elementor-element-2aad147 elementor-section-boxed elementor-section-height-default elementor-section-height-default\" data-id=\"2aad147\" data-element_type=\"section\" data-e-type=\"section\">\n\t\t\t\t\t\t<div class=\"elementor-container elementor-column-gap-default\">\n\t\t\t\t\t<div class=\"elementor-column elementor-col-50 elementor-inner-column elementor-element elementor-element-d467e78\" data-id=\"d467e78\" data-element_type=\"column\" data-e-type=\"column\">\n\t\t\t<div class=\"elementor-widget-wrap elementor-element-populated\">\n\t\t\t\t\t\t<div class=\"elementor-element elementor-element-50468f5 elementor-widget elementor-widget-video\" data-id=\"50468f5\" data-element_type=\"widget\" data-e-type=\"widget\" data-settings=\"{&quot;video_type&quot;:&quot;vimeo&quot;}\" data-widget_type=\"video.default\">\n\t\t\t\t<div class=\"elementor-widget-container\">\n\t\t\t\t\t\t\t<div class=\"elementor-wrapper elementor-open-inline\">\n\t\t\t<iframe class=\"elementor-video-iframe\" allowfullscreen allow=\"clipboard-write\" title=\"Reprodutor de v\u00eddeo de vimeo\" src=\"https:\/\/player.vimeo.com\/video\/756696243?color&amp;autopause=0&amp;loop=0&amp;muted=0&amp;title=1&amp;portrait=1&amp;byline=1#t=\"><\/iframe>\t\t<\/div>\n\t\t\t\t\t\t<\/div>\n\t\t\t\t<\/div>\n\t\t\t\t\t<\/div>\n\t\t<\/div>\n\t\t\t\t<div class=\"elementor-column elementor-col-50 elementor-inner-column elementor-element elementor-element-4d58c19\" data-id=\"4d58c19\" data-element_type=\"column\" data-e-type=\"column\">\n\t\t\t<div class=\"elementor-widget-wrap elementor-element-populated\">\n\t\t\t\t\t\t<div class=\"elementor-element elementor-element-025ee43 elementor-widget elementor-widget-text-editor\" data-id=\"025ee43\" data-element_type=\"widget\" data-e-type=\"widget\" data-widget_type=\"text-editor.default\">\n\t\t\t\t<div class=\"elementor-widget-container\">\n\t\t\t\t\t\t\t\t\t<h3>Uma solu\u00e7\u00e3o f\u00e1cil e sem complica\u00e7\u00f5es, que acrescenta valor real \u00e0s empresas e \u00e0s pessoas.<\/h3><p>Veja o nosso v\u00eddeo e descubra as mais-valias do processo retomas com a Autorola Solutions.<\/p>\t\t\t\t\t\t\t\t<\/div>\n\t\t\t\t<\/div>\n\t\t\t\t\t<\/div>\n\t\t<\/div>\n\t\t\t\t\t<\/div>\n\t\t<\/section>\n\t\t\t\t\t<\/div>\n\t\t<\/div>\n\t\t\t\t\t<\/div>\n\t\t<\/section>\n\t\t\t\t<\/div>\n\t\t","protected":false},"excerpt":{"rendered":"<p>A nossa solu\u00e7\u00e3o Retomas A solu\u00e7\u00e3o Retomas da Autorola foi concebida para o ajudar a fornecer aos seus clientes uma forma eficiente e sem problemas de trocar os seus ve\u00edculos actuais. Em apenas 4 passos, pode optimizar o seu processo de troca: Inspeccione facilmente qualquer ve\u00edculo com o Inspection Helper Optimize a sua estrat\u00e9gia de [&hellip;]<\/p>\n","protected":false},"author":12,"featured_media":0,"parent":19186,"menu_order":0,"comment_status":"closed","ping_status":"closed","template":"","meta":{"_acf_changed":false,"inline_featured_image":false,"site-sidebar-layout":"no-sidebar","site-content-layout":"page-builder","ast-site-content-layout":"full-width-container","site-content-style":"default","site-sidebar-style":"default","ast-global-header-display":"","ast-banner-title-visibility":"","ast-main-header-display":"","ast-hfb-above-header-display":"","ast-hfb-below-header-display":"","ast-hfb-mobile-header-display":"","site-post-title":"disabled","ast-breadcrumbs-content":"","ast-featured-img":"disabled","footer-sml-layout":"","theme-transparent-header-meta":"","adv-header-id-meta":"","stick-header-meta":"","header-above-stick-meta":"","header-main-stick-meta":"","header-below-stick-meta":"","astra-migrate-meta-layouts":"set","ast-page-background-enabled":"default","ast-page-background-meta":{"desktop":{"background-color":"","background-image":"","background-repeat":"repeat","background-position":"center center","background-size":"auto","background-attachment":"scroll","background-type":"","background-media":"","overlay-type":"","overlay-color":"","overlay-opacity":"","overlay-gradient":""},"tablet":{"background-color":"","background-image":"","background-repeat":"repeat","background-position":"center center","background-size":"auto","background-attachment":"scroll","background-type":"","background-media":"","overlay-type":"","overlay-color":"","overlay-opacity":"","overlay-gradient":""},"mobile":{"background-color":"","background-image":"","background-repeat":"repeat","background-position":"center center","background-size":"auto","background-attachment":"scroll","background-type":"","background-media":"","overlay-type":"","overlay-color":"","overlay-opacity":"","overlay-gradient":""}},"ast-content-background-meta":{"desktop":{"background-color":"var(--ast-global-color-5)","background-image":"","background-repeat":"repeat","background-position":"center center","background-size":"auto","background-attachment":"scroll","background-type":"","background-media":"","overlay-type":"","overlay-color":"","overlay-opacity":"","overlay-gradient":""},"tablet":{"background-color":"var(--ast-global-color-5)","background-image":"","background-repeat":"repeat","background-position":"center center","background-size":"auto","background-attachment":"scroll","background-type":"","background-media":"","overlay-type":"","overlay-color":"","overlay-opacity":"","overlay-gradient":""},"mobile":{"background-color":"var(--ast-global-color-5)","background-image":"","background-repeat":"repeat","background-position":"center center","background-size":"auto","background-attachment":"scroll","background-type":"","background-media":"","overlay-type":"","overlay-color":"","overlay-opacity":"","overlay-gradient":""}},"footnotes":""},"class_list":["post-29963","page","type-page","status-publish","hentry"],"acf":[],"yoast_head":"<!-- This site is optimized with the Yoast SEO plugin v27.0 - https:\/\/yoast.com\/product\/yoast-seo-wordpress\/ -->\n<title>Solu\u00e7\u00e3o Retomas - Autorola Solutions<\/title>\n<meta name=\"robots\" content=\"index, follow, max-snippet:-1, max-image-preview:large, max-video-preview:-1\" \/>\n<link rel=\"canonical\" href=\"https:\/\/stage.autorolasolutions.com\/pt-pt\/ecossistema-digital\/produtos\/solucao-etomas\/\" \/>\n<meta property=\"og:locale\" content=\"pt_PT\" \/>\n<meta property=\"og:type\" content=\"article\" \/>\n<meta property=\"og:title\" content=\"Solu\u00e7\u00e3o Retomas - Autorola Solutions\" \/>\n<meta property=\"og:description\" content=\"A nossa solu\u00e7\u00e3o Retomas A solu\u00e7\u00e3o Retomas da Autorola foi concebida para o ajudar a fornecer aos seus clientes uma forma eficiente e sem problemas de trocar os seus ve\u00edculos actuais. Em apenas 4 passos, pode optimizar o seu processo de troca: Inspeccione facilmente qualquer ve\u00edculo com o Inspection Helper Optimize a sua estrat\u00e9gia de [&hellip;]\" \/>\n<meta property=\"og:url\" content=\"https:\/\/stage.autorolasolutions.com\/pt-pt\/ecossistema-digital\/produtos\/solucao-etomas\/\" \/>\n<meta property=\"og:site_name\" content=\"Autorola Solutions\" \/>\n<meta property=\"article:modified_time\" content=\"2025-02-05T11:55:38+00:00\" \/>\n<meta property=\"og:image\" content=\"https:\/\/stage.autorolasolutions.com\/wp-content\/uploads\/2025\/01\/Autorola_Solutions_Web_Timecycle_01.png\" \/>\n\t<meta property=\"og:image:width\" content=\"833\" \/>\n\t<meta property=\"og:image:height\" content=\"576\" \/>\n\t<meta property=\"og:image:type\" content=\"image\/png\" \/>\n<meta name=\"twitter:card\" content=\"summary_large_image\" \/>\n<meta name=\"twitter:label1\" content=\"Tempo estimado de leitura\" \/>\n\t<meta name=\"twitter:data1\" content=\"2 minutos\" \/>\n<script type=\"application\/ld+json\" class=\"yoast-schema-graph\">{\"@context\":\"https:\/\/schema.org\",\"@graph\":[{\"@type\":\"WebPage\",\"@id\":\"https:\/\/stage.autorolasolutions.com\/pt-pt\/ecossistema-digital\/produtos\/solucao-etomas\/\",\"url\":\"https:\/\/stage.autorolasolutions.com\/pt-pt\/ecossistema-digital\/produtos\/solucao-etomas\/\",\"name\":\"Solu\u00e7\u00e3o Retomas - Autorola Solutions\",\"isPartOf\":{\"@id\":\"https:\/\/stage.autorolasolutions.com\/#website\"},\"primaryImageOfPage\":{\"@id\":\"https:\/\/stage.autorolasolutions.com\/pt-pt\/ecossistema-digital\/produtos\/solucao-etomas\/#primaryimage\"},\"image\":{\"@id\":\"https:\/\/stage.autorolasolutions.com\/pt-pt\/ecossistema-digital\/produtos\/solucao-etomas\/#primaryimage\"},\"thumbnailUrl\":\"https:\/\/stage.autorolasolutions.com\/wp-content\/uploads\/2025\/01\/Autorola_Solutions_Web_Timecycle_01.png\",\"datePublished\":\"2024-08-14T13:01:38+00:00\",\"dateModified\":\"2025-02-05T11:55:38+00:00\",\"breadcrumb\":{\"@id\":\"https:\/\/stage.autorolasolutions.com\/pt-pt\/ecossistema-digital\/produtos\/solucao-etomas\/#breadcrumb\"},\"inLanguage\":\"pt-PT\",\"potentialAction\":[{\"@type\":\"ReadAction\",\"target\":[\"https:\/\/stage.autorolasolutions.com\/pt-pt\/ecossistema-digital\/produtos\/solucao-etomas\/\"]}]},{\"@type\":\"ImageObject\",\"inLanguage\":\"pt-PT\",\"@id\":\"https:\/\/stage.autorolasolutions.com\/pt-pt\/ecossistema-digital\/produtos\/solucao-etomas\/#primaryimage\",\"url\":\"https:\/\/stage.autorolasolutions.com\/wp-content\/uploads\/2025\/01\/Autorola_Solutions_Web_Timecycle_01.png\",\"contentUrl\":\"https:\/\/stage.autorolasolutions.com\/wp-content\/uploads\/2025\/01\/Autorola_Solutions_Web_Timecycle_01.png\"},{\"@type\":\"BreadcrumbList\",\"@id\":\"https:\/\/stage.autorolasolutions.com\/pt-pt\/ecossistema-digital\/produtos\/solucao-etomas\/#breadcrumb\",\"itemListElement\":[{\"@type\":\"ListItem\",\"position\":1,\"name\":\"Home\",\"item\":\"https:\/\/stage.autorolasolutions.com\/\"},{\"@type\":\"ListItem\",\"position\":2,\"name\":\"Ecossistema digital\",\"item\":\"https:\/\/stage.autorolasolutions.com\/digital-ecosystem\/\"},{\"@type\":\"ListItem\",\"position\":3,\"name\":\"Produtos\",\"item\":\"https:\/\/stage.autorolasolutions.com\/digital-ecosystem\/products\/\"},{\"@type\":\"ListItem\",\"position\":4,\"name\":\"Solu\u00e7\u00e3o Retomas\"}]},{\"@type\":\"WebSite\",\"@id\":\"https:\/\/stage.autorolasolutions.com\/#website\",\"url\":\"https:\/\/stage.autorolasolutions.com\/\",\"name\":\"Autorola Solutions\",\"description\":\"\",\"publisher\":{\"@id\":\"https:\/\/stage.autorolasolutions.com\/#organization\"},\"potentialAction\":[{\"@type\":\"SearchAction\",\"target\":{\"@type\":\"EntryPoint\",\"urlTemplate\":\"https:\/\/stage.autorolasolutions.com\/?s={search_term_string}\"},\"query-input\":{\"@type\":\"PropertyValueSpecification\",\"valueRequired\":true,\"valueName\":\"search_term_string\"}}],\"inLanguage\":\"pt-PT\"},{\"@type\":\"Organization\",\"@id\":\"https:\/\/stage.autorolasolutions.com\/#organization\",\"name\":\"Autorola Solutions\",\"url\":\"https:\/\/stage.autorolasolutions.com\/\",\"logo\":{\"@type\":\"ImageObject\",\"inLanguage\":\"pt-PT\",\"@id\":\"https:\/\/stage.autorolasolutions.com\/#\/schema\/logo\/image\/\",\"url\":\"https:\/\/stage.autorolasolutions.com\/wp-content\/uploads\/2025\/01\/Autorola_Solutions_Logo_Left_Screen_RGB.svg\",\"contentUrl\":\"https:\/\/stage.autorolasolutions.com\/wp-content\/uploads\/2025\/01\/Autorola_Solutions_Logo_Left_Screen_RGB.svg\",\"width\":143,\"height\":44,\"caption\":\"Autorola Solutions\"},\"image\":{\"@id\":\"https:\/\/stage.autorolasolutions.com\/#\/schema\/logo\/image\/\"},\"sameAs\":[\"https:\/\/www.linkedin.com\/company\/autorolasolutions\/\"]}]}<\/script>\n<!-- \/ Yoast SEO plugin. -->","yoast_head_json":{"title":"Solu\u00e7\u00e3o Retomas - Autorola Solutions","robots":{"index":"index","follow":"follow","max-snippet":"max-snippet:-1","max-image-preview":"max-image-preview:large","max-video-preview":"max-video-preview:-1"},"canonical":"https:\/\/stage.autorolasolutions.com\/pt-pt\/ecossistema-digital\/produtos\/solucao-etomas\/","og_locale":"pt_PT","og_type":"article","og_title":"Solu\u00e7\u00e3o Retomas - Autorola Solutions","og_description":"A nossa solu\u00e7\u00e3o Retomas A solu\u00e7\u00e3o Retomas da Autorola foi concebida para o ajudar a fornecer aos seus clientes uma forma eficiente e sem problemas de trocar os seus ve\u00edculos actuais. Em apenas 4 passos, pode optimizar o seu processo de troca: Inspeccione facilmente qualquer ve\u00edculo com o Inspection Helper Optimize a sua estrat\u00e9gia de [&hellip;]","og_url":"https:\/\/stage.autorolasolutions.com\/pt-pt\/ecossistema-digital\/produtos\/solucao-etomas\/","og_site_name":"Autorola Solutions","article_modified_time":"2025-02-05T11:55:38+00:00","og_image":[{"width":833,"height":576,"url":"https:\/\/stage.autorolasolutions.com\/wp-content\/uploads\/2025\/01\/Autorola_Solutions_Web_Timecycle_01.png","type":"image\/png"}],"twitter_card":"summary_large_image","twitter_misc":{"Tempo estimado de leitura":"2 minutos"},"schema":{"@context":"https:\/\/schema.org","@graph":[{"@type":"WebPage","@id":"https:\/\/stage.autorolasolutions.com\/pt-pt\/ecossistema-digital\/produtos\/solucao-etomas\/","url":"https:\/\/stage.autorolasolutions.com\/pt-pt\/ecossistema-digital\/produtos\/solucao-etomas\/","name":"Solu\u00e7\u00e3o Retomas - Autorola Solutions","isPartOf":{"@id":"https:\/\/stage.autorolasolutions.com\/#website"},"primaryImageOfPage":{"@id":"https:\/\/stage.autorolasolutions.com\/pt-pt\/ecossistema-digital\/produtos\/solucao-etomas\/#primaryimage"},"image":{"@id":"https:\/\/stage.autorolasolutions.com\/pt-pt\/ecossistema-digital\/produtos\/solucao-etomas\/#primaryimage"},"thumbnailUrl":"https:\/\/stage.autorolasolutions.com\/wp-content\/uploads\/2025\/01\/Autorola_Solutions_Web_Timecycle_01.png","datePublished":"2024-08-14T13:01:38+00:00","dateModified":"2025-02-05T11:55:38+00:00","breadcrumb":{"@id":"https:\/\/stage.autorolasolutions.com\/pt-pt\/ecossistema-digital\/produtos\/solucao-etomas\/#breadcrumb"},"inLanguage":"pt-PT","potentialAction":[{"@type":"ReadAction","target":["https:\/\/stage.autorolasolutions.com\/pt-pt\/ecossistema-digital\/produtos\/solucao-etomas\/"]}]},{"@type":"ImageObject","inLanguage":"pt-PT","@id":"https:\/\/stage.autorolasolutions.com\/pt-pt\/ecossistema-digital\/produtos\/solucao-etomas\/#primaryimage","url":"https:\/\/stage.autorolasolutions.com\/wp-content\/uploads\/2025\/01\/Autorola_Solutions_Web_Timecycle_01.png","contentUrl":"https:\/\/stage.autorolasolutions.com\/wp-content\/uploads\/2025\/01\/Autorola_Solutions_Web_Timecycle_01.png"},{"@type":"BreadcrumbList","@id":"https:\/\/stage.autorolasolutions.com\/pt-pt\/ecossistema-digital\/produtos\/solucao-etomas\/#breadcrumb","itemListElement":[{"@type":"ListItem","position":1,"name":"Home","item":"https:\/\/stage.autorolasolutions.com\/"},{"@type":"ListItem","position":2,"name":"Ecossistema digital","item":"https:\/\/stage.autorolasolutions.com\/digital-ecosystem\/"},{"@type":"ListItem","position":3,"name":"Produtos","item":"https:\/\/stage.autorolasolutions.com\/digital-ecosystem\/products\/"},{"@type":"ListItem","position":4,"name":"Solu\u00e7\u00e3o Retomas"}]},{"@type":"WebSite","@id":"https:\/\/stage.autorolasolutions.com\/#website","url":"https:\/\/stage.autorolasolutions.com\/","name":"Autorola Solutions","description":"","publisher":{"@id":"https:\/\/stage.autorolasolutions.com\/#organization"},"potentialAction":[{"@type":"SearchAction","target":{"@type":"EntryPoint","urlTemplate":"https:\/\/stage.autorolasolutions.com\/?s={search_term_string}"},"query-input":{"@type":"PropertyValueSpecification","valueRequired":true,"valueName":"search_term_string"}}],"inLanguage":"pt-PT"},{"@type":"Organization","@id":"https:\/\/stage.autorolasolutions.com\/#organization","name":"Autorola Solutions","url":"https:\/\/stage.autorolasolutions.com\/","logo":{"@type":"ImageObject","inLanguage":"pt-PT","@id":"https:\/\/stage.autorolasolutions.com\/#\/schema\/logo\/image\/","url":"https:\/\/stage.autorolasolutions.com\/wp-content\/uploads\/2025\/01\/Autorola_Solutions_Logo_Left_Screen_RGB.svg","contentUrl":"https:\/\/stage.autorolasolutions.com\/wp-content\/uploads\/2025\/01\/Autorola_Solutions_Logo_Left_Screen_RGB.svg","width":143,"height":44,"caption":"Autorola Solutions"},"image":{"@id":"https:\/\/stage.autorolasolutions.com\/#\/schema\/logo\/image\/"},"sameAs":["https:\/\/www.linkedin.com\/company\/autorolasolutions\/"]}]}},"_links":{"self":[{"href":"https:\/\/stage.autorolasolutions.com\/pt-pt\/wp-json\/wp\/v2\/pages\/29963","targetHints":{"allow":["GET"]}}],"collection":[{"href":"https:\/\/stage.autorolasolutions.com\/pt-pt\/wp-json\/wp\/v2\/pages"}],"about":[{"href":"https:\/\/stage.autorolasolutions.com\/pt-pt\/wp-json\/wp\/v2\/types\/page"}],"author":[{"embeddable":true,"href":"https:\/\/stage.autorolasolutions.com\/pt-pt\/wp-json\/wp\/v2\/users\/12"}],"replies":[{"embeddable":true,"href":"https:\/\/stage.autorolasolutions.com\/pt-pt\/wp-json\/wp\/v2\/comments?post=29963"}],"version-history":[{"count":10,"href":"https:\/\/stage.autorolasolutions.com\/pt-pt\/wp-json\/wp\/v2\/pages\/29963\/revisions"}],"predecessor-version":[{"id":56275,"href":"https:\/\/stage.autorolasolutions.com\/pt-pt\/wp-json\/wp\/v2\/pages\/29963\/revisions\/56275"}],"up":[{"embeddable":true,"href":"https:\/\/stage.autorolasolutions.com\/pt-pt\/wp-json\/wp\/v2\/pages\/19186"}],"wp:attachment":[{"href":"https:\/\/stage.autorolasolutions.com\/pt-pt\/wp-json\/wp\/v2\/media?parent=29963"}],"curies":[{"name":"wp","href":"https:\/\/api.w.org\/{rel}","templated":true}]}}