{"id":15369,"date":"2023-11-20T12:54:14","date_gmt":"2023-11-20T11:54:14","guid":{"rendered":"https:\/\/stage.autorolasolutions.com\/?page_id=15369"},"modified":"2024-04-03T14:38:31","modified_gmt":"2024-04-03T12:38:31","slug":"cookies","status":"publish","type":"page","link":"https:\/\/stage.autorolasolutions.com\/pt-br\/cookies\/","title":{"rendered":"Cookies"},"content":{"rendered":"\t\t<div data-elementor-type=\"wp-page\" data-elementor-id=\"15369\" class=\"elementor elementor-15369\" data-elementor-post-type=\"page\">\n\t\t\t\t\t\t<section class=\"elementor-section elementor-top-section elementor-element elementor-element-7d13200 elementor-section-boxed elementor-section-height-default elementor-section-height-default\" data-id=\"7d13200\" data-element_type=\"section\" data-e-type=\"section\">\n\t\t\t\t\t\t<div class=\"elementor-container elementor-column-gap-default\">\n\t\t\t\t\t<div class=\"elementor-column elementor-col-100 elementor-top-column elementor-element elementor-element-a31b6e3\" data-id=\"a31b6e3\" data-element_type=\"column\" data-e-type=\"column\">\n\t\t\t<div class=\"elementor-widget-wrap elementor-element-populated\">\n\t\t\t\t\t\t<div class=\"elementor-element elementor-element-51868c3 elementor-widget elementor-widget-text-editor\" data-id=\"51868c3\" data-element_type=\"widget\" data-e-type=\"widget\" data-widget_type=\"text-editor.default\">\n\t\t\t\t<div class=\"elementor-widget-container\">\n\t\t\t\t\t\t\t\t\t<h1 id=\"Cookies\" data-renderer-start-pos=\"1\">Cookies<\/h1><p data-renderer-start-pos=\"10\">Este documento fornece informa\u00e7\u00f5es sobre como e por que motivo utilizamos cookies. Tamb\u00e9m iremos indicar que cookies utilizamos e fornecer algumas informa\u00e7\u00f5es sobre terceiros que tamb\u00e9m colocam cookies no nosso Website.<\/p><h3 data-renderer-start-pos=\"231\">\u00a0<\/h3><h1 id=\"Resumo\" data-renderer-start-pos=\"231\">Resumo<\/h1><p data-renderer-start-pos=\"239\">Este documento aplica-se a:<\/p><ul class=\"ak-ul\" data-indent-level=\"1\"><li><p data-renderer-start-pos=\"270\">Visitantes do Website<\/p><\/li><\/ul><p data-renderer-start-pos=\"297\">Este documento aborda:<\/p><ul class=\"ak-ul\" data-indent-level=\"1\"><li><p data-renderer-start-pos=\"344\">O que \u00e9 um cookie?<\/p><ul class=\"ak-ul\" data-indent-level=\"2\"><li><p data-renderer-start-pos=\"366\">Tipos de cookies<\/p><\/li><\/ul><\/li><li><p data-renderer-start-pos=\"388\">Que cookies utilizamos?<\/p><ul class=\"ak-ul\" data-indent-level=\"2\"><li><p data-renderer-start-pos=\"415\">Cookies essenciais<\/p><\/li><li><p data-renderer-start-pos=\"437\">Cookies anal\u00edticos<\/p><\/li><li><p data-renderer-start-pos=\"459\">Cookies de marketing<\/p><\/li><li><p data-renderer-start-pos=\"483\">Cookies de personaliza\u00e7\u00e3o<\/p><\/li><\/ul><\/li><li><p data-renderer-start-pos=\"514\">Como utilizamos os cookies?<\/p><\/li><li><p data-renderer-start-pos=\"545\">Como bloquear cookies<\/p><\/li><li><p data-renderer-start-pos=\"570\">Como revogar um consentimento dado<\/p><\/li><li><p data-renderer-start-pos=\"608\">Lista de cookies<\/p><\/li><li><p data-renderer-start-pos=\"628\">Contacte-nos<\/p><\/li><\/ul><h1 id=\"[hardBreak]O-que-\u00e9-um-cookie?\" data-renderer-start-pos=\"644\">O que \u00e9 um cookie?<\/h1><p data-renderer-start-pos=\"665\">Os cookies s\u00e3o pequenos ficheiros de texto que s\u00e3o armazenados no seu dispositivo e que nos permitem tornar a sua experi\u00eancia melhor e mais eficiente. Permitem-nos reconhecer o seu dispositivo e navegador e armazenar informa\u00e7\u00e3o importante para a melhoria dos nossos servi\u00e7os.<\/p><h3 data-renderer-start-pos=\"942\">\u00a0<\/h3><h2 id=\"Tipos-de-cookies\" data-renderer-start-pos=\"942\"><strong>Tipos de cookies<\/strong><\/h2><p data-renderer-start-pos=\"962\"><strong data-renderer-mark=\"true\">Cookies de sess\u00e3o e cookies persistentes<\/strong><\/p><ul class=\"ak-ul\" data-indent-level=\"1\"><li><p data-renderer-start-pos=\"1006\">Os cookies de sess\u00e3o s\u00e3o armazenados temporariamente na mem\u00f3ria dos seus dispositivos enquanto visita o Website e s\u00e3o apagados quando fecha o seu navegador.<\/p><\/li><li><p data-renderer-start-pos=\"1166\">Os cookies persistentes s\u00e3o armazenados durante um per\u00edodo predeterminado, que varia consoante o cookie. S\u00e3o mais duradouros do que os cookies de sess\u00e3o, mas tamb\u00e9m perdem a validade ap\u00f3s algum tempo. Ajudam-nos a compreender se visitou anteriormente o nosso Website ou sites semelhantes.<\/p><\/li><\/ul><p data-renderer-start-pos=\"1460\"><strong data-renderer-mark=\"true\">Cookies originais e cookies de terceiros<\/strong><\/p><ul class=\"ak-ul\" data-indent-level=\"1\"><li><p data-renderer-start-pos=\"1504\">Os cookies originais s\u00e3o definidos diretamente pelo Website ou por qualquer um dos subdom\u00ednios do Website.<\/p><\/li><li><p data-renderer-start-pos=\"1614\">Os cookies de terceiros s\u00e3o definidos por Websites que n\u00e3o s\u00e3o geridos por n\u00f3s, como os nossos subcontratantes ou outros parceiros tecnol\u00f3gicos.<\/p><\/li><\/ul><h1 id=\"[hardBreak]Que-cookies-utilizamos?\" data-renderer-start-pos=\"1762\">Que cookies utilizamos?<\/h1><h2 id=\"[hardBreak]Cookies-essenciais\" data-renderer-start-pos=\"1788\"><strong>Cookies essenciais<\/strong><\/h2><p data-renderer-start-pos=\"1809\">Armazenamos cookies no seu dispositivo se forem necess\u00e1rios para nos permitir oferecer e prestar os nossos servi\u00e7os. Tamb\u00e9m s\u00e3o necess\u00e1rios para que navegue no Website e na aplica\u00e7\u00e3o Web e usufrua de todas as fun\u00e7\u00f5es dispon\u00edveis. Estes cookies n\u00e3o podem ser desativados e est\u00e3o definidos para op\u00e7\u00f5es muito b\u00e1sicas no Website, tais como iniciar sess\u00e3o, preencher formul\u00e1rios e definir prefer\u00eancias como o fuso hor\u00e1rio ou os idiomas.<\/p><h2 data-renderer-start-pos=\"2242\">\u00a0<\/h2><h2 id=\"Cookies-anal\u00edticos\" data-renderer-start-pos=\"2242\"><strong>Cookies anal\u00edticos<\/strong><\/h2><p data-renderer-start-pos=\"2262\">Estes cookies s\u00e3o colocados para nos ajudar a compreender como interage com as op\u00e7\u00f5es dispon\u00edveis no Website, que sec\u00e7\u00f5es utiliza mais e como interage com os nossos servi\u00e7os. Isto ajuda-nos a criar estat\u00edsticas de utiliza\u00e7\u00e3o e a determinar o tempo que passa no Website. Em \u00faltima an\u00e1lise, estas estat\u00edsticas v\u00e3o ajudar-nos a melhorar o nosso Website e qualquer servi\u00e7o que oferecemos nele.<\/p><h2 data-renderer-start-pos=\"2653\">\u00a0<\/h2><h2 id=\"Cookies-de-marketing\" data-renderer-start-pos=\"2653\"><strong>Cookies de marketing<\/strong><\/h2><p data-renderer-start-pos=\"2675\">Estes cookies s\u00e3o utilizados para lhe apresentar an\u00fancios que possam ser relevantes para si ou do seu interesse quando est\u00e1 a navegar na Internet. S\u00e3o maioritariamente colocados por terceiros sempre que interage com os respetivos conte\u00fados no nosso Website.<\/p><h2 data-renderer-start-pos=\"2934\">\u00a0<\/h2><h2 id=\"Cookies-de-personaliza\u00e7\u00e3o\" data-renderer-start-pos=\"2934\"><strong>Cookies de personaliza\u00e7\u00e3o<\/strong><\/h2><p data-renderer-start-pos=\"2961\">Estes cookies s\u00e3o colocados para nos ajudar a fornecer-lhe uma melhor funcionalidade do Website e dos nossos servi\u00e7os e para os tornar mais personalizados para si.<\/p><p data-renderer-start-pos=\"3126\">Pode bloquear estes cookies, mas, se o fizer, determinadas sec\u00e7\u00f5es do Website podem n\u00e3o funcionar da forma que pretendemos.<\/p><h1 data-renderer-start-pos=\"3251\">\u00a0<\/h1><h1 id=\"Como-utilizamos-os-cookies?\" data-renderer-start-pos=\"3251\">Como utilizamos os cookies?<\/h1><p data-renderer-start-pos=\"3280\">Recolhemos dados atrav\u00e9s dos cookies descritos para medir o tr\u00e1fego para o nosso Website, compreender o seu comportamento para otimizar a experi\u00eancia do utilizador, bem como para personalizar os conte\u00fados nos Websites e apresentar publicidade relevante que possa ser do seu interesse. Al\u00e9m disso, utilizamos os dados recolhidos para desenvolver os nossos Websites.<\/p><h2 data-renderer-start-pos=\"3646\">\u00a0<\/h2><h2 id=\"Como-bloquear-cookies\" data-renderer-start-pos=\"3646\"><strong>Como bloquear cookies<\/strong><\/h2><p data-renderer-start-pos=\"3669\">Pode parar ou restringir a coloca\u00e7\u00e3o de cookies e outras tecnologias de rastreio, tais como etiquetas de p\u00edxeis. Para o fazer, bloqueie os cookies e estas tecnologias no seu dispositivo ou elimine-os e ajuste as prefer\u00eancias no seu navegador. Este procedimento pode variar consoante o dispositivo e o navegador.<\/p><p data-renderer-start-pos=\"3982\">Assim que bloquear corretamente os cookies no seu navegador, determinadas sec\u00e7\u00f5es do Website podem ficar indispon\u00edveis para si ou n\u00e3o funcionar corretamente.<\/p><h2 data-renderer-start-pos=\"4141\">\u00a0<\/h2><h2 id=\"Como-revogar-um-consentimento-dado\" data-renderer-start-pos=\"4141\"><strong>Como revogar um consentimento dado<\/strong><\/h2><p data-renderer-start-pos=\"4177\">Para revogar um consentimento que tenha dado, pode clicar no pequeno \u00edcone de cookie na parte inferior dos Websites e simplesmente alterar a posi\u00e7\u00e3o do bot\u00e3o de consentimento e clicar em &#8220;guardar&#8221;.<\/p><h3 data-renderer-start-pos=\"4376\">\u00a0<\/h3><h2 id=\"Lista-de-cookies\" data-renderer-start-pos=\"4376\"><strong>Lista de cookies<\/strong><\/h2><p data-renderer-start-pos=\"4394\">Pode consultar a lista de cookies utilizados pela Autorola na caixa de consentimento de cookies, por baixo de cada categoria de cookies.<\/p><h1 data-renderer-start-pos=\"4394\">Contacte-nos<\/h1><p data-renderer-start-pos=\"4545\">Se tiver alguma d\u00favida relativamente a este documento, contacte-nos.<\/p><p data-renderer-start-pos=\"4615\">Autorola A\/S<br \/>Skibhusvej 52A<br \/>DK-5000 Odense C<br \/>Dinamarca<\/p><p data-renderer-start-pos=\"4671\">Telefone: +45 70 20 16 61<br \/>Email: <a class=\"confluence-ssr-app-tgpl01\" title=\"mailto:gdpr@autorola.com\" href=\"mailto:gdpr@autorola.com\" data-testid=\"link-with-safety\" data-renderer-mark=\"true\">gdpr@autorola.com<\/a><\/p>\t\t\t\t\t\t\t\t<\/div>\n\t\t\t\t<\/div>\n\t\t\t\t\t<\/div>\n\t\t<\/div>\n\t\t\t\t\t<\/div>\n\t\t<\/section>\n\t\t\t\t<\/div>\n\t\t","protected":false},"excerpt":{"rendered":"<p>Cookies Este documento fornece informa\u00e7\u00f5es sobre como e por que motivo utilizamos cookies. Tamb\u00e9m iremos indicar que cookies utilizamos e fornecer algumas informa\u00e7\u00f5es sobre terceiros que tamb\u00e9m colocam cookies no nosso Website. \u00a0 Resumo Este documento aplica-se a: Visitantes do Website Este documento aborda: O que \u00e9 um cookie? Tipos de cookies Que cookies utilizamos? [&hellip;]<\/p>\n","protected":false},"author":12,"featured_media":0,"parent":0,"menu_order":41,"comment_status":"closed","ping_status":"closed","template":"","meta":{"_acf_changed":false,"inline_featured_image":false,"site-sidebar-layout":"no-sidebar","site-content-layout":"page-builder","ast-site-content-layout":"default","site-content-style":"default","site-sidebar-style":"default","ast-global-header-display":"","ast-banner-title-visibility":"","ast-main-header-display":"","ast-hfb-above-header-display":"","ast-hfb-below-header-display":"","ast-hfb-mobile-header-display":"","site-post-title":"disabled","ast-breadcrumbs-content":"","ast-featured-img":"disabled","footer-sml-layout":"","theme-transparent-header-meta":"","adv-header-id-meta":"","stick-header-meta":"","header-above-stick-meta":"","header-main-stick-meta":"","header-below-stick-meta":"","astra-migrate-meta-layouts":"default","ast-page-background-enabled":"default","ast-page-background-meta":{"desktop":{"background-color":"","background-image":"","background-repeat":"repeat","background-position":"center center","background-size":"auto","background-attachment":"scroll","background-type":"","background-media":"","overlay-type":"","overlay-color":"","overlay-opacity":"","overlay-gradient":""},"tablet":{"background-color":"","background-image":"","background-repeat":"repeat","background-position":"center center","background-size":"auto","background-attachment":"scroll","background-type":"","background-media":"","overlay-type":"","overlay-color":"","overlay-opacity":"","overlay-gradient":""},"mobile":{"background-color":"","background-image":"","background-repeat":"repeat","background-position":"center center","background-size":"auto","background-attachment":"scroll","background-type":"","background-media":"","overlay-type":"","overlay-color":"","overlay-opacity":"","overlay-gradient":""}},"ast-content-background-meta":{"desktop":{"background-color":"var(--ast-global-color-5)","background-image":"","background-repeat":"repeat","background-position":"center center","background-size":"auto","background-attachment":"scroll","background-type":"","background-media":"","overlay-type":"","overlay-color":"","overlay-opacity":"","overlay-gradient":""},"tablet":{"background-color":"var(--ast-global-color-5)","background-image":"","background-repeat":"repeat","background-position":"center center","background-size":"auto","background-attachment":"scroll","background-type":"","background-media":"","overlay-type":"","overlay-color":"","overlay-opacity":"","overlay-gradient":""},"mobile":{"background-color":"var(--ast-global-color-5)","background-image":"","background-repeat":"repeat","background-position":"center center","background-size":"auto","background-attachment":"scroll","background-type":"","background-media":"","overlay-type":"","overlay-color":"","overlay-opacity":"","overlay-gradient":""}},"footnotes":""},"class_list":["post-15369","page","type-page","status-publish","hentry"],"acf":[],"yoast_head":"<!-- This site is optimized with the Yoast SEO plugin v27.0 - https:\/\/yoast.com\/product\/yoast-seo-wordpress\/ -->\n<title>Cookies - Autorola Solutions<\/title>\n<meta name=\"robots\" content=\"index, follow, max-snippet:-1, max-image-preview:large, max-video-preview:-1\" \/>\n<link rel=\"canonical\" href=\"https:\/\/stage.autorolasolutions.com\/pt-br\/cookies\/\" \/>\n<meta property=\"og:locale\" content=\"pt_BR\" \/>\n<meta property=\"og:type\" content=\"article\" \/>\n<meta property=\"og:title\" content=\"Cookies - Autorola Solutions\" \/>\n<meta property=\"og:description\" content=\"Cookies Este documento fornece informa\u00e7\u00f5es sobre como e por que motivo utilizamos cookies. Tamb\u00e9m iremos indicar que cookies utilizamos e fornecer algumas informa\u00e7\u00f5es sobre terceiros que tamb\u00e9m colocam cookies no nosso Website. \u00a0 Resumo Este documento aplica-se a: Visitantes do Website Este documento aborda: O que \u00e9 um cookie? Tipos de cookies Que cookies utilizamos? [&hellip;]\" \/>\n<meta property=\"og:url\" content=\"https:\/\/stage.autorolasolutions.com\/pt-br\/cookies\/\" \/>\n<meta property=\"og:site_name\" content=\"Autorola Solutions\" \/>\n<meta property=\"article:modified_time\" content=\"2024-04-03T12:38:31+00:00\" \/>\n<meta name=\"twitter:card\" content=\"summary_large_image\" \/>\n<meta name=\"twitter:label1\" content=\"Est. tempo de leitura\" \/>\n\t<meta name=\"twitter:data1\" content=\"4 minutos\" \/>\n<script type=\"application\/ld+json\" class=\"yoast-schema-graph\">{\"@context\":\"https:\/\/schema.org\",\"@graph\":[{\"@type\":\"WebPage\",\"@id\":\"https:\/\/stage.autorolasolutions.com\/pt-br\/cookies\/\",\"url\":\"https:\/\/stage.autorolasolutions.com\/pt-br\/cookies\/\",\"name\":\"Cookies - Autorola Solutions\",\"isPartOf\":{\"@id\":\"https:\/\/stage.autorolasolutions.com\/#website\"},\"datePublished\":\"2023-11-20T11:54:14+00:00\",\"dateModified\":\"2024-04-03T12:38:31+00:00\",\"breadcrumb\":{\"@id\":\"https:\/\/stage.autorolasolutions.com\/pt-br\/cookies\/#breadcrumb\"},\"inLanguage\":\"pt-BR\",\"potentialAction\":[{\"@type\":\"ReadAction\",\"target\":[\"https:\/\/stage.autorolasolutions.com\/pt-br\/cookies\/\"]}]},{\"@type\":\"BreadcrumbList\",\"@id\":\"https:\/\/stage.autorolasolutions.com\/pt-br\/cookies\/#breadcrumb\",\"itemListElement\":[{\"@type\":\"ListItem\",\"position\":1,\"name\":\"Home\",\"item\":\"https:\/\/stage.autorolasolutions.com\/\"},{\"@type\":\"ListItem\",\"position\":2,\"name\":\"Cookies\"}]},{\"@type\":\"WebSite\",\"@id\":\"https:\/\/stage.autorolasolutions.com\/#website\",\"url\":\"https:\/\/stage.autorolasolutions.com\/\",\"name\":\"Autorola Solutions\",\"description\":\"\",\"publisher\":{\"@id\":\"https:\/\/stage.autorolasolutions.com\/#organization\"},\"potentialAction\":[{\"@type\":\"SearchAction\",\"target\":{\"@type\":\"EntryPoint\",\"urlTemplate\":\"https:\/\/stage.autorolasolutions.com\/?s={search_term_string}\"},\"query-input\":{\"@type\":\"PropertyValueSpecification\",\"valueRequired\":true,\"valueName\":\"search_term_string\"}}],\"inLanguage\":\"pt-BR\"},{\"@type\":\"Organization\",\"@id\":\"https:\/\/stage.autorolasolutions.com\/#organization\",\"name\":\"Autorola Solutions\",\"url\":\"https:\/\/stage.autorolasolutions.com\/\",\"logo\":{\"@type\":\"ImageObject\",\"inLanguage\":\"pt-BR\",\"@id\":\"https:\/\/stage.autorolasolutions.com\/#\/schema\/logo\/image\/\",\"url\":\"https:\/\/stage.autorolasolutions.com\/wp-content\/uploads\/2025\/01\/Autorola_Solutions_Logo_Left_Screen_RGB.svg\",\"contentUrl\":\"https:\/\/stage.autorolasolutions.com\/wp-content\/uploads\/2025\/01\/Autorola_Solutions_Logo_Left_Screen_RGB.svg\",\"width\":143,\"height\":44,\"caption\":\"Autorola Solutions\"},\"image\":{\"@id\":\"https:\/\/stage.autorolasolutions.com\/#\/schema\/logo\/image\/\"},\"sameAs\":[\"https:\/\/www.linkedin.com\/company\/autorolasolutions\/\"]}]}<\/script>\n<!-- \/ Yoast SEO plugin. -->","yoast_head_json":{"title":"Cookies - Autorola Solutions","robots":{"index":"index","follow":"follow","max-snippet":"max-snippet:-1","max-image-preview":"max-image-preview:large","max-video-preview":"max-video-preview:-1"},"canonical":"https:\/\/stage.autorolasolutions.com\/pt-br\/cookies\/","og_locale":"pt_BR","og_type":"article","og_title":"Cookies - Autorola Solutions","og_description":"Cookies Este documento fornece informa\u00e7\u00f5es sobre como e por que motivo utilizamos cookies. Tamb\u00e9m iremos indicar que cookies utilizamos e fornecer algumas informa\u00e7\u00f5es sobre terceiros que tamb\u00e9m colocam cookies no nosso Website. \u00a0 Resumo Este documento aplica-se a: Visitantes do Website Este documento aborda: O que \u00e9 um cookie? Tipos de cookies Que cookies utilizamos? [&hellip;]","og_url":"https:\/\/stage.autorolasolutions.com\/pt-br\/cookies\/","og_site_name":"Autorola Solutions","article_modified_time":"2024-04-03T12:38:31+00:00","twitter_card":"summary_large_image","twitter_misc":{"Est. tempo de leitura":"4 minutos"},"schema":{"@context":"https:\/\/schema.org","@graph":[{"@type":"WebPage","@id":"https:\/\/stage.autorolasolutions.com\/pt-br\/cookies\/","url":"https:\/\/stage.autorolasolutions.com\/pt-br\/cookies\/","name":"Cookies - Autorola Solutions","isPartOf":{"@id":"https:\/\/stage.autorolasolutions.com\/#website"},"datePublished":"2023-11-20T11:54:14+00:00","dateModified":"2024-04-03T12:38:31+00:00","breadcrumb":{"@id":"https:\/\/stage.autorolasolutions.com\/pt-br\/cookies\/#breadcrumb"},"inLanguage":"pt-BR","potentialAction":[{"@type":"ReadAction","target":["https:\/\/stage.autorolasolutions.com\/pt-br\/cookies\/"]}]},{"@type":"BreadcrumbList","@id":"https:\/\/stage.autorolasolutions.com\/pt-br\/cookies\/#breadcrumb","itemListElement":[{"@type":"ListItem","position":1,"name":"Home","item":"https:\/\/stage.autorolasolutions.com\/"},{"@type":"ListItem","position":2,"name":"Cookies"}]},{"@type":"WebSite","@id":"https:\/\/stage.autorolasolutions.com\/#website","url":"https:\/\/stage.autorolasolutions.com\/","name":"Autorola Solutions","description":"","publisher":{"@id":"https:\/\/stage.autorolasolutions.com\/#organization"},"potentialAction":[{"@type":"SearchAction","target":{"@type":"EntryPoint","urlTemplate":"https:\/\/stage.autorolasolutions.com\/?s={search_term_string}"},"query-input":{"@type":"PropertyValueSpecification","valueRequired":true,"valueName":"search_term_string"}}],"inLanguage":"pt-BR"},{"@type":"Organization","@id":"https:\/\/stage.autorolasolutions.com\/#organization","name":"Autorola Solutions","url":"https:\/\/stage.autorolasolutions.com\/","logo":{"@type":"ImageObject","inLanguage":"pt-BR","@id":"https:\/\/stage.autorolasolutions.com\/#\/schema\/logo\/image\/","url":"https:\/\/stage.autorolasolutions.com\/wp-content\/uploads\/2025\/01\/Autorola_Solutions_Logo_Left_Screen_RGB.svg","contentUrl":"https:\/\/stage.autorolasolutions.com\/wp-content\/uploads\/2025\/01\/Autorola_Solutions_Logo_Left_Screen_RGB.svg","width":143,"height":44,"caption":"Autorola Solutions"},"image":{"@id":"https:\/\/stage.autorolasolutions.com\/#\/schema\/logo\/image\/"},"sameAs":["https:\/\/www.linkedin.com\/company\/autorolasolutions\/"]}]}},"_links":{"self":[{"href":"https:\/\/stage.autorolasolutions.com\/pt-br\/wp-json\/wp\/v2\/pages\/15369","targetHints":{"allow":["GET"]}}],"collection":[{"href":"https:\/\/stage.autorolasolutions.com\/pt-br\/wp-json\/wp\/v2\/pages"}],"about":[{"href":"https:\/\/stage.autorolasolutions.com\/pt-br\/wp-json\/wp\/v2\/types\/page"}],"author":[{"embeddable":true,"href":"https:\/\/stage.autorolasolutions.com\/pt-br\/wp-json\/wp\/v2\/users\/12"}],"replies":[{"embeddable":true,"href":"https:\/\/stage.autorolasolutions.com\/pt-br\/wp-json\/wp\/v2\/comments?post=15369"}],"version-history":[{"count":7,"href":"https:\/\/stage.autorolasolutions.com\/pt-br\/wp-json\/wp\/v2\/pages\/15369\/revisions"}],"predecessor-version":[{"id":21291,"href":"https:\/\/stage.autorolasolutions.com\/pt-br\/wp-json\/wp\/v2\/pages\/15369\/revisions\/21291"}],"wp:attachment":[{"href":"https:\/\/stage.autorolasolutions.com\/pt-br\/wp-json\/wp\/v2\/media?parent=15369"}],"curies":[{"name":"wp","href":"https:\/\/api.w.org\/{rel}","templated":true}]}}