{"id":15363,"date":"2023-11-20T12:52:29","date_gmt":"2023-11-20T11:52:29","guid":{"rendered":"https:\/\/stage.autorolasolutions.com\/?page_id=15363"},"modified":"2025-02-19T16:23:21","modified_gmt":"2025-02-19T15:23:21","slug":"cookies","status":"publish","type":"page","link":"https:\/\/stage.autorolasolutions.com\/mx\/cookies\/","title":{"rendered":"Cookies"},"content":{"rendered":"\t\t<div data-elementor-type=\"wp-page\" data-elementor-id=\"15363\" class=\"elementor elementor-15363\" data-elementor-post-type=\"page\">\n\t\t\t\t\t\t<section class=\"elementor-section elementor-top-section elementor-element elementor-element-703e883 elementor-section-boxed elementor-section-height-default elementor-section-height-default\" data-id=\"703e883\" data-element_type=\"section\" data-e-type=\"section\">\n\t\t\t\t\t\t<div class=\"elementor-container elementor-column-gap-default\">\n\t\t\t\t\t<div class=\"elementor-column elementor-col-100 elementor-top-column elementor-element elementor-element-848910d\" data-id=\"848910d\" data-element_type=\"column\" data-e-type=\"column\">\n\t\t\t<div class=\"elementor-widget-wrap elementor-element-populated\">\n\t\t\t\t\t\t<div class=\"elementor-element elementor-element-925c763 elementor-widget elementor-widget-text-editor\" data-id=\"925c763\" data-element_type=\"widget\" data-e-type=\"widget\" data-widget_type=\"text-editor.default\">\n\t\t\t\t<div class=\"elementor-widget-container\">\n\t\t\t\t\t\t\t\t\t<h1 id=\"Cookies\" data-renderer-start-pos=\"1\">Cookies<\/h1><p data-renderer-start-pos=\"10\">Este documento le proporcionar\u00e1 informaci\u00f3n sobre la forma y la raz\u00f3n por la que hacemos uso de cookies. Tambi\u00e9n le informaremos de cu\u00e1les son las cookies que utilizamos y le daremos cierta informaci\u00f3n sobre terceros que tambi\u00e9n tienen cookies en nuestro sitio web.<\/p><h2 id=\"Resumen\" data-renderer-start-pos=\"277\">Resumen<\/h2><p data-renderer-start-pos=\"286\">Este documento se aplica a:<\/p><ul class=\"ak-ul\" data-indent-level=\"1\"><li><p data-renderer-start-pos=\"317\">Visitantes del sitio web<\/p><\/li><\/ul><p data-renderer-start-pos=\"347\">Este documento tratan de:<\/p><ul class=\"ak-ul\" data-indent-level=\"1\"><li><p data-renderer-start-pos=\"398\">\u00bfQu\u00e9 es una cookie?<\/p><ul class=\"ak-ul\" data-indent-level=\"2\"><li><p data-renderer-start-pos=\"421\">Tipos de cookies<\/p><\/li><\/ul><\/li><li><p data-renderer-start-pos=\"443\">\u00bfQu\u00e9 tipos de cookies utilizamos?<\/p><ul class=\"ak-ul\" data-indent-level=\"2\"><li><p data-renderer-start-pos=\"480\">Cookies esenciales<\/p><\/li><li><p data-renderer-start-pos=\"502\">Cookies anal\u00edticas<\/p><\/li><li><p data-renderer-start-pos=\"524\">Cookies de marketing<\/p><\/li><li><p data-renderer-start-pos=\"548\">Cookies de personalizaci\u00f3n<\/p><\/li><\/ul><\/li><li><p data-renderer-start-pos=\"580\">\u00bfC\u00f3mo utilizamos las cookies?<\/p><\/li><li><p data-renderer-start-pos=\"613\">C\u00f3mo bloquear las cookies<\/p><\/li><li><p data-renderer-start-pos=\"642\">C\u00f3mo revocar un consentimiento otorgado<\/p><\/li><li><p data-renderer-start-pos=\"685\">Lista de cookies<\/p><\/li><li><p data-renderer-start-pos=\"705\">Contacto<\/p><\/li><\/ul><h1 id=\"[hardBreak]\u00bfQu\u00e9-es-una-cookie?\" data-renderer-start-pos=\"717\">\u00bfQu\u00e9 es una cookie?<\/h1><p data-renderer-start-pos=\"739\">Las cookies son peque\u00f1os archivos de texto que se almacenan en su dispositivo y que nos permiten mejorar su experiencia y hacer que sea m\u00e1s eficaz. Nos permiten reconocer su dispositivo y navegador y almacenar informaci\u00f3n importante para mejorar nuestros servicios.<\/p><h3 data-renderer-start-pos=\"1006\">\u00a0<\/h3><h2 id=\"Tipos-de-cookies\" data-renderer-start-pos=\"1006\"><strong>Tipos de cookies<\/strong><\/h2><p data-renderer-start-pos=\"1026\"><strong data-renderer-mark=\"true\">Cookies de sesi\u00f3n y cookies persistentes<\/strong><\/p><ul class=\"ak-ul\" data-indent-level=\"1\"><li><p data-renderer-start-pos=\"1070\">Las cookies de sesi\u00f3n se almacenan temporalmente en la memoria de sus dispositivos mientras visita el sitio web y se eliminan cuando cierra su navegador.<\/p><\/li><li><p data-renderer-start-pos=\"1227\">Las cookies persistentes se almacenan durante un per\u00edodo de tiempo predeterminado que var\u00eda de una cookie a otra. Es m\u00e1s largo que el de las cookies de sesi\u00f3n; sin embargo, tambi\u00e9n caducan al cabo de un tiempo. Nos ayudan a saber si ha visitado nuestro sitio web anteriormente o sitios similares en el pasado.<\/p><\/li><\/ul><p data-renderer-start-pos=\"1542\"><strong data-renderer-mark=\"true\">Cookies de origen y de terceros<\/strong><\/p><ul class=\"ak-ul\" data-indent-level=\"1\"><li><p data-renderer-start-pos=\"1577\">Las cookies de origen las instala directamente el sitio web o cualquiera de los subdominios del sitio web.<\/p><\/li><li><p data-renderer-start-pos=\"1687\">Las cookies de terceros las instalan sitios web que no gestionamos nosotros, como nuestros subencargados del tratamiento u otros socios tecnol\u00f3gicos.<\/p><\/li><\/ul><h1 id=\"[hardBreak]\u00bfQu\u00e9-tipos-de-cookies-utilizamos?\" data-renderer-start-pos=\"1840\">\u00bfQu\u00e9 tipos de cookies utilizamos?<\/h1><h2 id=\"[hardBreak]Cookies-esenciales\" data-renderer-start-pos=\"1876\"><strong>Cookies esenciales<\/strong><\/h2><p data-renderer-start-pos=\"1897\">Almacenamos cookies en su dispositivo si son necesarias para poder ofrecer y prestar nuestros servicios. Tambi\u00e9n son necesarias para que pueda navegar por el sitio web y la aplicaci\u00f3n web y disfrutar de todas las funciones disponibles. Estas cookies no se pueden desactivar y est\u00e1n configuradas para opciones muy b\u00e1sicas en el sitio web, como el inicio de sesi\u00f3n, los formularios y las preferencias establecidas, como la zona horaria o los idiomas.<\/p><h2 data-renderer-start-pos=\"2347\">\u00a0<\/h2><h2 id=\"Cookies-anal\u00edticas\" data-renderer-start-pos=\"2347\"><strong>Cookies anal\u00edticas<\/strong><\/h2><p data-renderer-start-pos=\"2367\">Estas cookies se instalan para ayudarnos a saber c\u00f3mo interact\u00faa con las opciones disponibles en el sitio web, qu\u00e9 partes utiliza m\u00e1s y c\u00f3mo interact\u00faa con nuestros servicios. Esto nos ayuda a crear estad\u00edsticas de uso y de la cantidad de tiempo que pasa en el sitio web. Estas estad\u00edsticas nos ayudar\u00e1n en \u00faltima instancia a mejorar nuestro sitio web y cualquier servicio que ofrezcamos en \u00e9l.<\/p><h2 data-renderer-start-pos=\"2763\">\u00a0<\/h2><h2 id=\"Cookies-de-marketing\" data-renderer-start-pos=\"2763\"><strong>Cookies de marketing<\/strong><\/h2><p data-renderer-start-pos=\"2785\">Estas cookies se utilizan para ofrecerle anuncios que pueden ser relevantes o de inter\u00e9s para usted cuando navega por internet. En la mayor\u00eda de los casos las instalan terceros cuando interact\u00faa con su contenido en nuestro sitio web.<\/p><h2 data-renderer-start-pos=\"3020\">\u00a0<\/h2><h2 id=\"Cookies-de-personalizaci\u00f3n\" data-renderer-start-pos=\"3020\"><strong>Cookies de personalizaci\u00f3n<\/strong><\/h2><p data-renderer-start-pos=\"3048\">Estas cookies se instalan para ayudarnos a ofrecerle una mejor funcionalidad del sitio web y de nuestros servicios, as\u00ed como a personalizarlos m\u00e1s para usted.<\/p><p data-renderer-start-pos=\"3208\">Puede bloquear estas cookies, pero si lo hace, es posible que algunas partes del sitio web no funcionen de la forma que pretendemos.<\/p><h1 data-renderer-start-pos=\"3342\">\u00a0<\/h1><h1 id=\"\u00bfC\u00f3mo-utilizamos-las-cookies?\" data-renderer-start-pos=\"3342\">\u00bfC\u00f3mo utilizamos las cookies?<\/h1><p data-renderer-start-pos=\"3373\">Recopilamos datos utilizando las cookies descritas para medir el tr\u00e1fico a nuestro sitio web, para conocer su comportamiento con el fin de optimizar la experiencia del usuario, as\u00ed como para personalizar el contenido de los sitios web y proporcionar publicidad relevante que pueda ser de su inter\u00e9s. Adem\u00e1s, utilizamos los datos recopilados para el desarrollo de nuestras p\u00e1ginas web.<\/p><h3 data-renderer-start-pos=\"3759\">\u00a0<\/h3><h2 id=\"C\u00f3mo-bloquear-las-cookies\" data-renderer-start-pos=\"3759\"><strong>C\u00f3mo bloquear las cookies<\/strong><\/h2><p data-renderer-start-pos=\"3786\">Puede detener o restringir la instalaci\u00f3n de cookies y otras tecnolog\u00edas de seguimiento, como etiquetas de p\u00edxeles. Puede hacerlo bloque\u00e1ndolas en su dispositivo o elimin\u00e1ndolas y ajustando las preferencias de su navegador. Esto puede variar en funci\u00f3n del dispositivo y del navegador.<\/p><p data-renderer-start-pos=\"4073\">Una vez que bloquee correctamente las cookies en su navegador, es posible que algunas partes del sitio web no est\u00e9n disponibles para usted o que no funcionen correctamente.<\/p><h3 data-renderer-start-pos=\"4247\">\u00a0<\/h3><h2 id=\"C\u00f3mo-revocar-un-consentimiento-otorgado\" data-renderer-start-pos=\"4247\"><strong>C\u00f3mo revocar un consentimiento otorgado<\/strong><\/h2><p data-renderer-start-pos=\"4288\">Para revocar un consentimiento que haya otorgado, puede hacer clic en el peque\u00f1o icono de cookie de la parte inferior de los sitios web. No tiene m\u00e1s que cambiar la posici\u00f3n del bot\u00f3n de consentimiento y hacer clic en \u00abGuardar\u00bb.<\/p><h3 data-renderer-start-pos=\"4518\">\u00a0<\/h3><h2 id=\"Lista-de-cookies\" data-renderer-start-pos=\"4518\"><strong>Lista de cookies<\/strong><\/h2><p data-renderer-start-pos=\"4536\">La lista de cookies que utiliza Autorola se puede ver en la casilla de consentimiento de cookies que hay debajo de cada categor\u00eda de cookies.<\/p><h1 data-renderer-start-pos=\"4679\">\u00a0<\/h1><h1 id=\"Contacto\" data-renderer-start-pos=\"4679\">Contacta<\/h1><p data-renderer-start-pos=\"4689\">Si tiene alguna pregunta sobre este documento, p\u00f3ngase en contacto con nosotros.<\/p><p data-renderer-start-pos=\"4771\">Autorola A\/S<br \/>Skibhusvej 52A<br \/>DK-5000 Odense C<br \/>Dinamarca<\/p><p data-renderer-start-pos=\"4827\">Tel.: +45 70 20 16 61<br \/>Correo electr\u00f3nico: <a class=\"confluence-ssr-app-tgpl01\" title=\"mailto:gdpr@autorola.com\" href=\"mailto:gdpr@autorola.com\" data-testid=\"link-with-safety\" data-renderer-mark=\"true\">gdpr@autorola.com<\/a><\/p>\t\t\t\t\t\t\t\t<\/div>\n\t\t\t\t<\/div>\n\t\t\t\t\t<\/div>\n\t\t<\/div>\n\t\t\t\t\t<\/div>\n\t\t<\/section>\n\t\t\t\t<\/div>\n\t\t","protected":false},"excerpt":{"rendered":"<p>Cookies Este documento le proporcionar\u00e1 informaci\u00f3n sobre la forma y la raz\u00f3n por la que hacemos uso de cookies. Tambi\u00e9n le informaremos de cu\u00e1les son las cookies que utilizamos y le daremos cierta informaci\u00f3n sobre terceros que tambi\u00e9n tienen cookies en nuestro sitio web. Resumen Este documento se aplica a: Visitantes del sitio web Este [&hellip;]<\/p>\n","protected":false},"author":12,"featured_media":0,"parent":0,"menu_order":40,"comment_status":"closed","ping_status":"closed","template":"","meta":{"_acf_changed":false,"inline_featured_image":false,"site-sidebar-layout":"no-sidebar","site-content-layout":"page-builder","ast-site-content-layout":"default","site-content-style":"default","site-sidebar-style":"default","ast-global-header-display":"","ast-banner-title-visibility":"","ast-main-header-display":"","ast-hfb-above-header-display":"","ast-hfb-below-header-display":"","ast-hfb-mobile-header-display":"","site-post-title":"disabled","ast-breadcrumbs-content":"","ast-featured-img":"disabled","footer-sml-layout":"","theme-transparent-header-meta":"","adv-header-id-meta":"","stick-header-meta":"","header-above-stick-meta":"","header-main-stick-meta":"","header-below-stick-meta":"","astra-migrate-meta-layouts":"default","ast-page-background-enabled":"default","ast-page-background-meta":{"desktop":{"background-color":"","background-image":"","background-repeat":"repeat","background-position":"center center","background-size":"auto","background-attachment":"scroll","background-type":"","background-media":"","overlay-type":"","overlay-color":"","overlay-opacity":"","overlay-gradient":""},"tablet":{"background-color":"","background-image":"","background-repeat":"repeat","background-position":"center center","background-size":"auto","background-attachment":"scroll","background-type":"","background-media":"","overlay-type":"","overlay-color":"","overlay-opacity":"","overlay-gradient":""},"mobile":{"background-color":"","background-image":"","background-repeat":"repeat","background-position":"center center","background-size":"auto","background-attachment":"scroll","background-type":"","background-media":"","overlay-type":"","overlay-color":"","overlay-opacity":"","overlay-gradient":""}},"ast-content-background-meta":{"desktop":{"background-color":"var(--ast-global-color-5)","background-image":"","background-repeat":"repeat","background-position":"center center","background-size":"auto","background-attachment":"scroll","background-type":"","background-media":"","overlay-type":"","overlay-color":"","overlay-opacity":"","overlay-gradient":""},"tablet":{"background-color":"var(--ast-global-color-5)","background-image":"","background-repeat":"repeat","background-position":"center center","background-size":"auto","background-attachment":"scroll","background-type":"","background-media":"","overlay-type":"","overlay-color":"","overlay-opacity":"","overlay-gradient":""},"mobile":{"background-color":"var(--ast-global-color-5)","background-image":"","background-repeat":"repeat","background-position":"center center","background-size":"auto","background-attachment":"scroll","background-type":"","background-media":"","overlay-type":"","overlay-color":"","overlay-opacity":"","overlay-gradient":""}},"footnotes":""},"class_list":["post-15363","page","type-page","status-publish","hentry"],"acf":[],"yoast_head":"<!-- This site is optimized with the Yoast SEO plugin v27.0 - https:\/\/yoast.com\/product\/yoast-seo-wordpress\/ -->\n<title>Cookies - Autorola Solutions<\/title>\n<meta name=\"robots\" content=\"index, follow, max-snippet:-1, max-image-preview:large, max-video-preview:-1\" \/>\n<link rel=\"canonical\" href=\"https:\/\/stage.autorolasolutions.com\/mx\/cookies\/\" \/>\n<meta property=\"og:locale\" content=\"en_US\" \/>\n<meta property=\"og:type\" content=\"article\" \/>\n<meta property=\"og:title\" content=\"Cookies - Autorola Solutions\" \/>\n<meta property=\"og:description\" content=\"Cookies Este documento le proporcionar\u00e1 informaci\u00f3n sobre la forma y la raz\u00f3n por la que hacemos uso de cookies. Tambi\u00e9n le informaremos de cu\u00e1les son las cookies que utilizamos y le daremos cierta informaci\u00f3n sobre terceros que tambi\u00e9n tienen cookies en nuestro sitio web. Resumen Este documento se aplica a: Visitantes del sitio web Este [&hellip;]\" \/>\n<meta property=\"og:url\" content=\"https:\/\/stage.autorolasolutions.com\/mx\/cookies\/\" \/>\n<meta property=\"og:site_name\" content=\"Autorola Solutions\" \/>\n<meta property=\"article:modified_time\" content=\"2025-02-19T15:23:21+00:00\" \/>\n<meta name=\"twitter:card\" content=\"summary_large_image\" \/>\n<meta name=\"twitter:label1\" content=\"Est. reading time\" \/>\n\t<meta name=\"twitter:data1\" content=\"5 minutes\" \/>\n<script type=\"application\/ld+json\" class=\"yoast-schema-graph\">{\"@context\":\"https:\/\/schema.org\",\"@graph\":[{\"@type\":\"WebPage\",\"@id\":\"https:\/\/stage.autorolasolutions.com\/mx\/cookies\/\",\"url\":\"https:\/\/stage.autorolasolutions.com\/mx\/cookies\/\",\"name\":\"Cookies - Autorola Solutions\",\"isPartOf\":{\"@id\":\"https:\/\/stage.autorolasolutions.com\/#website\"},\"datePublished\":\"2023-11-20T11:52:29+00:00\",\"dateModified\":\"2025-02-19T15:23:21+00:00\",\"breadcrumb\":{\"@id\":\"https:\/\/stage.autorolasolutions.com\/mx\/cookies\/#breadcrumb\"},\"inLanguage\":\"mx-MX\",\"potentialAction\":[{\"@type\":\"ReadAction\",\"target\":[\"https:\/\/stage.autorolasolutions.com\/mx\/cookies\/\"]}]},{\"@type\":\"BreadcrumbList\",\"@id\":\"https:\/\/stage.autorolasolutions.com\/mx\/cookies\/#breadcrumb\",\"itemListElement\":[{\"@type\":\"ListItem\",\"position\":1,\"name\":\"Home\",\"item\":\"https:\/\/stage.autorolasolutions.com\/\"},{\"@type\":\"ListItem\",\"position\":2,\"name\":\"Cookies\"}]},{\"@type\":\"WebSite\",\"@id\":\"https:\/\/stage.autorolasolutions.com\/#website\",\"url\":\"https:\/\/stage.autorolasolutions.com\/\",\"name\":\"Autorola Solutions\",\"description\":\"\",\"publisher\":{\"@id\":\"https:\/\/stage.autorolasolutions.com\/#organization\"},\"potentialAction\":[{\"@type\":\"SearchAction\",\"target\":{\"@type\":\"EntryPoint\",\"urlTemplate\":\"https:\/\/stage.autorolasolutions.com\/?s={search_term_string}\"},\"query-input\":{\"@type\":\"PropertyValueSpecification\",\"valueRequired\":true,\"valueName\":\"search_term_string\"}}],\"inLanguage\":\"mx-MX\"},{\"@type\":\"Organization\",\"@id\":\"https:\/\/stage.autorolasolutions.com\/#organization\",\"name\":\"Autorola Solutions\",\"url\":\"https:\/\/stage.autorolasolutions.com\/\",\"logo\":{\"@type\":\"ImageObject\",\"inLanguage\":\"mx-MX\",\"@id\":\"https:\/\/stage.autorolasolutions.com\/#\/schema\/logo\/image\/\",\"url\":\"https:\/\/stage.autorolasolutions.com\/wp-content\/uploads\/2025\/01\/Autorola_Solutions_Logo_Left_Screen_RGB.svg\",\"contentUrl\":\"https:\/\/stage.autorolasolutions.com\/wp-content\/uploads\/2025\/01\/Autorola_Solutions_Logo_Left_Screen_RGB.svg\",\"width\":143,\"height\":44,\"caption\":\"Autorola Solutions\"},\"image\":{\"@id\":\"https:\/\/stage.autorolasolutions.com\/#\/schema\/logo\/image\/\"},\"sameAs\":[\"https:\/\/www.linkedin.com\/company\/autorolasolutions\/\"]}]}<\/script>\n<!-- \/ Yoast SEO plugin. -->","yoast_head_json":{"title":"Cookies - Autorola Solutions","robots":{"index":"index","follow":"follow","max-snippet":"max-snippet:-1","max-image-preview":"max-image-preview:large","max-video-preview":"max-video-preview:-1"},"canonical":"https:\/\/stage.autorolasolutions.com\/mx\/cookies\/","og_locale":"en_US","og_type":"article","og_title":"Cookies - Autorola Solutions","og_description":"Cookies Este documento le proporcionar\u00e1 informaci\u00f3n sobre la forma y la raz\u00f3n por la que hacemos uso de cookies. Tambi\u00e9n le informaremos de cu\u00e1les son las cookies que utilizamos y le daremos cierta informaci\u00f3n sobre terceros que tambi\u00e9n tienen cookies en nuestro sitio web. Resumen Este documento se aplica a: Visitantes del sitio web Este [&hellip;]","og_url":"https:\/\/stage.autorolasolutions.com\/mx\/cookies\/","og_site_name":"Autorola Solutions","article_modified_time":"2025-02-19T15:23:21+00:00","twitter_card":"summary_large_image","twitter_misc":{"Est. reading time":"5 minutes"},"schema":{"@context":"https:\/\/schema.org","@graph":[{"@type":"WebPage","@id":"https:\/\/stage.autorolasolutions.com\/mx\/cookies\/","url":"https:\/\/stage.autorolasolutions.com\/mx\/cookies\/","name":"Cookies - Autorola Solutions","isPartOf":{"@id":"https:\/\/stage.autorolasolutions.com\/#website"},"datePublished":"2023-11-20T11:52:29+00:00","dateModified":"2025-02-19T15:23:21+00:00","breadcrumb":{"@id":"https:\/\/stage.autorolasolutions.com\/mx\/cookies\/#breadcrumb"},"inLanguage":"mx-MX","potentialAction":[{"@type":"ReadAction","target":["https:\/\/stage.autorolasolutions.com\/mx\/cookies\/"]}]},{"@type":"BreadcrumbList","@id":"https:\/\/stage.autorolasolutions.com\/mx\/cookies\/#breadcrumb","itemListElement":[{"@type":"ListItem","position":1,"name":"Home","item":"https:\/\/stage.autorolasolutions.com\/"},{"@type":"ListItem","position":2,"name":"Cookies"}]},{"@type":"WebSite","@id":"https:\/\/stage.autorolasolutions.com\/#website","url":"https:\/\/stage.autorolasolutions.com\/","name":"Autorola Solutions","description":"","publisher":{"@id":"https:\/\/stage.autorolasolutions.com\/#organization"},"potentialAction":[{"@type":"SearchAction","target":{"@type":"EntryPoint","urlTemplate":"https:\/\/stage.autorolasolutions.com\/?s={search_term_string}"},"query-input":{"@type":"PropertyValueSpecification","valueRequired":true,"valueName":"search_term_string"}}],"inLanguage":"mx-MX"},{"@type":"Organization","@id":"https:\/\/stage.autorolasolutions.com\/#organization","name":"Autorola Solutions","url":"https:\/\/stage.autorolasolutions.com\/","logo":{"@type":"ImageObject","inLanguage":"mx-MX","@id":"https:\/\/stage.autorolasolutions.com\/#\/schema\/logo\/image\/","url":"https:\/\/stage.autorolasolutions.com\/wp-content\/uploads\/2025\/01\/Autorola_Solutions_Logo_Left_Screen_RGB.svg","contentUrl":"https:\/\/stage.autorolasolutions.com\/wp-content\/uploads\/2025\/01\/Autorola_Solutions_Logo_Left_Screen_RGB.svg","width":143,"height":44,"caption":"Autorola Solutions"},"image":{"@id":"https:\/\/stage.autorolasolutions.com\/#\/schema\/logo\/image\/"},"sameAs":["https:\/\/www.linkedin.com\/company\/autorolasolutions\/"]}]}},"_links":{"self":[{"href":"https:\/\/stage.autorolasolutions.com\/mx\/wp-json\/wp\/v2\/pages\/15363","targetHints":{"allow":["GET"]}}],"collection":[{"href":"https:\/\/stage.autorolasolutions.com\/mx\/wp-json\/wp\/v2\/pages"}],"about":[{"href":"https:\/\/stage.autorolasolutions.com\/mx\/wp-json\/wp\/v2\/types\/page"}],"author":[{"embeddable":true,"href":"https:\/\/stage.autorolasolutions.com\/mx\/wp-json\/wp\/v2\/users\/12"}],"replies":[{"embeddable":true,"href":"https:\/\/stage.autorolasolutions.com\/mx\/wp-json\/wp\/v2\/comments?post=15363"}],"version-history":[{"count":10,"href":"https:\/\/stage.autorolasolutions.com\/mx\/wp-json\/wp\/v2\/pages\/15363\/revisions"}],"predecessor-version":[{"id":60742,"href":"https:\/\/stage.autorolasolutions.com\/mx\/wp-json\/wp\/v2\/pages\/15363\/revisions\/60742"}],"wp:attachment":[{"href":"https:\/\/stage.autorolasolutions.com\/mx\/wp-json\/wp\/v2\/media?parent=15363"}],"curies":[{"name":"wp","href":"https:\/\/api.w.org\/{rel}","templated":true}]}}