{"id":6180,"date":"2021-11-09T12:36:45","date_gmt":"2021-11-09T11:36:45","guid":{"rendered":"https:\/\/stage.autorolasolutions.com\/solutions\/challenge\/establish-auditing-acceptability\/"},"modified":"2025-01-31T10:49:02","modified_gmt":"2025-01-31T09:49:02","slug":"etabler-revisionssikre-processer","status":"publish","type":"page","link":"https:\/\/stage.autorolasolutions.com\/da\/solutions\/udfordringer\/etabler-revisionssikre-processer\/","title":{"rendered":"Etabl\u00e9r revisionssikre processer"},"content":{"rendered":"\t\t<div data-elementor-type=\"wp-page\" data-elementor-id=\"6180\" class=\"elementor elementor-6180 elementor-115\" data-elementor-post-type=\"page\">\n\t\t\t\t\t\t<section class=\"elementor-section elementor-top-section elementor-element elementor-element-0b9e96b elementor-section-boxed elementor-section-height-default elementor-section-height-default\" data-id=\"0b9e96b\" data-element_type=\"section\" data-e-type=\"section\">\n\t\t\t\t\t\t<div class=\"elementor-container elementor-column-gap-default\">\n\t\t\t\t\t<div class=\"elementor-column elementor-col-100 elementor-top-column elementor-element elementor-element-dda944b\" data-id=\"dda944b\" data-element_type=\"column\" data-e-type=\"column\">\n\t\t\t<div class=\"elementor-widget-wrap elementor-element-populated\">\n\t\t\t\t\t\t<div class=\"elementor-element elementor-element-30d72a6 elementor-widget elementor-widget-text-editor\" data-id=\"30d72a6\" data-element_type=\"widget\" data-e-type=\"widget\" data-widget_type=\"text-editor.default\">\n\t\t\t\t<div class=\"elementor-widget-container\">\n\t\t\t\t\t\t\t\t\t<h1>Etabler revisionssikre processer<\/h1><h2>Hvordan dokumenterer jeg at vi lever op til g\u00e6ldende standarder og krav til governance ?<\/h2><p>P\u00e5 grund af samarbejdet med mange forskellige kunder og tjenesteudbydere spiller datagennemsigtighed samt fuldst\u00e6ndige, uforanderlige og verificerbare oplysninger om alle juridiske processer en uundv\u00e6rlig rolle. Med den digitale k\u00f8ret\u00f8jsfil og den uforanderlige systemlog i Autorola Fleet Monitor har du alle data om hvert af dine k\u00f8ret\u00f8jer p\u00e5 et \u00f8jeblik og opdateret i realtid.<\/p><p>Takket v\u00e6re vores tilpassede rolle- og rettighedssystem kan adgange og autorisationer tildeles p\u00e5 en s\u00e5dan m\u00e5de, at b\u00e5de multiklientkapacitet og overholdelse af alle GDPR-krav altid er garanteret.<\/p><ol><li><strong>Etabler datagennemsigtighed:<\/strong> Etabler datagennemsigtighed ved hj\u00e6lp af et centraliseret system som Fleet Monitor, der giver mulighed for opdateringer i realtid og adgang til alle data om hvert af dine k\u00f8ret\u00f8jer.<\/li><li><strong>S\u00f8rg for dataintegritet:<\/strong> S\u00f8rg for dataintegritet ved hj\u00e6lp af en uforanderlig systemlog i dit system, der kan spore \u00e6ndringer og opretholde et klart revisionsspor.<\/li><li><strong>Brug tilpassede roller og rettighedssystem:<\/strong> Brug et tilpasset rolle- og rettighedssystem til at sikre, at adgang og autorisationer tildeles p\u00e5 en m\u00e5de, s\u00e5 b\u00e5de multiklientkapacitet og overholdelse af alle GDPR-krav garanteres.<\/li><li><strong>Udf\u00f8r regelm\u00e6ssige revisioner:<\/strong> Udf\u00f8r regelm\u00e6ssige revisioner af dine processer for at identificere eventuelle svaghedsomr\u00e5der eller potentielle risici. Dette kan hj\u00e6lpe dig med at tage proaktive skridt til at afb\u00f8de eventuelle problemer og sikre overholdelse af juridiske krav.<\/li><li><strong>Implementer sikkerhedsforanstaltninger:<\/strong> Implementer sikkerhedsforanstaltninger s\u00e5som tofaktor-godkendelse, kryptering og firewalls for at sikre, at dine data er sikre og beskyttet mod uautoriseret adgang.<\/li><\/ol><p>Ved at implementere disse strategier i en Fleet Monitor-platform kan du skabe revisionssikkerhed for dine processer og sikre, at dine data forbliver gennemsigtige, sikre og overholder lovkrav.<\/p>\t\t\t\t\t\t\t\t<\/div>\n\t\t\t\t<\/div>\n\t\t\t\t\t<\/div>\n\t\t<\/div>\n\t\t\t\t\t<\/div>\n\t\t<\/section>\n\t\t\t\t<section class=\"elementor-section elementor-top-section elementor-element elementor-element-36ec6a3 elementor-section-full_width elementor-section-height-default elementor-section-height-default\" data-id=\"36ec6a3\" data-element_type=\"section\" data-e-type=\"section\" data-settings=\"{&quot;background_background&quot;:&quot;classic&quot;}\">\n\t\t\t\t\t\t<div class=\"elementor-container elementor-column-gap-default\">\n\t\t\t\t\t<div class=\"elementor-column elementor-col-50 elementor-top-column elementor-element elementor-element-bdff059\" data-id=\"bdff059\" data-element_type=\"column\" data-e-type=\"column\">\n\t\t\t<div class=\"elementor-widget-wrap elementor-element-populated\">\n\t\t\t\t\t\t<div class=\"elementor-element elementor-element-84d4c61 elementor-widget elementor-widget-html\" data-id=\"84d4c61\" data-element_type=\"widget\" data-e-type=\"widget\" data-widget_type=\"html.default\">\n\t\t\t\t<div class=\"elementor-widget-container\">\n\t\t\t\t\t<?xml version=\"1.0\" encoding=\"utf-8\"?>\n<!-- Generator: Adobe Illustrator 25.3.1, SVG Export Plug-In . SVG Version: 6.00 Build 0)  -->\n<svg class=\"kaeseecke\" version=\"1.1\" id=\"Ebene_2_1_\" xmlns=\"http:\/\/www.w3.org\/2000\/svg\" xmlns:xlink=\"http:\/\/www.w3.org\/1999\/xlink\" x=\"0px\" y=\"0px\"\n\t viewBox=\"0 0 960 960\" style=\"enable-background:new 0 0 960 960;\" xml:space=\"preserve\">\n<style type=\"text\/css\">\n\t.st0{fill:#9E9E9E;}\n<\/style>\n<polygon class=\"A st0\" points=\"209.4,778.6 445.3,492.9 80,431.6 \"\/>\n<g class=\"F\" id=\"Banken\">\n\t<defs>\n\t\t<polygon id=\"Banken_1_\" points=\"356.7,96.4 486.1,443.4 722,157.8 \t\t\"\/>\n\t<\/defs>\n\t<clipPath id=\"Banken_2_\">\n\t\t<use xlink:href=\"#Banken_1_\"  style=\"overflow:visible;\"\/>\n\t<\/clipPath>\n\t<g transform=\"matrix(1 0 0 1 1.525879e-05 0)\" style=\"clip-path:url(#Banken_2_);\">\n\t\t\n\t\t\t<image class=\"kaeseimage\" style=\"overflow:visible;\" width=\"1264\" height=\"843\" xlink:href=\"\/wp-content\/uploads\/2021\/09\/money-blau.png\"  transform=\"matrix(0.5459 0 0 0.5459 215 27.589)\">\n\t\t<\/image>\n\t<\/g>\n<\/g>\n<g class=\"C\" id=\"Haendler\">\n\t<defs>\n\t\t<polygon id=\"Haendler_1_\" points=\"514.7,467.1 880,528.4 750.6,181.4 \t\t\"\/>\n\t<\/defs>\n\t<clipPath id=\"Haendler_2_\">\n\t\t<use xlink:href=\"#Haendler_1_\"  style=\"overflow:visible;\"\/>\n\t<\/clipPath>\n\t<g transform=\"matrix(1 0 0 1 0 0)\" style=\"clip-path:url(#Haendler_2_);\">\n\t\t\n\t\t\t<image class=\"kaeseimage\" style=\"overflow:visible;\" width=\"2000\" height=\"953\" xlink:href=\"\/wp-content\/uploads\/2021\/09\/Shaking-hands-blau.png\"  transform=\"matrix(0.395 0 0 0.395 200.3094 156.043)\">\n\t\t<\/image>\n\t<\/g>\n<\/g>\n<g class=\"D\" id=\"Hersteller\">\n\t<defs>\n\t\t<polygon id=\"Hersteller_1_\" points=\"322,109.4 86.1,395 451.4,456.4 \t\t\"\/>\n\t<\/defs>\n\t<clipPath id=\"Hersteller_2_\">\n\t\t<use xlink:href=\"#Hersteller_1_\"  style=\"overflow:visible;\"\/>\n\t<\/clipPath>\n\t<g style=\"clip-path:url(#Hersteller_2_);\">\n\t\t\n\t\t\t<image class=\"kaeseimage\" style=\"overflow:visible;\" width=\"1070\" height=\"714\" xlink:href=\"\/wp-content\/uploads\/2021\/09\/Fahrzeugbau-blau.png\"  transform=\"matrix(0.5701 0 0 0.5701 32.1523 72.9533)\">\n\t\t<\/image>\n\t<\/g>\n<\/g>\n<g class=\"B\" id=\"Leasing\">\n\t<defs>\n\t\t<polygon id=\"Leasing_2_\" points=\"638,850.6 873.9,565 508.6,503.6 \t\t\"\/>\n\t<\/defs>\n\t<clipPath id=\"Leasing_1_\">\n\t\t<use xlink:href=\"#Leasing_2_\"  style=\"overflow:visible;\"\/>\n\t<\/clipPath>\n\t<g transform=\"matrix(1 2.980232e-08 -2.980232e-08 1 0 0)\" style=\"clip-path:url(#Leasing_1_);\">\n\t\t\n\t\t\t<image class=\"kaeseimage\" style=\"overflow:visible;\" width=\"1270\" height=\"714\" xlink:href=\"\/wp-content\/uploads\/2021\/09\/Parkplatz-blau.png\"  transform=\"matrix(0.9072 0.2335 -0.2335 0.9072 295.6266 390.6233)\">\n\t\t<\/image>\n\t<\/g>\n<\/g>\n<g class=\"E\" id=\"Logistikanbieter\">\n\t<defs>\n\t\t<polygon id=\"Logistikanbieter_1_\" points=\"473.9,516.6 238,802.2 603.3,863.6 \t\t\"\/>\n\t<\/defs>\n\t<clipPath id=\"Logistikanbieter_2_\">\n\t\t<use xlink:href=\"#Logistikanbieter_1_\"  style=\"overflow:visible;\"\/>\n\t<\/clipPath>\n\t<g transform=\"matrix(1 0 0 1 0 1.525879e-05)\" style=\"clip-path:url(#Logistikanbieter_2_);\">\n\t\t\n\t\t\t<image class=\"kaeseimage\" style=\"overflow:visible;\" width=\"1072\" height=\"714\" xlink:href=\"\/wp-content\/uploads\/2021\/09\/street-blau.png\"  transform=\"matrix(1.0858 0 0 1.0858 -295.8258 244.9563)\">\n\t\t<\/image>\n\t<\/g>\n<\/g>\n<\/svg>\n\t\t\t\t<\/div>\n\t\t\t\t<\/div>\n\t\t\t\t\t<\/div>\n\t\t<\/div>\n\t\t\t\t<div class=\"elementor-column elementor-col-50 elementor-top-column elementor-element elementor-element-1e532c4\" data-id=\"1e532c4\" data-element_type=\"column\" data-e-type=\"column\">\n\t\t\t<div class=\"elementor-widget-wrap elementor-element-populated\">\n\t\t\t\t\t\t<div class=\"elementor-element elementor-element-a66c204 elementor-widget elementor-widget-text-editor\" data-id=\"a66c204\" data-element_type=\"widget\" data-e-type=\"widget\" data-widget_type=\"text-editor.default\">\n\t\t\t\t<div class=\"elementor-widget-container\">\n\t\t\t\t\t\t\t\t\t<h3>JERES FORDELE<\/h3>\t\t\t\t\t\t\t\t<\/div>\n\t\t\t\t<\/div>\n\t\t\t\t<div class=\"elementor-element elementor-element-4e16afe sub-solutions elementor-list-item-link-inline elementor-icon-list--layout-traditional elementor-widget elementor-widget-icon-list\" data-id=\"4e16afe\" data-element_type=\"widget\" data-e-type=\"widget\" data-widget_type=\"icon-list.default\">\n\t\t\t\t<div class=\"elementor-widget-container\">\n\t\t\t\t\t\t\t<ul class=\"elementor-icon-list-items\">\n\t\t\t\t\t\t\t<li class=\"elementor-icon-list-item\">\n\t\t\t\t\t\t\t\t\t\t\t<a href=\"https:\/\/stage.autorolasolutions.com\/da\/solutions\/udfordringer\/minimer-spildtid\/\" class=\"B C D F\">\n\n\t\t\t\t\t\t\t\t\t\t\t<span class=\"elementor-icon-list-text\">Minim\u00e9r spildtid<\/span>\n\t\t\t\t\t\t\t\t\t\t\t<\/a>\n\t\t\t\t\t\t\t\t\t<\/li>\n\t\t\t\t\t\t\t\t<li class=\"elementor-icon-list-item\">\n\t\t\t\t\t\t\t\t\t\t\t<a href=\"https:\/\/stage.autorolasolutions.com\/da\/solutions\/udfordringer\/optimer-jeres-processer\/\" class=\"B C D E F\">\n\n\t\t\t\t\t\t\t\t\t\t\t<span class=\"elementor-icon-list-text\">Optimer processer<\/span>\n\t\t\t\t\t\t\t\t\t\t\t<\/a>\n\t\t\t\t\t\t\t\t\t<\/li>\n\t\t\t\t\t\t\t\t<li class=\"elementor-icon-list-item\">\n\t\t\t\t\t\t\t\t\t\t\t<a href=\"https:\/\/stage.autorolasolutions.com\/da\/solutions\/udfordringer\/jeres-digitale-landskab\/\" class=\"C D E\">\n\n\t\t\t\t\t\t\t\t\t\t\t<span class=\"elementor-icon-list-text\">Digitaliser systemlandskab<\/span>\n\t\t\t\t\t\t\t\t\t\t\t<\/a>\n\t\t\t\t\t\t\t\t\t<\/li>\n\t\t\t\t\t\t\t\t<li class=\"elementor-icon-list-item\">\n\t\t\t\t\t\t\t\t\t\t\t<a href=\"https:\/\/stage.autorolasolutions.com\/da\/solutions\/udfordringer\/optimer-jeres-salg\/\" class=\"B C D E F\">\n\n\t\t\t\t\t\t\t\t\t\t\t<span class=\"elementor-icon-list-text\">Optimer salg<\/span>\n\t\t\t\t\t\t\t\t\t\t\t<\/a>\n\t\t\t\t\t\t\t\t\t<\/li>\n\t\t\t\t\t\t\t\t<li class=\"elementor-icon-list-item\">\n\t\t\t\t\t\t\t\t\t\t\t<a href=\"https:\/\/stage.autorolasolutions.com\/da\/solutions\/udfordringer\/effektiviser-jeres-logistik\/\" class=\"C D E\">\n\n\t\t\t\t\t\t\t\t\t\t\t<span class=\"elementor-icon-list-text\">Effektiviser logistik<\/span>\n\t\t\t\t\t\t\t\t\t\t\t<\/a>\n\t\t\t\t\t\t\t\t\t<\/li>\n\t\t\t\t\t\t\t\t<li class=\"elementor-icon-list-item\">\n\t\t\t\t\t\t\t\t\t\t\t<a href=\"https:\/\/stage.autorolasolutions.com\/da\/solutions\/udfordringer\/mimimer-jeres-omkostninger\/\" class=\"B C D E F\">\n\n\t\t\t\t\t\t\t\t\t\t\t<span class=\"elementor-icon-list-text\">Reducer omkostninger<\/span>\n\t\t\t\t\t\t\t\t\t\t\t<\/a>\n\t\t\t\t\t\t\t\t\t<\/li>\n\t\t\t\t\t\t\t\t<li class=\"elementor-icon-list-item\">\n\t\t\t\t\t\t\t\t\t\t\t<a href=\"https:\/\/stage.autorolasolutions.com\/da\/solutions\/udfordringer\/etabler-revisionssikre-processer\/\">\n\n\t\t\t\t\t\t\t\t\t\t\t<span class=\"elementor-icon-list-text\">Etabl\u00e9r revisionssikre processer<\/span>\n\t\t\t\t\t\t\t\t\t\t\t<\/a>\n\t\t\t\t\t\t\t\t\t<\/li>\n\t\t\t\t\t\t<\/ul>\n\t\t\t\t\t\t<\/div>\n\t\t\t\t<\/div>\n\t\t\t\t<div class=\"elementor-element elementor-element-c578705 elementor-widget elementor-widget-button\" data-id=\"c578705\" data-element_type=\"widget\" data-e-type=\"widget\" data-widget_type=\"button.default\">\n\t\t\t\t<div class=\"elementor-widget-container\">\n\t\t\t\t\t\t\t\t\t<div class=\"elementor-button-wrapper\">\n\t\t\t\t\t<a class=\"elementor-button elementor-button-link elementor-size-sm elementor-animation-grow\" href=\"https:\/\/stage.autorolasolutions.com\/da\/kontakt-os\/\">\n\t\t\t\t\t\t<span class=\"elementor-button-content-wrapper\">\n\t\t\t\t\t\t<span class=\"elementor-button-icon\">\n\t\t\t\t<i aria-hidden=\"true\" class=\"fas fa-arrow-right\"><\/i>\t\t\t<\/span>\n\t\t\t\t\t\t\t\t\t<span class=\"elementor-button-text\">Kontakt os<\/span>\n\t\t\t\t\t<\/span>\n\t\t\t\t\t<\/a>\n\t\t\t\t<\/div>\n\t\t\t\t\t\t\t\t<\/div>\n\t\t\t\t<\/div>\n\t\t\t\t\t<\/div>\n\t\t<\/div>\n\t\t\t\t\t<\/div>\n\t\t<\/section>\n\t\t\t\t<\/div>\n\t\t","protected":false},"excerpt":{"rendered":"<p>Etabler revisionssikre processer Hvordan dokumenterer jeg at vi lever op til g\u00e6ldende standarder og krav til governance ? P\u00e5 grund af samarbejdet med mange forskellige kunder og tjenesteudbydere spiller datagennemsigtighed samt fuldst\u00e6ndige, uforanderlige og verificerbare oplysninger om alle juridiske processer en uundv\u00e6rlig rolle. Med den digitale k\u00f8ret\u00f8jsfil og den uforanderlige systemlog i Autorola Fleet Monitor [&hellip;]<\/p>\n","protected":false},"author":2,"featured_media":0,"parent":6138,"menu_order":7,"comment_status":"closed","ping_status":"open","template":"","meta":{"_acf_changed":false,"inline_featured_image":false,"site-sidebar-layout":"no-sidebar","site-content-layout":"default","ast-site-content-layout":"default","site-content-style":"default","site-sidebar-style":"default","ast-global-header-display":"","ast-banner-title-visibility":"","ast-main-header-display":"","ast-hfb-above-header-display":"","ast-hfb-below-header-display":"","ast-hfb-mobile-header-display":"","site-post-title":"disabled","ast-breadcrumbs-content":"","ast-featured-img":"disabled","footer-sml-layout":"","theme-transparent-header-meta":"default","adv-header-id-meta":"","stick-header-meta":"default","header-above-stick-meta":"","header-main-stick-meta":"","header-below-stick-meta":"","astra-migrate-meta-layouts":"default","ast-page-background-enabled":"default","ast-page-background-meta":{"desktop":{"background-color":"","background-image":"","background-repeat":"repeat","background-position":"center center","background-size":"auto","background-attachment":"scroll","background-type":"","background-media":"","overlay-type":"","overlay-color":"","overlay-opacity":"","overlay-gradient":""},"tablet":{"background-color":"","background-image":"","background-repeat":"repeat","background-position":"center center","background-size":"auto","background-attachment":"scroll","background-type":"","background-media":"","overlay-type":"","overlay-color":"","overlay-opacity":"","overlay-gradient":""},"mobile":{"background-color":"","background-image":"","background-repeat":"repeat","background-position":"center center","background-size":"auto","background-attachment":"scroll","background-type":"","background-media":"","overlay-type":"","overlay-color":"","overlay-opacity":"","overlay-gradient":""}},"ast-content-background-meta":{"desktop":{"background-color":"var(--ast-global-color-5)","background-image":"","background-repeat":"repeat","background-position":"center center","background-size":"auto","background-attachment":"scroll","background-type":"","background-media":"","overlay-type":"","overlay-color":"","overlay-opacity":"","overlay-gradient":""},"tablet":{"background-color":"var(--ast-global-color-5)","background-image":"","background-repeat":"repeat","background-position":"center center","background-size":"auto","background-attachment":"scroll","background-type":"","background-media":"","overlay-type":"","overlay-color":"","overlay-opacity":"","overlay-gradient":""},"mobile":{"background-color":"var(--ast-global-color-5)","background-image":"","background-repeat":"repeat","background-position":"center center","background-size":"auto","background-attachment":"scroll","background-type":"","background-media":"","overlay-type":"","overlay-color":"","overlay-opacity":"","overlay-gradient":""}},"footnotes":""},"class_list":["post-6180","page","type-page","status-publish","hentry"],"acf":[],"yoast_head":"<!-- This site is optimized with the Yoast SEO plugin v27.0 - https:\/\/yoast.com\/product\/yoast-seo-wordpress\/ -->\n<title>Fastsl\u00e5, at revision er acceptabel | Overholdelsesl\u00f8sninger til bilindustrien<\/title>\n<meta name=\"description\" content=\"Sikre revision, accept og overholdelse i bilindustrien med vores l\u00f8sninger. Oprethold gennemsigtighed, og opfyld lovkrav.\" \/>\n<meta name=\"robots\" content=\"index, follow, max-snippet:-1, max-image-preview:large, max-video-preview:-1\" \/>\n<link rel=\"canonical\" href=\"https:\/\/stage.autorolasolutions.com\/da\/solutions\/udfordringer\/etabler-revisionssikre-processer\/\" \/>\n<meta property=\"og:locale\" content=\"da_DK\" \/>\n<meta property=\"og:type\" content=\"article\" \/>\n<meta property=\"og:title\" content=\"Fastsl\u00e5, at revision er acceptabel | Overholdelsesl\u00f8sninger til bilindustrien\" \/>\n<meta property=\"og:description\" content=\"Sikre revision, accept og overholdelse i bilindustrien med vores l\u00f8sninger. Oprethold gennemsigtighed, og opfyld lovkrav.\" \/>\n<meta property=\"og:url\" content=\"https:\/\/stage.autorolasolutions.com\/da\/solutions\/udfordringer\/etabler-revisionssikre-processer\/\" \/>\n<meta property=\"og:site_name\" content=\"Autorola Solutions\" \/>\n<meta property=\"article:modified_time\" content=\"2025-01-31T09:49:02+00:00\" \/>\n<meta name=\"twitter:card\" content=\"summary_large_image\" \/>\n<meta name=\"twitter:label1\" content=\"Estimeret l\u00e6setid\" \/>\n\t<meta name=\"twitter:data1\" content=\"2 minutter\" \/>\n<script type=\"application\/ld+json\" class=\"yoast-schema-graph\">{\"@context\":\"https:\/\/schema.org\",\"@graph\":[{\"@type\":\"WebPage\",\"@id\":\"https:\/\/stage.autorolasolutions.com\/da\/solutions\/udfordringer\/etabler-revisionssikre-processer\/\",\"url\":\"https:\/\/stage.autorolasolutions.com\/da\/solutions\/udfordringer\/etabler-revisionssikre-processer\/\",\"name\":\"Fastsl\u00e5, at revision er acceptabel | Overholdelsesl\u00f8sninger til bilindustrien\",\"isPartOf\":{\"@id\":\"https:\/\/stage.autorolasolutions.com\/#website\"},\"datePublished\":\"2021-11-09T11:36:45+00:00\",\"dateModified\":\"2025-01-31T09:49:02+00:00\",\"description\":\"Sikre revision, accept og overholdelse i bilindustrien med vores l\u00f8sninger. Oprethold gennemsigtighed, og opfyld lovkrav.\",\"breadcrumb\":{\"@id\":\"https:\/\/stage.autorolasolutions.com\/da\/solutions\/udfordringer\/etabler-revisionssikre-processer\/#breadcrumb\"},\"inLanguage\":\"da-DK\",\"potentialAction\":[{\"@type\":\"ReadAction\",\"target\":[\"https:\/\/stage.autorolasolutions.com\/da\/solutions\/udfordringer\/etabler-revisionssikre-processer\/\"]}]},{\"@type\":\"BreadcrumbList\",\"@id\":\"https:\/\/stage.autorolasolutions.com\/da\/solutions\/udfordringer\/etabler-revisionssikre-processer\/#breadcrumb\",\"itemListElement\":[{\"@type\":\"ListItem\",\"position\":1,\"name\":\"Home\",\"item\":\"https:\/\/stage.autorolasolutions.com\/\"},{\"@type\":\"ListItem\",\"position\":2,\"name\":\"Solutions\",\"item\":\"https:\/\/stage.autorolasolutions.com\/uk\/solutions\/\"},{\"@type\":\"ListItem\",\"position\":3,\"name\":\"Udfordringer\",\"item\":\"https:\/\/stage.autorolasolutions.com\/uk\/solutions\/business-values\/\"},{\"@type\":\"ListItem\",\"position\":4,\"name\":\"Etabl\u00e9r revisionssikre processer\"}]},{\"@type\":\"WebSite\",\"@id\":\"https:\/\/stage.autorolasolutions.com\/#website\",\"url\":\"https:\/\/stage.autorolasolutions.com\/\",\"name\":\"Autorola Solutions\",\"description\":\"\",\"publisher\":{\"@id\":\"https:\/\/stage.autorolasolutions.com\/#organization\"},\"potentialAction\":[{\"@type\":\"SearchAction\",\"target\":{\"@type\":\"EntryPoint\",\"urlTemplate\":\"https:\/\/stage.autorolasolutions.com\/?s={search_term_string}\"},\"query-input\":{\"@type\":\"PropertyValueSpecification\",\"valueRequired\":true,\"valueName\":\"search_term_string\"}}],\"inLanguage\":\"da-DK\"},{\"@type\":\"Organization\",\"@id\":\"https:\/\/stage.autorolasolutions.com\/#organization\",\"name\":\"Autorola Solutions\",\"url\":\"https:\/\/stage.autorolasolutions.com\/\",\"logo\":{\"@type\":\"ImageObject\",\"inLanguage\":\"da-DK\",\"@id\":\"https:\/\/stage.autorolasolutions.com\/#\/schema\/logo\/image\/\",\"url\":\"https:\/\/stage.autorolasolutions.com\/wp-content\/uploads\/2025\/01\/Autorola_Solutions_Logo_Left_Screen_RGB.svg\",\"contentUrl\":\"https:\/\/stage.autorolasolutions.com\/wp-content\/uploads\/2025\/01\/Autorola_Solutions_Logo_Left_Screen_RGB.svg\",\"width\":143,\"height\":44,\"caption\":\"Autorola Solutions\"},\"image\":{\"@id\":\"https:\/\/stage.autorolasolutions.com\/#\/schema\/logo\/image\/\"},\"sameAs\":[\"https:\/\/www.linkedin.com\/company\/autorolasolutions\/\"]}]}<\/script>\n<!-- \/ Yoast SEO plugin. -->","yoast_head_json":{"title":"Fastsl\u00e5, at revision er acceptabel | Overholdelsesl\u00f8sninger til bilindustrien","description":"Sikre revision, accept og overholdelse i bilindustrien med vores l\u00f8sninger. Oprethold gennemsigtighed, og opfyld lovkrav.","robots":{"index":"index","follow":"follow","max-snippet":"max-snippet:-1","max-image-preview":"max-image-preview:large","max-video-preview":"max-video-preview:-1"},"canonical":"https:\/\/stage.autorolasolutions.com\/da\/solutions\/udfordringer\/etabler-revisionssikre-processer\/","og_locale":"da_DK","og_type":"article","og_title":"Fastsl\u00e5, at revision er acceptabel | Overholdelsesl\u00f8sninger til bilindustrien","og_description":"Sikre revision, accept og overholdelse i bilindustrien med vores l\u00f8sninger. Oprethold gennemsigtighed, og opfyld lovkrav.","og_url":"https:\/\/stage.autorolasolutions.com\/da\/solutions\/udfordringer\/etabler-revisionssikre-processer\/","og_site_name":"Autorola Solutions","article_modified_time":"2025-01-31T09:49:02+00:00","twitter_card":"summary_large_image","twitter_misc":{"Estimeret l\u00e6setid":"2 minutter"},"schema":{"@context":"https:\/\/schema.org","@graph":[{"@type":"WebPage","@id":"https:\/\/stage.autorolasolutions.com\/da\/solutions\/udfordringer\/etabler-revisionssikre-processer\/","url":"https:\/\/stage.autorolasolutions.com\/da\/solutions\/udfordringer\/etabler-revisionssikre-processer\/","name":"Fastsl\u00e5, at revision er acceptabel | Overholdelsesl\u00f8sninger til bilindustrien","isPartOf":{"@id":"https:\/\/stage.autorolasolutions.com\/#website"},"datePublished":"2021-11-09T11:36:45+00:00","dateModified":"2025-01-31T09:49:02+00:00","description":"Sikre revision, accept og overholdelse i bilindustrien med vores l\u00f8sninger. Oprethold gennemsigtighed, og opfyld lovkrav.","breadcrumb":{"@id":"https:\/\/stage.autorolasolutions.com\/da\/solutions\/udfordringer\/etabler-revisionssikre-processer\/#breadcrumb"},"inLanguage":"da-DK","potentialAction":[{"@type":"ReadAction","target":["https:\/\/stage.autorolasolutions.com\/da\/solutions\/udfordringer\/etabler-revisionssikre-processer\/"]}]},{"@type":"BreadcrumbList","@id":"https:\/\/stage.autorolasolutions.com\/da\/solutions\/udfordringer\/etabler-revisionssikre-processer\/#breadcrumb","itemListElement":[{"@type":"ListItem","position":1,"name":"Home","item":"https:\/\/stage.autorolasolutions.com\/"},{"@type":"ListItem","position":2,"name":"Solutions","item":"https:\/\/stage.autorolasolutions.com\/uk\/solutions\/"},{"@type":"ListItem","position":3,"name":"Udfordringer","item":"https:\/\/stage.autorolasolutions.com\/uk\/solutions\/business-values\/"},{"@type":"ListItem","position":4,"name":"Etabl\u00e9r revisionssikre processer"}]},{"@type":"WebSite","@id":"https:\/\/stage.autorolasolutions.com\/#website","url":"https:\/\/stage.autorolasolutions.com\/","name":"Autorola Solutions","description":"","publisher":{"@id":"https:\/\/stage.autorolasolutions.com\/#organization"},"potentialAction":[{"@type":"SearchAction","target":{"@type":"EntryPoint","urlTemplate":"https:\/\/stage.autorolasolutions.com\/?s={search_term_string}"},"query-input":{"@type":"PropertyValueSpecification","valueRequired":true,"valueName":"search_term_string"}}],"inLanguage":"da-DK"},{"@type":"Organization","@id":"https:\/\/stage.autorolasolutions.com\/#organization","name":"Autorola Solutions","url":"https:\/\/stage.autorolasolutions.com\/","logo":{"@type":"ImageObject","inLanguage":"da-DK","@id":"https:\/\/stage.autorolasolutions.com\/#\/schema\/logo\/image\/","url":"https:\/\/stage.autorolasolutions.com\/wp-content\/uploads\/2025\/01\/Autorola_Solutions_Logo_Left_Screen_RGB.svg","contentUrl":"https:\/\/stage.autorolasolutions.com\/wp-content\/uploads\/2025\/01\/Autorola_Solutions_Logo_Left_Screen_RGB.svg","width":143,"height":44,"caption":"Autorola Solutions"},"image":{"@id":"https:\/\/stage.autorolasolutions.com\/#\/schema\/logo\/image\/"},"sameAs":["https:\/\/www.linkedin.com\/company\/autorolasolutions\/"]}]}},"_links":{"self":[{"href":"https:\/\/stage.autorolasolutions.com\/da\/wp-json\/wp\/v2\/pages\/6180","targetHints":{"allow":["GET"]}}],"collection":[{"href":"https:\/\/stage.autorolasolutions.com\/da\/wp-json\/wp\/v2\/pages"}],"about":[{"href":"https:\/\/stage.autorolasolutions.com\/da\/wp-json\/wp\/v2\/types\/page"}],"author":[{"embeddable":true,"href":"https:\/\/stage.autorolasolutions.com\/da\/wp-json\/wp\/v2\/users\/2"}],"replies":[{"embeddable":true,"href":"https:\/\/stage.autorolasolutions.com\/da\/wp-json\/wp\/v2\/comments?post=6180"}],"version-history":[{"count":34,"href":"https:\/\/stage.autorolasolutions.com\/da\/wp-json\/wp\/v2\/pages\/6180\/revisions"}],"predecessor-version":[{"id":54848,"href":"https:\/\/stage.autorolasolutions.com\/da\/wp-json\/wp\/v2\/pages\/6180\/revisions\/54848"}],"up":[{"embeddable":true,"href":"https:\/\/stage.autorolasolutions.com\/da\/wp-json\/wp\/v2\/pages\/6138"}],"wp:attachment":[{"href":"https:\/\/stage.autorolasolutions.com\/da\/wp-json\/wp\/v2\/media?parent=6180"}],"curies":[{"name":"wp","href":"https:\/\/api.w.org\/{rel}","templated":true}]}}