{"id":6168,"date":"2021-11-09T15:21:26","date_gmt":"2021-11-09T14:21:26","guid":{"rendered":"https:\/\/stage.autorolasolutions.com\/solutions\/challenge\/control-service-providers\/"},"modified":"2025-01-31T10:48:14","modified_gmt":"2025-01-31T09:48:14","slug":"effektiviser-jeres-logistik","status":"publish","type":"page","link":"https:\/\/stage.autorolasolutions.com\/da\/solutions\/udfordringer\/effektiviser-jeres-logistik\/","title":{"rendered":"Effektivis\u00e9r jeres logistik"},"content":{"rendered":"\t\t<div data-elementor-type=\"wp-page\" data-elementor-id=\"6168\" class=\"elementor elementor-6168 elementor-111\" data-elementor-post-type=\"page\">\n\t\t\t\t\t\t<section class=\"elementor-section elementor-top-section elementor-element elementor-element-7a28982 elementor-section-boxed elementor-section-height-default elementor-section-height-default\" data-id=\"7a28982\" data-element_type=\"section\" data-e-type=\"section\">\n\t\t\t\t\t\t<div class=\"elementor-container elementor-column-gap-default\">\n\t\t\t\t\t<div class=\"elementor-column elementor-col-100 elementor-top-column elementor-element elementor-element-b87d0e6\" data-id=\"b87d0e6\" data-element_type=\"column\" data-e-type=\"column\">\n\t\t\t<div class=\"elementor-widget-wrap elementor-element-populated\">\n\t\t\t\t\t\t<div class=\"elementor-element elementor-element-9737f6d elementor-widget elementor-widget-text-editor\" data-id=\"9737f6d\" data-element_type=\"widget\" data-e-type=\"widget\" data-widget_type=\"text-editor.default\">\n\t\t\t\t<div class=\"elementor-widget-container\">\n\t\t\t\t\t\t\t\t\t<h1>Effektiviser jeres logistik<\/h1><h2>Hvordan samarbejder jeg mest effektivt med mine leverand\u00f8rer ?<\/h2><p>Kommunikation med forskellige tjenesteudbydere er lige s\u00e5 vigtig for dine smidige processer, som det er tidskr\u00e6vende. Samtidig er det n\u00f8dvendigt at samle data og dokumenter fra dine partnere og tjenesteudbydere centralt i \u00e9t system. Desuden kan Fleet Monitor bruges til at overv\u00e5ge tjenesteudbyderspecifikke serviceniveauer for at g\u00f8re centraliseret kontrol mere effektiv.<\/p><p>Dette eliminerer behovet for separate lister. Sammen med Fleet Chat kommunikerer du ogs\u00e5 direkte med enhver tjenesteudbyder, der er integreret i dette system p\u00e5 en nem og realtids m\u00e5de.<\/p><ol><li><strong>Brug et centraliseret system:<\/strong> Brug et centraliseret system, som Fleet Monitor, til at samle data og dokumenter fra dine tjenesteudbydere. Dette kan hj\u00e6lpe med at str\u00f8mline kommunikationen og eliminere behovet for separate lister.<\/li><li><strong>Overv\u00e5g serviceniveauer:<\/strong> Brug fl\u00e5deoverv\u00e5gning til at overv\u00e5ge tjenesteudbyderspecifikke serviceniveauer. Dette kan hj\u00e6lpe dig med at identificere eventuelle problemer eller potentielle forsinkelser, f\u00f8r de bliver et problem, og tage proaktive skridt til at afb\u00f8de dem.<\/li><li><strong>Tilskynd til direkte kommunikation:<\/strong> Brug fl\u00e5dechatten til at muligg\u00f8re direkte kommunikation med dine tjenesteudbydere. Dette kan hj\u00e6lpe med at lette kommunikation og samarbejde i realtid, hvilket kan v\u00e6re s\u00e6rligt vigtigt, n\u00e5r man h\u00e5ndterer presserende problemer.<\/li><li><strong>Giv feedback:<\/strong> Giv regelm\u00e6ssigt feedback til dine tjenesteudbydere. Dette kan hj\u00e6lpe dem med at forbedre deres service og bedre im\u00f8dekomme dine behov.<\/li><li><strong>Opbyg st\u00e6rke relationer:<\/strong> Opbyg st\u00e6rke relationer med dine tjenesteudbydere baseret p\u00e5 gennemsigtighed og \u00e5ben kommunikation.<\/li><\/ol><p>Med Fleet Monitor og Fleet Chat f\u00e5r du en st\u00e6rk platform til at g\u00f8re samarbejdet med dine tjenesteudbydere endnu mere effektivt og str\u00f8mlinet.<\/p>\t\t\t\t\t\t\t\t<\/div>\n\t\t\t\t<\/div>\n\t\t\t\t\t<\/div>\n\t\t<\/div>\n\t\t\t\t\t<\/div>\n\t\t<\/section>\n\t\t\t\t<section class=\"elementor-section elementor-top-section elementor-element elementor-element-3922778 elementor-section-full_width elementor-section-height-default elementor-section-height-default\" data-id=\"3922778\" data-element_type=\"section\" data-e-type=\"section\" data-settings=\"{&quot;background_background&quot;:&quot;classic&quot;}\">\n\t\t\t\t\t\t<div class=\"elementor-container elementor-column-gap-default\">\n\t\t\t\t\t<div class=\"elementor-column elementor-col-50 elementor-top-column elementor-element elementor-element-3f3eecc\" data-id=\"3f3eecc\" data-element_type=\"column\" data-e-type=\"column\">\n\t\t\t<div class=\"elementor-widget-wrap elementor-element-populated\">\n\t\t\t\t\t\t<div class=\"elementor-element elementor-element-2c2aaa5 elementor-widget elementor-widget-html\" data-id=\"2c2aaa5\" data-element_type=\"widget\" data-e-type=\"widget\" data-widget_type=\"html.default\">\n\t\t\t\t<div class=\"elementor-widget-container\">\n\t\t\t\t\t<?xml version=\"1.0\" encoding=\"utf-8\"?>\n<!-- Generator: Adobe Illustrator 25.3.1, SVG Export Plug-In . SVG Version: 6.00 Build 0)  -->\n<svg class=\"kaeseecke\" version=\"1.1\" id=\"Ebene_2_1_\" xmlns=\"http:\/\/www.w3.org\/2000\/svg\" xmlns:xlink=\"http:\/\/www.w3.org\/1999\/xlink\" x=\"0px\" y=\"0px\"\n\t viewBox=\"0 0 960 960\" style=\"enable-background:new 0 0 960 960;\" xml:space=\"preserve\">\n<style type=\"text\/css\">\n\t.st0{fill:#9E9E9E;}\n<\/style>\n<polygon class=\"A st0\" points=\"209.4,778.6 445.3,492.9 80,431.6 \"\/>\n<g class=\"F\" id=\"Banken\">\n\t<defs>\n\t\t<polygon id=\"Banken_1_\" points=\"356.7,96.4 486.1,443.4 722,157.8 \t\t\"\/>\n\t<\/defs>\n\t<clipPath id=\"Banken_2_\">\n\t\t<use xlink:href=\"#Banken_1_\"  style=\"overflow:visible;\"\/>\n\t<\/clipPath>\n\t<g transform=\"matrix(1 0 0 1 1.525879e-05 0)\" style=\"clip-path:url(#Banken_2_);\">\n\t\t\n\t\t\t<image class=\"kaeseimage\" style=\"overflow:visible;\" width=\"1264\" height=\"843\" xlink:href=\"\/wp-content\/uploads\/2021\/09\/money-blau.png\"  transform=\"matrix(0.5459 0 0 0.5459 215 27.589)\">\n\t\t<\/image>\n\t<\/g>\n<\/g>\n<g class=\"C\" id=\"Haendler\">\n\t<defs>\n\t\t<polygon id=\"Haendler_1_\" points=\"514.7,467.1 880,528.4 750.6,181.4 \t\t\"\/>\n\t<\/defs>\n\t<clipPath id=\"Haendler_2_\">\n\t\t<use xlink:href=\"#Haendler_1_\"  style=\"overflow:visible;\"\/>\n\t<\/clipPath>\n\t<g transform=\"matrix(1 0 0 1 0 0)\" style=\"clip-path:url(#Haendler_2_);\">\n\t\t\n\t\t\t<image class=\"kaeseimage\" style=\"overflow:visible;\" width=\"2000\" height=\"953\" xlink:href=\"\/wp-content\/uploads\/2021\/09\/Shaking-hands-blau.png\"  transform=\"matrix(0.395 0 0 0.395 200.3094 156.043)\">\n\t\t<\/image>\n\t<\/g>\n<\/g>\n<g class=\"D\" id=\"Hersteller\">\n\t<defs>\n\t\t<polygon id=\"Hersteller_1_\" points=\"322,109.4 86.1,395 451.4,456.4 \t\t\"\/>\n\t<\/defs>\n\t<clipPath id=\"Hersteller_2_\">\n\t\t<use xlink:href=\"#Hersteller_1_\"  style=\"overflow:visible;\"\/>\n\t<\/clipPath>\n\t<g style=\"clip-path:url(#Hersteller_2_);\">\n\t\t\n\t\t\t<image class=\"kaeseimage\" style=\"overflow:visible;\" width=\"1070\" height=\"714\" xlink:href=\"\/wp-content\/uploads\/2021\/09\/Fahrzeugbau-blau.png\"  transform=\"matrix(0.5701 0 0 0.5701 32.1523 72.9533)\">\n\t\t<\/image>\n\t<\/g>\n<\/g>\n<g class=\"B\" id=\"Leasing\">\n\t<defs>\n\t\t<polygon id=\"Leasing_2_\" points=\"638,850.6 873.9,565 508.6,503.6 \t\t\"\/>\n\t<\/defs>\n\t<clipPath id=\"Leasing_1_\">\n\t\t<use xlink:href=\"#Leasing_2_\"  style=\"overflow:visible;\"\/>\n\t<\/clipPath>\n\t<g transform=\"matrix(1 2.980232e-08 -2.980232e-08 1 0 0)\" style=\"clip-path:url(#Leasing_1_);\">\n\t\t\n\t\t\t<image class=\"kaeseimage\" style=\"overflow:visible;\" width=\"1270\" height=\"714\" xlink:href=\"\/wp-content\/uploads\/2021\/09\/Parkplatz-blau.png\"  transform=\"matrix(0.9072 0.2335 -0.2335 0.9072 295.6266 390.6233)\">\n\t\t<\/image>\n\t<\/g>\n<\/g>\n<g class=\"E\" id=\"Logistikanbieter\">\n\t<defs>\n\t\t<polygon id=\"Logistikanbieter_1_\" points=\"473.9,516.6 238,802.2 603.3,863.6 \t\t\"\/>\n\t<\/defs>\n\t<clipPath id=\"Logistikanbieter_2_\">\n\t\t<use xlink:href=\"#Logistikanbieter_1_\"  style=\"overflow:visible;\"\/>\n\t<\/clipPath>\n\t<g transform=\"matrix(1 0 0 1 0 1.525879e-05)\" style=\"clip-path:url(#Logistikanbieter_2_);\">\n\t\t\n\t\t\t<image class=\"kaeseimage\" style=\"overflow:visible;\" width=\"1072\" height=\"714\" xlink:href=\"\/wp-content\/uploads\/2021\/09\/street-blau.png\"  transform=\"matrix(1.0858 0 0 1.0858 -295.8258 244.9563)\">\n\t\t<\/image>\n\t<\/g>\n<\/g>\n<\/svg>\n\t\t\t\t<\/div>\n\t\t\t\t<\/div>\n\t\t\t\t\t<\/div>\n\t\t<\/div>\n\t\t\t\t<div class=\"elementor-column elementor-col-50 elementor-top-column elementor-element elementor-element-9620cd0\" data-id=\"9620cd0\" data-element_type=\"column\" data-e-type=\"column\">\n\t\t\t<div class=\"elementor-widget-wrap elementor-element-populated\">\n\t\t\t\t\t\t<div class=\"elementor-element elementor-element-82274c7 elementor-widget elementor-widget-text-editor\" data-id=\"82274c7\" data-element_type=\"widget\" data-e-type=\"widget\" data-widget_type=\"text-editor.default\">\n\t\t\t\t<div class=\"elementor-widget-container\">\n\t\t\t\t\t\t\t\t\t<h3>JERES FORDELE<\/h3>\t\t\t\t\t\t\t\t<\/div>\n\t\t\t\t<\/div>\n\t\t\t\t<div class=\"elementor-element elementor-element-5d7f409 sub-solutions elementor-list-item-link-inline elementor-icon-list--layout-traditional elementor-widget elementor-widget-icon-list\" data-id=\"5d7f409\" data-element_type=\"widget\" data-e-type=\"widget\" data-widget_type=\"icon-list.default\">\n\t\t\t\t<div class=\"elementor-widget-container\">\n\t\t\t\t\t\t\t<ul class=\"elementor-icon-list-items\">\n\t\t\t\t\t\t\t<li class=\"elementor-icon-list-item\">\n\t\t\t\t\t\t\t\t\t\t\t<a href=\"https:\/\/stage.autorolasolutions.com\/da\/solutions\/udfordringer\/minimer-spildtid\/\" class=\"B C D F\">\n\n\t\t\t\t\t\t\t\t\t\t\t<span class=\"elementor-icon-list-text\">Minim\u00e9r spildtid<\/span>\n\t\t\t\t\t\t\t\t\t\t\t<\/a>\n\t\t\t\t\t\t\t\t\t<\/li>\n\t\t\t\t\t\t\t\t<li class=\"elementor-icon-list-item\">\n\t\t\t\t\t\t\t\t\t\t\t<a href=\"https:\/\/stage.autorolasolutions.com\/da\/solutions\/udfordringer\/optimer-jeres-processer\/\" class=\"B C D E F\">\n\n\t\t\t\t\t\t\t\t\t\t\t<span class=\"elementor-icon-list-text\">Optimer processer<\/span>\n\t\t\t\t\t\t\t\t\t\t\t<\/a>\n\t\t\t\t\t\t\t\t\t<\/li>\n\t\t\t\t\t\t\t\t<li class=\"elementor-icon-list-item\">\n\t\t\t\t\t\t\t\t\t\t\t<a href=\"https:\/\/stage.autorolasolutions.com\/da\/solutions\/udfordringer\/jeres-digitale-landskab\/\" class=\"C D E\">\n\n\t\t\t\t\t\t\t\t\t\t\t<span class=\"elementor-icon-list-text\">Digitaliser systemlandskab<\/span>\n\t\t\t\t\t\t\t\t\t\t\t<\/a>\n\t\t\t\t\t\t\t\t\t<\/li>\n\t\t\t\t\t\t\t\t<li class=\"elementor-icon-list-item\">\n\t\t\t\t\t\t\t\t\t\t\t<a href=\"https:\/\/stage.autorolasolutions.com\/da\/solutions\/udfordringer\/optimer-jeres-salg\/\" class=\"B C D E F\">\n\n\t\t\t\t\t\t\t\t\t\t\t<span class=\"elementor-icon-list-text\">Optimer salg<\/span>\n\t\t\t\t\t\t\t\t\t\t\t<\/a>\n\t\t\t\t\t\t\t\t\t<\/li>\n\t\t\t\t\t\t\t\t<li class=\"elementor-icon-list-item\">\n\t\t\t\t\t\t\t\t\t\t\t<a href=\"https:\/\/stage.autorolasolutions.com\/da\/solutions\/udfordringer\/effektiviser-jeres-logistik\/\" class=\"C D E\">\n\n\t\t\t\t\t\t\t\t\t\t\t<span class=\"elementor-icon-list-text\">Effektiviser logistik<\/span>\n\t\t\t\t\t\t\t\t\t\t\t<\/a>\n\t\t\t\t\t\t\t\t\t<\/li>\n\t\t\t\t\t\t\t\t<li class=\"elementor-icon-list-item\">\n\t\t\t\t\t\t\t\t\t\t\t<a href=\"https:\/\/stage.autorolasolutions.com\/da\/solutions\/udfordringer\/mimimer-jeres-omkostninger\/\" class=\"B C D E F\">\n\n\t\t\t\t\t\t\t\t\t\t\t<span class=\"elementor-icon-list-text\">Reducer omkostninger<\/span>\n\t\t\t\t\t\t\t\t\t\t\t<\/a>\n\t\t\t\t\t\t\t\t\t<\/li>\n\t\t\t\t\t\t\t\t<li class=\"elementor-icon-list-item\">\n\t\t\t\t\t\t\t\t\t\t\t<a href=\"https:\/\/stage.autorolasolutions.com\/da\/solutions\/udfordringer\/etabler-revisionssikre-processer\/\">\n\n\t\t\t\t\t\t\t\t\t\t\t<span class=\"elementor-icon-list-text\">Etabl\u00e9r revisionssikre processer<\/span>\n\t\t\t\t\t\t\t\t\t\t\t<\/a>\n\t\t\t\t\t\t\t\t\t<\/li>\n\t\t\t\t\t\t<\/ul>\n\t\t\t\t\t\t<\/div>\n\t\t\t\t<\/div>\n\t\t\t\t<div class=\"elementor-element elementor-element-a09760f elementor-widget elementor-widget-button\" data-id=\"a09760f\" data-element_type=\"widget\" data-e-type=\"widget\" data-widget_type=\"button.default\">\n\t\t\t\t<div class=\"elementor-widget-container\">\n\t\t\t\t\t\t\t\t\t<div class=\"elementor-button-wrapper\">\n\t\t\t\t\t<a class=\"elementor-button elementor-button-link elementor-size-sm elementor-animation-grow\" href=\"https:\/\/stage.autorolasolutions.com\/da\/kontakt-os\/\">\n\t\t\t\t\t\t<span class=\"elementor-button-content-wrapper\">\n\t\t\t\t\t\t<span class=\"elementor-button-icon\">\n\t\t\t\t<i aria-hidden=\"true\" class=\"fas fa-arrow-right\"><\/i>\t\t\t<\/span>\n\t\t\t\t\t\t\t\t\t<span class=\"elementor-button-text\">Kontakt os<\/span>\n\t\t\t\t\t<\/span>\n\t\t\t\t\t<\/a>\n\t\t\t\t<\/div>\n\t\t\t\t\t\t\t\t<\/div>\n\t\t\t\t<\/div>\n\t\t\t\t\t<\/div>\n\t\t<\/div>\n\t\t\t\t\t<\/div>\n\t\t<\/section>\n\t\t\t\t<\/div>\n\t\t","protected":false},"excerpt":{"rendered":"<p>Effektiviser jeres logistik Hvordan samarbejder jeg mest effektivt med mine leverand\u00f8rer ? Kommunikation med forskellige tjenesteudbydere er lige s\u00e5 vigtig for dine smidige processer, som det er tidskr\u00e6vende. Samtidig er det n\u00f8dvendigt at samle data og dokumenter fra dine partnere og tjenesteudbydere centralt i \u00e9t system. Desuden kan Fleet Monitor bruges til at overv\u00e5ge tjenesteudbyderspecifikke [&hellip;]<\/p>\n","protected":false},"author":2,"featured_media":0,"parent":6138,"menu_order":5,"comment_status":"closed","ping_status":"open","template":"","meta":{"_acf_changed":false,"inline_featured_image":false,"site-sidebar-layout":"no-sidebar","site-content-layout":"default","ast-site-content-layout":"default","site-content-style":"default","site-sidebar-style":"default","ast-global-header-display":"","ast-banner-title-visibility":"","ast-main-header-display":"","ast-hfb-above-header-display":"","ast-hfb-below-header-display":"","ast-hfb-mobile-header-display":"","site-post-title":"disabled","ast-breadcrumbs-content":"","ast-featured-img":"disabled","footer-sml-layout":"","theme-transparent-header-meta":"default","adv-header-id-meta":"","stick-header-meta":"default","header-above-stick-meta":"","header-main-stick-meta":"","header-below-stick-meta":"","astra-migrate-meta-layouts":"default","ast-page-background-enabled":"default","ast-page-background-meta":{"desktop":{"background-color":"","background-image":"","background-repeat":"repeat","background-position":"center center","background-size":"auto","background-attachment":"scroll","background-type":"","background-media":"","overlay-type":"","overlay-color":"","overlay-opacity":"","overlay-gradient":""},"tablet":{"background-color":"","background-image":"","background-repeat":"repeat","background-position":"center center","background-size":"auto","background-attachment":"scroll","background-type":"","background-media":"","overlay-type":"","overlay-color":"","overlay-opacity":"","overlay-gradient":""},"mobile":{"background-color":"","background-image":"","background-repeat":"repeat","background-position":"center center","background-size":"auto","background-attachment":"scroll","background-type":"","background-media":"","overlay-type":"","overlay-color":"","overlay-opacity":"","overlay-gradient":""}},"ast-content-background-meta":{"desktop":{"background-color":"var(--ast-global-color-5)","background-image":"","background-repeat":"repeat","background-position":"center center","background-size":"auto","background-attachment":"scroll","background-type":"","background-media":"","overlay-type":"","overlay-color":"","overlay-opacity":"","overlay-gradient":""},"tablet":{"background-color":"var(--ast-global-color-5)","background-image":"","background-repeat":"repeat","background-position":"center center","background-size":"auto","background-attachment":"scroll","background-type":"","background-media":"","overlay-type":"","overlay-color":"","overlay-opacity":"","overlay-gradient":""},"mobile":{"background-color":"var(--ast-global-color-5)","background-image":"","background-repeat":"repeat","background-position":"center center","background-size":"auto","background-attachment":"scroll","background-type":"","background-media":"","overlay-type":"","overlay-color":"","overlay-opacity":"","overlay-gradient":""}},"footnotes":""},"class_list":["post-6168","page","type-page","status-publish","hentry"],"acf":[],"yoast_head":"<!-- This site is optimized with the Yoast SEO plugin v27.0 - https:\/\/yoast.com\/product\/yoast-seo-wordpress\/ -->\n<title>Udbydere af kontroltjenester | Automotive Business Management Solutions<\/title>\n<meta name=\"description\" content=\"Administrer og kontroller biltjenesteudbydere med vores l\u00f8sninger. G\u00f8r samarbejde, gennemsigtighed og servicekvalitet bedre for din virksomhed.\" \/>\n<meta name=\"robots\" content=\"index, follow, max-snippet:-1, max-image-preview:large, max-video-preview:-1\" \/>\n<link rel=\"canonical\" href=\"https:\/\/stage.autorolasolutions.com\/da\/solutions\/udfordringer\/effektiviser-jeres-logistik\/\" \/>\n<meta property=\"og:locale\" content=\"da_DK\" \/>\n<meta property=\"og:type\" content=\"article\" \/>\n<meta property=\"og:title\" content=\"Udbydere af kontroltjenester | Automotive Business Management Solutions\" \/>\n<meta property=\"og:description\" content=\"Administrer og kontroller biltjenesteudbydere med vores l\u00f8sninger. G\u00f8r samarbejde, gennemsigtighed og servicekvalitet bedre for din virksomhed.\" \/>\n<meta property=\"og:url\" content=\"https:\/\/stage.autorolasolutions.com\/da\/solutions\/udfordringer\/effektiviser-jeres-logistik\/\" \/>\n<meta property=\"og:site_name\" content=\"Autorola Solutions\" \/>\n<meta property=\"article:modified_time\" content=\"2025-01-31T09:48:14+00:00\" \/>\n<meta name=\"twitter:card\" content=\"summary_large_image\" \/>\n<meta name=\"twitter:label1\" content=\"Estimeret l\u00e6setid\" \/>\n\t<meta name=\"twitter:data1\" content=\"2 minutter\" \/>\n<script type=\"application\/ld+json\" class=\"yoast-schema-graph\">{\"@context\":\"https:\/\/schema.org\",\"@graph\":[{\"@type\":\"WebPage\",\"@id\":\"https:\/\/stage.autorolasolutions.com\/da\/solutions\/udfordringer\/effektiviser-jeres-logistik\/\",\"url\":\"https:\/\/stage.autorolasolutions.com\/da\/solutions\/udfordringer\/effektiviser-jeres-logistik\/\",\"name\":\"Udbydere af kontroltjenester | Automotive Business Management Solutions\",\"isPartOf\":{\"@id\":\"https:\/\/stage.autorolasolutions.com\/#website\"},\"datePublished\":\"2021-11-09T14:21:26+00:00\",\"dateModified\":\"2025-01-31T09:48:14+00:00\",\"description\":\"Administrer og kontroller biltjenesteudbydere med vores l\u00f8sninger. G\u00f8r samarbejde, gennemsigtighed og servicekvalitet bedre for din virksomhed.\",\"breadcrumb\":{\"@id\":\"https:\/\/stage.autorolasolutions.com\/da\/solutions\/udfordringer\/effektiviser-jeres-logistik\/#breadcrumb\"},\"inLanguage\":\"da-DK\",\"potentialAction\":[{\"@type\":\"ReadAction\",\"target\":[\"https:\/\/stage.autorolasolutions.com\/da\/solutions\/udfordringer\/effektiviser-jeres-logistik\/\"]}]},{\"@type\":\"BreadcrumbList\",\"@id\":\"https:\/\/stage.autorolasolutions.com\/da\/solutions\/udfordringer\/effektiviser-jeres-logistik\/#breadcrumb\",\"itemListElement\":[{\"@type\":\"ListItem\",\"position\":1,\"name\":\"Home\",\"item\":\"https:\/\/stage.autorolasolutions.com\/\"},{\"@type\":\"ListItem\",\"position\":2,\"name\":\"Solutions\",\"item\":\"https:\/\/stage.autorolasolutions.com\/uk\/solutions\/\"},{\"@type\":\"ListItem\",\"position\":3,\"name\":\"Udfordringer\",\"item\":\"https:\/\/stage.autorolasolutions.com\/uk\/solutions\/business-values\/\"},{\"@type\":\"ListItem\",\"position\":4,\"name\":\"Effektivis\u00e9r jeres logistik\"}]},{\"@type\":\"WebSite\",\"@id\":\"https:\/\/stage.autorolasolutions.com\/#website\",\"url\":\"https:\/\/stage.autorolasolutions.com\/\",\"name\":\"Autorola Solutions\",\"description\":\"\",\"publisher\":{\"@id\":\"https:\/\/stage.autorolasolutions.com\/#organization\"},\"potentialAction\":[{\"@type\":\"SearchAction\",\"target\":{\"@type\":\"EntryPoint\",\"urlTemplate\":\"https:\/\/stage.autorolasolutions.com\/?s={search_term_string}\"},\"query-input\":{\"@type\":\"PropertyValueSpecification\",\"valueRequired\":true,\"valueName\":\"search_term_string\"}}],\"inLanguage\":\"da-DK\"},{\"@type\":\"Organization\",\"@id\":\"https:\/\/stage.autorolasolutions.com\/#organization\",\"name\":\"Autorola Solutions\",\"url\":\"https:\/\/stage.autorolasolutions.com\/\",\"logo\":{\"@type\":\"ImageObject\",\"inLanguage\":\"da-DK\",\"@id\":\"https:\/\/stage.autorolasolutions.com\/#\/schema\/logo\/image\/\",\"url\":\"https:\/\/stage.autorolasolutions.com\/wp-content\/uploads\/2025\/01\/Autorola_Solutions_Logo_Left_Screen_RGB.svg\",\"contentUrl\":\"https:\/\/stage.autorolasolutions.com\/wp-content\/uploads\/2025\/01\/Autorola_Solutions_Logo_Left_Screen_RGB.svg\",\"width\":143,\"height\":44,\"caption\":\"Autorola Solutions\"},\"image\":{\"@id\":\"https:\/\/stage.autorolasolutions.com\/#\/schema\/logo\/image\/\"},\"sameAs\":[\"https:\/\/www.linkedin.com\/company\/autorolasolutions\/\"]}]}<\/script>\n<!-- \/ Yoast SEO plugin. -->","yoast_head_json":{"title":"Udbydere af kontroltjenester | Automotive Business Management Solutions","description":"Administrer og kontroller biltjenesteudbydere med vores l\u00f8sninger. G\u00f8r samarbejde, gennemsigtighed og servicekvalitet bedre for din virksomhed.","robots":{"index":"index","follow":"follow","max-snippet":"max-snippet:-1","max-image-preview":"max-image-preview:large","max-video-preview":"max-video-preview:-1"},"canonical":"https:\/\/stage.autorolasolutions.com\/da\/solutions\/udfordringer\/effektiviser-jeres-logistik\/","og_locale":"da_DK","og_type":"article","og_title":"Udbydere af kontroltjenester | Automotive Business Management Solutions","og_description":"Administrer og kontroller biltjenesteudbydere med vores l\u00f8sninger. G\u00f8r samarbejde, gennemsigtighed og servicekvalitet bedre for din virksomhed.","og_url":"https:\/\/stage.autorolasolutions.com\/da\/solutions\/udfordringer\/effektiviser-jeres-logistik\/","og_site_name":"Autorola Solutions","article_modified_time":"2025-01-31T09:48:14+00:00","twitter_card":"summary_large_image","twitter_misc":{"Estimeret l\u00e6setid":"2 minutter"},"schema":{"@context":"https:\/\/schema.org","@graph":[{"@type":"WebPage","@id":"https:\/\/stage.autorolasolutions.com\/da\/solutions\/udfordringer\/effektiviser-jeres-logistik\/","url":"https:\/\/stage.autorolasolutions.com\/da\/solutions\/udfordringer\/effektiviser-jeres-logistik\/","name":"Udbydere af kontroltjenester | Automotive Business Management Solutions","isPartOf":{"@id":"https:\/\/stage.autorolasolutions.com\/#website"},"datePublished":"2021-11-09T14:21:26+00:00","dateModified":"2025-01-31T09:48:14+00:00","description":"Administrer og kontroller biltjenesteudbydere med vores l\u00f8sninger. G\u00f8r samarbejde, gennemsigtighed og servicekvalitet bedre for din virksomhed.","breadcrumb":{"@id":"https:\/\/stage.autorolasolutions.com\/da\/solutions\/udfordringer\/effektiviser-jeres-logistik\/#breadcrumb"},"inLanguage":"da-DK","potentialAction":[{"@type":"ReadAction","target":["https:\/\/stage.autorolasolutions.com\/da\/solutions\/udfordringer\/effektiviser-jeres-logistik\/"]}]},{"@type":"BreadcrumbList","@id":"https:\/\/stage.autorolasolutions.com\/da\/solutions\/udfordringer\/effektiviser-jeres-logistik\/#breadcrumb","itemListElement":[{"@type":"ListItem","position":1,"name":"Home","item":"https:\/\/stage.autorolasolutions.com\/"},{"@type":"ListItem","position":2,"name":"Solutions","item":"https:\/\/stage.autorolasolutions.com\/uk\/solutions\/"},{"@type":"ListItem","position":3,"name":"Udfordringer","item":"https:\/\/stage.autorolasolutions.com\/uk\/solutions\/business-values\/"},{"@type":"ListItem","position":4,"name":"Effektivis\u00e9r jeres logistik"}]},{"@type":"WebSite","@id":"https:\/\/stage.autorolasolutions.com\/#website","url":"https:\/\/stage.autorolasolutions.com\/","name":"Autorola Solutions","description":"","publisher":{"@id":"https:\/\/stage.autorolasolutions.com\/#organization"},"potentialAction":[{"@type":"SearchAction","target":{"@type":"EntryPoint","urlTemplate":"https:\/\/stage.autorolasolutions.com\/?s={search_term_string}"},"query-input":{"@type":"PropertyValueSpecification","valueRequired":true,"valueName":"search_term_string"}}],"inLanguage":"da-DK"},{"@type":"Organization","@id":"https:\/\/stage.autorolasolutions.com\/#organization","name":"Autorola Solutions","url":"https:\/\/stage.autorolasolutions.com\/","logo":{"@type":"ImageObject","inLanguage":"da-DK","@id":"https:\/\/stage.autorolasolutions.com\/#\/schema\/logo\/image\/","url":"https:\/\/stage.autorolasolutions.com\/wp-content\/uploads\/2025\/01\/Autorola_Solutions_Logo_Left_Screen_RGB.svg","contentUrl":"https:\/\/stage.autorolasolutions.com\/wp-content\/uploads\/2025\/01\/Autorola_Solutions_Logo_Left_Screen_RGB.svg","width":143,"height":44,"caption":"Autorola Solutions"},"image":{"@id":"https:\/\/stage.autorolasolutions.com\/#\/schema\/logo\/image\/"},"sameAs":["https:\/\/www.linkedin.com\/company\/autorolasolutions\/"]}]}},"_links":{"self":[{"href":"https:\/\/stage.autorolasolutions.com\/da\/wp-json\/wp\/v2\/pages\/6168","targetHints":{"allow":["GET"]}}],"collection":[{"href":"https:\/\/stage.autorolasolutions.com\/da\/wp-json\/wp\/v2\/pages"}],"about":[{"href":"https:\/\/stage.autorolasolutions.com\/da\/wp-json\/wp\/v2\/types\/page"}],"author":[{"embeddable":true,"href":"https:\/\/stage.autorolasolutions.com\/da\/wp-json\/wp\/v2\/users\/2"}],"replies":[{"embeddable":true,"href":"https:\/\/stage.autorolasolutions.com\/da\/wp-json\/wp\/v2\/comments?post=6168"}],"version-history":[{"count":22,"href":"https:\/\/stage.autorolasolutions.com\/da\/wp-json\/wp\/v2\/pages\/6168\/revisions"}],"predecessor-version":[{"id":54842,"href":"https:\/\/stage.autorolasolutions.com\/da\/wp-json\/wp\/v2\/pages\/6168\/revisions\/54842"}],"up":[{"embeddable":true,"href":"https:\/\/stage.autorolasolutions.com\/da\/wp-json\/wp\/v2\/pages\/6138"}],"wp:attachment":[{"href":"https:\/\/stage.autorolasolutions.com\/da\/wp-json\/wp\/v2\/media?parent=6168"}],"curies":[{"name":"wp","href":"https:\/\/api.w.org\/{rel}","templated":true}]}}