{"id":8528,"date":"2021-11-09T12:32:56","date_gmt":"2021-11-09T11:32:56","guid":{"rendered":"https:\/\/stage.autorolasolutions.com\/solutions\/challenge\/reduction-des-delais\/"},"modified":"2025-02-04T11:05:21","modified_gmt":"2025-02-04T10:05:21","slug":"reduction-des-delais","status":"publish","type":"page","link":"https:\/\/stage.autorolasolutions.com\/blg-fr\/solutions\/challenge\/reduction-des-delais\/","title":{"rendered":"R\u00e9duction des d\u00e9lais"},"content":{"rendered":"\t\t<div data-elementor-type=\"wp-page\" data-elementor-id=\"8528\" class=\"elementor elementor-8528 elementor-103\" data-elementor-post-type=\"page\">\n\t\t\t\t\t\t<section class=\"elementor-section elementor-top-section elementor-element elementor-element-db5f99b elementor-section-boxed elementor-section-height-default elementor-section-height-default\" data-id=\"db5f99b\" data-element_type=\"section\" data-e-type=\"section\">\n\t\t\t\t\t\t<div class=\"elementor-container elementor-column-gap-default\">\n\t\t\t\t\t<div class=\"elementor-column elementor-col-100 elementor-top-column elementor-element elementor-element-ad846cf\" data-id=\"ad846cf\" data-element_type=\"column\" data-e-type=\"column\">\n\t\t\t<div class=\"elementor-widget-wrap elementor-element-populated\">\n\t\t\t\t\t\t<div class=\"elementor-element elementor-element-29ebec5 elementor-widget elementor-widget-text-editor\" data-id=\"29ebec5\" data-element_type=\"widget\" data-e-type=\"widget\" data-widget_type=\"text-editor.default\">\n\t\t\t\t<div class=\"elementor-widget-container\">\n\t\t\t\t\t\t\t\t\t<h1>R\u00e9duction des D\u00e9lais<\/h1><h2>Comment r\u00e9duire les co\u00fbts en diminuant les temps d\u2019immobilisation\u00a0?<\/h2><p>Entre la livraison des v\u00e9hicules neufs et la recommercialisation des v\u00e9hicules d&#8217;occasion, nombreux sont les temps improductifs potentiels. En moyenne, cela signifie des frais d\u2019immobilisations d&#8217;environ 28 euros par jour et par v\u00e9hicule. En digitalisant les process existants, vous obtenez une vue d\u2019ensemble de de la gestion des v\u00e9hicules et optimisez la communication entre toutes les parties impliqu\u00e9es.<\/p><p>La r\u00e9duction des d\u00e9lais de livraison est l\u2019un des moyens les plus efficaces pour diminuer les co\u00fbts. Voici quelques moyens de r\u00e9duire le cycle de gestion et ainsi r\u00e9duire les co\u00fbts :<\/p><ol><li><strong>Digitaliser les process :<\/strong>\u00a0la digitalisation des process vous permet de surveiller l\u2019ensemble des \u00e9tapes de gestion des v\u00e9hicules, y compris la livraison, l\u2019entretien, les r\u00e9parations et la recommercialisation, et d\u2019identifier les points de blocage.<\/li><li><strong>Optimiser la communication :<\/strong> une communication efficace entre toutes les parties impliqu\u00e9es est cruciale pour minimiser les temps improductifs. En utilisant une plateforme num\u00e9rique comme Fleet Monitor, vous pouvez vous assurer que tout le monde est sur la m\u00eame longueur d\u2019onde et que les bloquants sont identifi\u00e9s et trait\u00e9s rapidement.<\/li><li><strong>Monitorer :<\/strong> vous pouvez identifier les retards potentiels avant qu&#8217;ils ne se produisent et prendre des mesures proactives pour les \u00e9viter, telle que la r\u00e9affectation des ressources.<\/li><li><strong>Fournissez des r\u00e9ponses automatiques :<\/strong> avec Fleet Monitor, vous pouvez configurer des r\u00e9ponses automatiques aux retards ou probl\u00e8mes potentiels. Par exemple, si un v\u00e9hicule est retard\u00e9 pendant le transport, le syst\u00e8me peut automatiquement r\u00e9affecter les ressources pour minimiser les temps d&#8217;arr\u00eat.<\/li><li><strong>Optimiser la gestion des process :<\/strong> en adoptant une gestion des process bas\u00e9e sur le syst\u00e8me, vous pouvez am\u00e9liorer l\u2019ensemble du cycle de manutention des v\u00e9hicules, de la livraison \u00e0 la recommercialisation. Cela comprend la simplification des proc\u00e9dures et l\u2019optimisation des ressources.<\/li><\/ol><p>Avec Fleet Monitor, les t\u00e2ches individuelles peuvent \u00eatre monitor\u00e9es et des r\u00e9ponses automatiques proactives peuvent \u00eatre fournies en cas de probl\u00e8me. Optimisez la rentabilit\u00e9 de votre entreprise gr\u00e2ce \u00e0 une gestion digitale de l\u2019ensemble de vos process.<\/p>\t\t\t\t\t\t\t\t<\/div>\n\t\t\t\t<\/div>\n\t\t\t\t\t<\/div>\n\t\t<\/div>\n\t\t\t\t\t<\/div>\n\t\t<\/section>\n\t\t\t\t<section class=\"elementor-section elementor-top-section elementor-element elementor-element-de8543c elementor-section-full_width elementor-section-height-default elementor-section-height-default\" data-id=\"de8543c\" data-element_type=\"section\" data-e-type=\"section\" data-settings=\"{&quot;background_background&quot;:&quot;classic&quot;}\">\n\t\t\t\t\t\t<div class=\"elementor-container elementor-column-gap-default\">\n\t\t\t\t\t<div class=\"elementor-column elementor-col-50 elementor-top-column elementor-element elementor-element-80c0147\" data-id=\"80c0147\" data-element_type=\"column\" data-e-type=\"column\">\n\t\t\t<div class=\"elementor-widget-wrap elementor-element-populated\">\n\t\t\t\t\t\t<div class=\"elementor-element elementor-element-7fb7ba3 elementor-widget elementor-widget-html\" data-id=\"7fb7ba3\" data-element_type=\"widget\" data-e-type=\"widget\" data-widget_type=\"html.default\">\n\t\t\t\t<div class=\"elementor-widget-container\">\n\t\t\t\t\t<?xml version=\"1.0\" encoding=\"utf-8\"?>\n<!-- Generator: Adobe Illustrator 25.3.1, SVG Export Plug-In . SVG Version: 6.00 Build 0)  -->\n<svg class=\"kaeseecke\" version=\"1.1\" id=\"Ebene_2_1_\" xmlns=\"http:\/\/www.w3.org\/2000\/svg\" xmlns:xlink=\"http:\/\/www.w3.org\/1999\/xlink\" x=\"0px\" y=\"0px\"\n\t viewBox=\"0 0 960 960\" style=\"enable-background:new 0 0 960 960;\" xml:space=\"preserve\">\n<style type=\"text\/css\">\n\t.st0{fill:#9E9E9E;}\n<\/style>\n<polygon class=\"A st0\" points=\"209.4,778.6 445.3,492.9 80,431.6 \"\/>\n<g class=\"F\" id=\"Banken\">\n\t<defs>\n\t\t<polygon id=\"Banken_1_\" points=\"356.7,96.4 486.1,443.4 722,157.8 \t\t\"\/>\n\t<\/defs>\n\t<clipPath id=\"Banken_2_\">\n\t\t<use xlink:href=\"#Banken_1_\"  style=\"overflow:visible;\"\/>\n\t<\/clipPath>\n\t<g transform=\"matrix(1 0 0 1 1.525879e-05 0)\" style=\"clip-path:url(#Banken_2_);\">\n\t\t\n\t\t\t<image class=\"kaeseimage\" style=\"overflow:visible;\" width=\"1264\" height=\"843\" xlink:href=\"\/wp-content\/uploads\/2021\/09\/money-blau.png\"  transform=\"matrix(0.5459 0 0 0.5459 215 27.589)\">\n\t\t<\/image>\n\t<\/g>\n<\/g>\n<g class=\"C\" id=\"Haendler\">\n\t<defs>\n\t\t<polygon id=\"Haendler_1_\" points=\"514.7,467.1 880,528.4 750.6,181.4 \t\t\"\/>\n\t<\/defs>\n\t<clipPath id=\"Haendler_2_\">\n\t\t<use xlink:href=\"#Haendler_1_\"  style=\"overflow:visible;\"\/>\n\t<\/clipPath>\n\t<g transform=\"matrix(1 0 0 1 0 0)\" style=\"clip-path:url(#Haendler_2_);\">\n\t\t\n\t\t\t<image class=\"kaeseimage\" style=\"overflow:visible;\" width=\"2000\" height=\"953\" xlink:href=\"\/wp-content\/uploads\/2021\/09\/Shaking-hands-blau.png\"  transform=\"matrix(0.395 0 0 0.395 200.3094 156.043)\">\n\t\t<\/image>\n\t<\/g>\n<\/g>\n<g class=\"D\" id=\"Hersteller\">\n\t<defs>\n\t\t<polygon id=\"Hersteller_1_\" points=\"322,109.4 86.1,395 451.4,456.4 \t\t\"\/>\n\t<\/defs>\n\t<clipPath id=\"Hersteller_2_\">\n\t\t<use xlink:href=\"#Hersteller_1_\"  style=\"overflow:visible;\"\/>\n\t<\/clipPath>\n\t<g style=\"clip-path:url(#Hersteller_2_);\">\n\t\t\n\t\t\t<image class=\"kaeseimage\" style=\"overflow:visible;\" width=\"1070\" height=\"714\" xlink:href=\"\/wp-content\/uploads\/2021\/09\/Fahrzeugbau-blau.png\"  transform=\"matrix(0.5701 0 0 0.5701 32.1523 72.9533)\">\n\t\t<\/image>\n\t<\/g>\n<\/g>\n<g class=\"B\" id=\"Leasing\">\n\t<defs>\n\t\t<polygon id=\"Leasing_2_\" points=\"638,850.6 873.9,565 508.6,503.6 \t\t\"\/>\n\t<\/defs>\n\t<clipPath id=\"Leasing_1_\">\n\t\t<use xlink:href=\"#Leasing_2_\"  style=\"overflow:visible;\"\/>\n\t<\/clipPath>\n\t<g transform=\"matrix(1 2.980232e-08 -2.980232e-08 1 0 0)\" style=\"clip-path:url(#Leasing_1_);\">\n\t\t\n\t\t\t<image class=\"kaeseimage\" style=\"overflow:visible;\" width=\"1270\" height=\"714\" xlink:href=\"\/wp-content\/uploads\/2021\/09\/Parkplatz-blau.png\"  transform=\"matrix(0.9072 0.2335 -0.2335 0.9072 295.6266 390.6233)\">\n\t\t<\/image>\n\t<\/g>\n<\/g>\n<g class=\"E\" id=\"Logistikanbieter\">\n\t<defs>\n\t\t<polygon id=\"Logistikanbieter_1_\" points=\"473.9,516.6 238,802.2 603.3,863.6 \t\t\"\/>\n\t<\/defs>\n\t<clipPath id=\"Logistikanbieter_2_\">\n\t\t<use xlink:href=\"#Logistikanbieter_1_\"  style=\"overflow:visible;\"\/>\n\t<\/clipPath>\n\t<g transform=\"matrix(1 0 0 1 0 1.525879e-05)\" style=\"clip-path:url(#Logistikanbieter_2_);\">\n\t\t\n\t\t\t<image class=\"kaeseimage\" style=\"overflow:visible;\" width=\"1072\" height=\"714\" xlink:href=\"\/wp-content\/uploads\/2021\/09\/street-blau.png\"  transform=\"matrix(1.0858 0 0 1.0858 -295.8258 244.9563)\">\n\t\t<\/image>\n\t<\/g>\n<\/g>\n<\/svg>\n\t\t\t\t<\/div>\n\t\t\t\t<\/div>\n\t\t\t\t\t<\/div>\n\t\t<\/div>\n\t\t\t\t<div class=\"elementor-column elementor-col-50 elementor-top-column elementor-element elementor-element-79439e1\" data-id=\"79439e1\" data-element_type=\"column\" data-e-type=\"column\">\n\t\t\t<div class=\"elementor-widget-wrap elementor-element-populated\">\n\t\t\t\t\t\t<div class=\"elementor-element elementor-element-cbd662c elementor-widget elementor-widget-text-editor\" data-id=\"cbd662c\" data-element_type=\"widget\" data-e-type=\"widget\" data-widget_type=\"text-editor.default\">\n\t\t\t\t<div class=\"elementor-widget-container\">\n\t\t\t\t\t\t\t\t\t<h3>VOS AVANTAGES<\/h3>\t\t\t\t\t\t\t\t<\/div>\n\t\t\t\t<\/div>\n\t\t\t\t<div class=\"elementor-element elementor-element-146f9c1 sub-solutions elementor-list-item-link-inline elementor-icon-list--layout-traditional elementor-widget elementor-widget-icon-list\" data-id=\"146f9c1\" data-element_type=\"widget\" data-e-type=\"widget\" data-widget_type=\"icon-list.default\">\n\t\t\t\t<div class=\"elementor-widget-container\">\n\t\t\t\t\t\t\t<ul class=\"elementor-icon-list-items\">\n\t\t\t\t\t\t\t<li class=\"elementor-icon-list-item\">\n\t\t\t\t\t\t\t\t\t\t\t<a href=\"https:\/\/stage.autorolasolutions.com\/fr\/solutions\/challenge\/reduction-des-delais\/\" class=\"B C D F\">\n\n\t\t\t\t\t\t\t\t\t\t\t<span class=\"elementor-icon-list-text\">R\u00e9duction des d\u00e9lais<\/span>\n\t\t\t\t\t\t\t\t\t\t\t<\/a>\n\t\t\t\t\t\t\t\t\t<\/li>\n\t\t\t\t\t\t\t\t<li class=\"elementor-icon-list-item\">\n\t\t\t\t\t\t\t\t\t\t\t<a href=\"https:\/\/stage.autorolasolutions.com\/fr\/solutions\/challenge\/optimisation-des-process\/\" class=\"B C D E F\">\n\n\t\t\t\t\t\t\t\t\t\t\t<span class=\"elementor-icon-list-text\">Optimisation des Process<\/span>\n\t\t\t\t\t\t\t\t\t\t\t<\/a>\n\t\t\t\t\t\t\t\t\t<\/li>\n\t\t\t\t\t\t\t\t<li class=\"elementor-icon-list-item\">\n\t\t\t\t\t\t\t\t\t\t\t<a href=\"https:\/\/stage.autorolasolutions.com\/fr\/solutions\/challenge\/digitaliser-vos-process\/\" class=\"C D E\">\n\n\t\t\t\t\t\t\t\t\t\t\t<span class=\"elementor-icon-list-text\">Digitalisez vos process<\/span>\n\t\t\t\t\t\t\t\t\t\t\t<\/a>\n\t\t\t\t\t\t\t\t\t<\/li>\n\t\t\t\t\t\t\t\t<li class=\"elementor-icon-list-item\">\n\t\t\t\t\t\t\t\t\t\t\t<a href=\"https:\/\/stage.autorolasolutions.com\/fr\/solutions\/challenge\/optimiser-la-gestion-des-ventes\/\" class=\"B C D E F\">\n\n\t\t\t\t\t\t\t\t\t\t\t<span class=\"elementor-icon-list-text\">Optimisez la gestion des ventes<\/span>\n\t\t\t\t\t\t\t\t\t\t\t<\/a>\n\t\t\t\t\t\t\t\t\t<\/li>\n\t\t\t\t\t\t\t\t<li class=\"elementor-icon-list-item\">\n\t\t\t\t\t\t\t\t\t\t\t<a href=\"https:\/\/stage.autorolasolutions.com\/fr\/solutions\/challenge\/controler-vos-prestataires\/\" class=\"C D E\">\n\n\t\t\t\t\t\t\t\t\t\t\t<span class=\"elementor-icon-list-text\">Contr\u00f4lez vos prestataires<\/span>\n\t\t\t\t\t\t\t\t\t\t\t<\/a>\n\t\t\t\t\t\t\t\t\t<\/li>\n\t\t\t\t\t\t\t\t<li class=\"elementor-icon-list-item\">\n\t\t\t\t\t\t\t\t\t\t\t<a href=\"https:\/\/stage.autorolasolutions.com\/fr\/solutions\/challenge\/reduire-les-couts\/\">\n\n\t\t\t\t\t\t\t\t\t\t\t<span class=\"elementor-icon-list-text\">R\u00e9duisez les co\u00fbts<\/span>\n\t\t\t\t\t\t\t\t\t\t\t<\/a>\n\t\t\t\t\t\t\t\t\t<\/li>\n\t\t\t\t\t\t\t\t<li class=\"elementor-icon-list-item\">\n\t\t\t\t\t\t\t\t\t\t\t<a href=\"https:\/\/stage.autorolasolutions.com\/fr\/solutions\/challenge\/definir-et-realiser-les-controles-necessaires\/\">\n\n\t\t\t\t\t\t\t\t\t\t\t<span class=\"elementor-icon-list-text\">D\u00e9finissez et r\u00e9alisez les contr\u00f4les n\u00e9cessaires<\/span>\n\t\t\t\t\t\t\t\t\t\t\t<\/a>\n\t\t\t\t\t\t\t\t\t<\/li>\n\t\t\t\t\t\t<\/ul>\n\t\t\t\t\t\t<\/div>\n\t\t\t\t<\/div>\n\t\t\t\t<div class=\"elementor-element elementor-element-156de10 elementor-widget elementor-widget-button\" data-id=\"156de10\" data-element_type=\"widget\" data-e-type=\"widget\" data-widget_type=\"button.default\">\n\t\t\t\t<div class=\"elementor-widget-container\">\n\t\t\t\t\t\t\t\t\t<div class=\"elementor-button-wrapper\">\n\t\t\t\t\t<a class=\"elementor-button elementor-button-link elementor-size-sm elementor-animation-grow\" href=\"https:\/\/stage.autorolasolutions.com\/fr\/contact\/\">\n\t\t\t\t\t\t<span class=\"elementor-button-content-wrapper\">\n\t\t\t\t\t\t<span class=\"elementor-button-icon\">\n\t\t\t\t<i aria-hidden=\"true\" class=\"fas fa-arrow-right\"><\/i>\t\t\t<\/span>\n\t\t\t\t\t\t\t\t\t<span class=\"elementor-button-text\">Contactez-nous<\/span>\n\t\t\t\t\t<\/span>\n\t\t\t\t\t<\/a>\n\t\t\t\t<\/div>\n\t\t\t\t\t\t\t\t<\/div>\n\t\t\t\t<\/div>\n\t\t\t\t\t<\/div>\n\t\t<\/div>\n\t\t\t\t\t<\/div>\n\t\t<\/section>\n\t\t\t\t<\/div>\n\t\t","protected":false},"excerpt":{"rendered":"<p>R\u00e9duction des D\u00e9lais Comment r\u00e9duire les co\u00fbts en diminuant les temps d\u2019immobilisation\u00a0? Entre la livraison des v\u00e9hicules neufs et la recommercialisation des v\u00e9hicules d&#8217;occasion, nombreux sont les temps improductifs potentiels. En moyenne, cela signifie des frais d\u2019immobilisations d&#8217;environ 28 euros par jour et par v\u00e9hicule. En digitalisant les process existants, vous obtenez une vue d\u2019ensemble [&hellip;]<\/p>\n","protected":false},"author":2,"featured_media":0,"parent":8523,"menu_order":1,"comment_status":"closed","ping_status":"open","template":"","meta":{"_acf_changed":false,"inline_featured_image":false,"site-sidebar-layout":"no-sidebar","site-content-layout":"default","ast-site-content-layout":"default","site-content-style":"default","site-sidebar-style":"default","ast-global-header-display":"","ast-banner-title-visibility":"","ast-main-header-display":"","ast-hfb-above-header-display":"","ast-hfb-below-header-display":"","ast-hfb-mobile-header-display":"","site-post-title":"disabled","ast-breadcrumbs-content":"","ast-featured-img":"disabled","footer-sml-layout":"","theme-transparent-header-meta":"default","adv-header-id-meta":"","stick-header-meta":"default","header-above-stick-meta":"","header-main-stick-meta":"","header-below-stick-meta":"","astra-migrate-meta-layouts":"default","ast-page-background-enabled":"default","ast-page-background-meta":{"desktop":{"background-color":"","background-image":"","background-repeat":"repeat","background-position":"center center","background-size":"auto","background-attachment":"scroll","background-type":"","background-media":"","overlay-type":"","overlay-color":"","overlay-opacity":"","overlay-gradient":""},"tablet":{"background-color":"","background-image":"","background-repeat":"repeat","background-position":"center center","background-size":"auto","background-attachment":"scroll","background-type":"","background-media":"","overlay-type":"","overlay-color":"","overlay-opacity":"","overlay-gradient":""},"mobile":{"background-color":"","background-image":"","background-repeat":"repeat","background-position":"center center","background-size":"auto","background-attachment":"scroll","background-type":"","background-media":"","overlay-type":"","overlay-color":"","overlay-opacity":"","overlay-gradient":""}},"ast-content-background-meta":{"desktop":{"background-color":"var(--ast-global-color-5)","background-image":"","background-repeat":"repeat","background-position":"center center","background-size":"auto","background-attachment":"scroll","background-type":"","background-media":"","overlay-type":"","overlay-color":"","overlay-opacity":"","overlay-gradient":""},"tablet":{"background-color":"var(--ast-global-color-5)","background-image":"","background-repeat":"repeat","background-position":"center center","background-size":"auto","background-attachment":"scroll","background-type":"","background-media":"","overlay-type":"","overlay-color":"","overlay-opacity":"","overlay-gradient":""},"mobile":{"background-color":"var(--ast-global-color-5)","background-image":"","background-repeat":"repeat","background-position":"center center","background-size":"auto","background-attachment":"scroll","background-type":"","background-media":"","overlay-type":"","overlay-color":"","overlay-opacity":"","overlay-gradient":""}},"footnotes":""},"class_list":["post-8528","page","type-page","status-publish","hentry"],"acf":[],"yoast_head":"<!-- This site is optimized with the Yoast SEO plugin v27.0 - https:\/\/yoast.com\/product\/yoast-seo-wordpress\/ -->\n<title>R\u00e9duire les d\u00e9lais | Rationalisez les processus commerciaux du secteur automobile<\/title>\n<meta name=\"description\" content=\"Rationalisez vos processus commerciaux automobiles et r\u00e9duisez les d\u00e9lais de livraison gr\u00e2ce \u00e0 nos solutions innovantes. Am\u00e9liorez l\u2019efficacit\u00e9 et stimulez la productivit\u00e9 de vos op\u00e9rations.\" \/>\n<meta name=\"robots\" content=\"index, follow, max-snippet:-1, max-image-preview:large, max-video-preview:-1\" \/>\n<link rel=\"canonical\" href=\"https:\/\/stage.autorolasolutions.com\/blg-fr\/solutions\/challenge\/reduction-des-delais\/\" \/>\n<meta property=\"og:locale\" content=\"en_US\" \/>\n<meta property=\"og:type\" content=\"article\" \/>\n<meta property=\"og:title\" content=\"R\u00e9duire les d\u00e9lais | Rationalisez les processus commerciaux du secteur automobile\" \/>\n<meta property=\"og:description\" content=\"Rationalisez vos processus commerciaux automobiles et r\u00e9duisez les d\u00e9lais de livraison gr\u00e2ce \u00e0 nos solutions innovantes. Am\u00e9liorez l\u2019efficacit\u00e9 et stimulez la productivit\u00e9 de vos op\u00e9rations.\" \/>\n<meta property=\"og:url\" content=\"https:\/\/stage.autorolasolutions.com\/blg-fr\/solutions\/challenge\/reduction-des-delais\/\" \/>\n<meta property=\"og:site_name\" content=\"Autorola Solutions\" \/>\n<meta property=\"article:modified_time\" content=\"2025-02-04T10:05:21+00:00\" \/>\n<meta name=\"twitter:card\" content=\"summary_large_image\" \/>\n<meta name=\"twitter:label1\" content=\"Est. reading time\" \/>\n\t<meta name=\"twitter:data1\" content=\"2 minutes\" \/>\n<script type=\"application\/ld+json\" class=\"yoast-schema-graph\">{\"@context\":\"https:\/\/schema.org\",\"@graph\":[{\"@type\":\"WebPage\",\"@id\":\"https:\/\/stage.autorolasolutions.com\/blg-fr\/solutions\/challenge\/reduction-des-delais\/\",\"url\":\"https:\/\/stage.autorolasolutions.com\/blg-fr\/solutions\/challenge\/reduction-des-delais\/\",\"name\":\"R\u00e9duire les d\u00e9lais | Rationalisez les processus commerciaux du secteur automobile\",\"isPartOf\":{\"@id\":\"https:\/\/stage.autorolasolutions.com\/#website\"},\"datePublished\":\"2021-11-09T11:32:56+00:00\",\"dateModified\":\"2025-02-04T10:05:21+00:00\",\"description\":\"Rationalisez vos processus commerciaux automobiles et r\u00e9duisez les d\u00e9lais de livraison gr\u00e2ce \u00e0 nos solutions innovantes. Am\u00e9liorez l\u2019efficacit\u00e9 et stimulez la productivit\u00e9 de vos op\u00e9rations.\",\"breadcrumb\":{\"@id\":\"https:\/\/stage.autorolasolutions.com\/blg-fr\/solutions\/challenge\/reduction-des-delais\/#breadcrumb\"},\"inLanguage\":\"blg-FR\",\"potentialAction\":[{\"@type\":\"ReadAction\",\"target\":[\"https:\/\/stage.autorolasolutions.com\/blg-fr\/solutions\/challenge\/reduction-des-delais\/\"]}]},{\"@type\":\"BreadcrumbList\",\"@id\":\"https:\/\/stage.autorolasolutions.com\/blg-fr\/solutions\/challenge\/reduction-des-delais\/#breadcrumb\",\"itemListElement\":[{\"@type\":\"ListItem\",\"position\":1,\"name\":\"Home\",\"item\":\"https:\/\/stage.autorolasolutions.com\/\"},{\"@type\":\"ListItem\",\"position\":2,\"name\":\"Solutions\",\"item\":\"https:\/\/stage.autorolasolutions.com\/solutions\/\"},{\"@type\":\"ListItem\",\"position\":3,\"name\":\"Challenge\",\"item\":\"https:\/\/stage.autorolasolutions.com\/solutions\/business-values\/\"},{\"@type\":\"ListItem\",\"position\":4,\"name\":\"R\u00e9duction des d\u00e9lais\"}]},{\"@type\":\"WebSite\",\"@id\":\"https:\/\/stage.autorolasolutions.com\/#website\",\"url\":\"https:\/\/stage.autorolasolutions.com\/\",\"name\":\"Autorola Solutions\",\"description\":\"\",\"publisher\":{\"@id\":\"https:\/\/stage.autorolasolutions.com\/#organization\"},\"potentialAction\":[{\"@type\":\"SearchAction\",\"target\":{\"@type\":\"EntryPoint\",\"urlTemplate\":\"https:\/\/stage.autorolasolutions.com\/?s={search_term_string}\"},\"query-input\":{\"@type\":\"PropertyValueSpecification\",\"valueRequired\":true,\"valueName\":\"search_term_string\"}}],\"inLanguage\":\"blg-FR\"},{\"@type\":\"Organization\",\"@id\":\"https:\/\/stage.autorolasolutions.com\/#organization\",\"name\":\"Autorola Solutions\",\"url\":\"https:\/\/stage.autorolasolutions.com\/\",\"logo\":{\"@type\":\"ImageObject\",\"inLanguage\":\"blg-FR\",\"@id\":\"https:\/\/stage.autorolasolutions.com\/#\/schema\/logo\/image\/\",\"url\":\"https:\/\/stage.autorolasolutions.com\/wp-content\/uploads\/2025\/01\/Autorola_Solutions_Logo_Left_Screen_RGB.svg\",\"contentUrl\":\"https:\/\/stage.autorolasolutions.com\/wp-content\/uploads\/2025\/01\/Autorola_Solutions_Logo_Left_Screen_RGB.svg\",\"width\":143,\"height\":44,\"caption\":\"Autorola Solutions\"},\"image\":{\"@id\":\"https:\/\/stage.autorolasolutions.com\/#\/schema\/logo\/image\/\"},\"sameAs\":[\"https:\/\/www.linkedin.com\/company\/autorolasolutions\/\"]}]}<\/script>\n<!-- \/ Yoast SEO plugin. -->","yoast_head_json":{"title":"R\u00e9duire les d\u00e9lais | Rationalisez les processus commerciaux du secteur automobile","description":"Rationalisez vos processus commerciaux automobiles et r\u00e9duisez les d\u00e9lais de livraison gr\u00e2ce \u00e0 nos solutions innovantes. Am\u00e9liorez l\u2019efficacit\u00e9 et stimulez la productivit\u00e9 de vos op\u00e9rations.","robots":{"index":"index","follow":"follow","max-snippet":"max-snippet:-1","max-image-preview":"max-image-preview:large","max-video-preview":"max-video-preview:-1"},"canonical":"https:\/\/stage.autorolasolutions.com\/blg-fr\/solutions\/challenge\/reduction-des-delais\/","og_locale":"en_US","og_type":"article","og_title":"R\u00e9duire les d\u00e9lais | Rationalisez les processus commerciaux du secteur automobile","og_description":"Rationalisez vos processus commerciaux automobiles et r\u00e9duisez les d\u00e9lais de livraison gr\u00e2ce \u00e0 nos solutions innovantes. Am\u00e9liorez l\u2019efficacit\u00e9 et stimulez la productivit\u00e9 de vos op\u00e9rations.","og_url":"https:\/\/stage.autorolasolutions.com\/blg-fr\/solutions\/challenge\/reduction-des-delais\/","og_site_name":"Autorola Solutions","article_modified_time":"2025-02-04T10:05:21+00:00","twitter_card":"summary_large_image","twitter_misc":{"Est. reading time":"2 minutes"},"schema":{"@context":"https:\/\/schema.org","@graph":[{"@type":"WebPage","@id":"https:\/\/stage.autorolasolutions.com\/blg-fr\/solutions\/challenge\/reduction-des-delais\/","url":"https:\/\/stage.autorolasolutions.com\/blg-fr\/solutions\/challenge\/reduction-des-delais\/","name":"R\u00e9duire les d\u00e9lais | Rationalisez les processus commerciaux du secteur automobile","isPartOf":{"@id":"https:\/\/stage.autorolasolutions.com\/#website"},"datePublished":"2021-11-09T11:32:56+00:00","dateModified":"2025-02-04T10:05:21+00:00","description":"Rationalisez vos processus commerciaux automobiles et r\u00e9duisez les d\u00e9lais de livraison gr\u00e2ce \u00e0 nos solutions innovantes. Am\u00e9liorez l\u2019efficacit\u00e9 et stimulez la productivit\u00e9 de vos op\u00e9rations.","breadcrumb":{"@id":"https:\/\/stage.autorolasolutions.com\/blg-fr\/solutions\/challenge\/reduction-des-delais\/#breadcrumb"},"inLanguage":"blg-FR","potentialAction":[{"@type":"ReadAction","target":["https:\/\/stage.autorolasolutions.com\/blg-fr\/solutions\/challenge\/reduction-des-delais\/"]}]},{"@type":"BreadcrumbList","@id":"https:\/\/stage.autorolasolutions.com\/blg-fr\/solutions\/challenge\/reduction-des-delais\/#breadcrumb","itemListElement":[{"@type":"ListItem","position":1,"name":"Home","item":"https:\/\/stage.autorolasolutions.com\/"},{"@type":"ListItem","position":2,"name":"Solutions","item":"https:\/\/stage.autorolasolutions.com\/solutions\/"},{"@type":"ListItem","position":3,"name":"Challenge","item":"https:\/\/stage.autorolasolutions.com\/solutions\/business-values\/"},{"@type":"ListItem","position":4,"name":"R\u00e9duction des d\u00e9lais"}]},{"@type":"WebSite","@id":"https:\/\/stage.autorolasolutions.com\/#website","url":"https:\/\/stage.autorolasolutions.com\/","name":"Autorola Solutions","description":"","publisher":{"@id":"https:\/\/stage.autorolasolutions.com\/#organization"},"potentialAction":[{"@type":"SearchAction","target":{"@type":"EntryPoint","urlTemplate":"https:\/\/stage.autorolasolutions.com\/?s={search_term_string}"},"query-input":{"@type":"PropertyValueSpecification","valueRequired":true,"valueName":"search_term_string"}}],"inLanguage":"blg-FR"},{"@type":"Organization","@id":"https:\/\/stage.autorolasolutions.com\/#organization","name":"Autorola Solutions","url":"https:\/\/stage.autorolasolutions.com\/","logo":{"@type":"ImageObject","inLanguage":"blg-FR","@id":"https:\/\/stage.autorolasolutions.com\/#\/schema\/logo\/image\/","url":"https:\/\/stage.autorolasolutions.com\/wp-content\/uploads\/2025\/01\/Autorola_Solutions_Logo_Left_Screen_RGB.svg","contentUrl":"https:\/\/stage.autorolasolutions.com\/wp-content\/uploads\/2025\/01\/Autorola_Solutions_Logo_Left_Screen_RGB.svg","width":143,"height":44,"caption":"Autorola Solutions"},"image":{"@id":"https:\/\/stage.autorolasolutions.com\/#\/schema\/logo\/image\/"},"sameAs":["https:\/\/www.linkedin.com\/company\/autorolasolutions\/"]}]}},"_links":{"self":[{"href":"https:\/\/stage.autorolasolutions.com\/blg-fr\/wp-json\/wp\/v2\/pages\/8528","targetHints":{"allow":["GET"]}}],"collection":[{"href":"https:\/\/stage.autorolasolutions.com\/blg-fr\/wp-json\/wp\/v2\/pages"}],"about":[{"href":"https:\/\/stage.autorolasolutions.com\/blg-fr\/wp-json\/wp\/v2\/types\/page"}],"author":[{"embeddable":true,"href":"https:\/\/stage.autorolasolutions.com\/blg-fr\/wp-json\/wp\/v2\/users\/2"}],"replies":[{"embeddable":true,"href":"https:\/\/stage.autorolasolutions.com\/blg-fr\/wp-json\/wp\/v2\/comments?post=8528"}],"version-history":[{"count":30,"href":"https:\/\/stage.autorolasolutions.com\/blg-fr\/wp-json\/wp\/v2\/pages\/8528\/revisions"}],"predecessor-version":[{"id":55226,"href":"https:\/\/stage.autorolasolutions.com\/blg-fr\/wp-json\/wp\/v2\/pages\/8528\/revisions\/55226"}],"up":[{"embeddable":true,"href":"https:\/\/stage.autorolasolutions.com\/blg-fr\/wp-json\/wp\/v2\/pages\/8523"}],"wp:attachment":[{"href":"https:\/\/stage.autorolasolutions.com\/blg-fr\/wp-json\/wp\/v2\/media?parent=8528"}],"curies":[{"name":"wp","href":"https:\/\/api.w.org\/{rel}","templated":true}]}}