{"id":19709,"date":"2023-02-28T13:57:33","date_gmt":"2023-02-28T12:57:33","guid":{"rendered":"https:\/\/stage.autorolasolutions.com\/ecosysteme-numerique\/produits\/showroom-digital\/"},"modified":"2025-02-19T13:44:44","modified_gmt":"2025-02-19T12:44:44","slug":"showroom-digital","status":"publish","type":"page","link":"https:\/\/stage.autorolasolutions.com\/blg-fr\/ecosysteme-numerique\/produits\/showroom-digital\/","title":{"rendered":"Showroom Digital"},"content":{"rendered":"\t\t<div data-elementor-type=\"wp-page\" data-elementor-id=\"19709\" class=\"elementor elementor-19709 elementor-11420\" data-elementor-post-type=\"page\">\n\t\t\t\t\t\t<section class=\"elementor-section elementor-top-section elementor-element elementor-element-9a6a98a elementor-section-boxed elementor-section-height-default elementor-section-height-default\" data-id=\"9a6a98a\" data-element_type=\"section\" data-e-type=\"section\">\n\t\t\t\t\t\t<div class=\"elementor-container elementor-column-gap-default\">\n\t\t\t\t\t<div class=\"elementor-column elementor-col-50 elementor-top-column elementor-element elementor-element-002bb6b\" data-id=\"002bb6b\" data-element_type=\"column\" data-e-type=\"column\">\n\t\t\t<div class=\"elementor-widget-wrap elementor-element-populated\">\n\t\t\t\t\t\t<div class=\"elementor-element elementor-element-83de129 elementor-widget__width-initial elementor-arrows-position-outside elementor-pagination-position-outside elementor-widget elementor-widget-image-carousel\" data-id=\"83de129\" data-element_type=\"widget\" data-e-type=\"widget\" data-settings=\"{&quot;slides_to_show&quot;:&quot;1&quot;,&quot;navigation&quot;:&quot;both&quot;,&quot;autoplay&quot;:&quot;yes&quot;,&quot;pause_on_hover&quot;:&quot;yes&quot;,&quot;pause_on_interaction&quot;:&quot;yes&quot;,&quot;autoplay_speed&quot;:5000,&quot;infinite&quot;:&quot;yes&quot;,&quot;effect&quot;:&quot;slide&quot;,&quot;speed&quot;:500}\" data-widget_type=\"image-carousel.default\">\n\t\t\t\t<div class=\"elementor-widget-container\">\n\t\t\t\t\t\t\t<div class=\"elementor-image-carousel-wrapper swiper\" role=\"region\" aria-roledescription=\"carousel\" aria-label=\"Image Carousel\" dir=\"ltr\">\n\t\t\t<div class=\"elementor-image-carousel swiper-wrapper\" aria-live=\"off\">\n\t\t\t\t\t\t\t\t<div class=\"swiper-slide\" role=\"group\" aria-roledescription=\"slide\" aria-label=\"1 of 8\"><figure class=\"swiper-slide-inner\"><img decoding=\"async\" class=\"swiper-slide-image\" src=\"https:\/\/stage.autorolasolutions.com\/wp-content\/uploads\/2025\/01\/1.png\" alt=\"1\" \/><\/figure><\/div><div class=\"swiper-slide\" role=\"group\" aria-roledescription=\"slide\" aria-label=\"2 of 8\"><figure class=\"swiper-slide-inner\"><img decoding=\"async\" class=\"swiper-slide-image\" src=\"https:\/\/stage.autorolasolutions.com\/wp-content\/uploads\/2025\/01\/2.png\" alt=\"2\" \/><\/figure><\/div><div class=\"swiper-slide\" role=\"group\" aria-roledescription=\"slide\" aria-label=\"3 of 8\"><figure class=\"swiper-slide-inner\"><img decoding=\"async\" class=\"swiper-slide-image\" src=\"https:\/\/stage.autorolasolutions.com\/wp-content\/uploads\/2025\/01\/3.png\" alt=\"3\" \/><\/figure><\/div><div class=\"swiper-slide\" role=\"group\" aria-roledescription=\"slide\" aria-label=\"4 of 8\"><figure class=\"swiper-slide-inner\"><img decoding=\"async\" class=\"swiper-slide-image\" src=\"https:\/\/stage.autorolasolutions.com\/wp-content\/uploads\/2025\/01\/4.png\" alt=\"4\" \/><\/figure><\/div><div class=\"swiper-slide\" role=\"group\" aria-roledescription=\"slide\" aria-label=\"5 of 8\"><figure class=\"swiper-slide-inner\"><img decoding=\"async\" class=\"swiper-slide-image\" src=\"https:\/\/stage.autorolasolutions.com\/wp-content\/uploads\/2025\/01\/5.png\" alt=\"5\" \/><\/figure><\/div><div class=\"swiper-slide\" role=\"group\" aria-roledescription=\"slide\" aria-label=\"6 of 8\"><figure class=\"swiper-slide-inner\"><img decoding=\"async\" class=\"swiper-slide-image\" src=\"https:\/\/stage.autorolasolutions.com\/wp-content\/uploads\/2025\/01\/6.png\" alt=\"6\" \/><\/figure><\/div><div class=\"swiper-slide\" role=\"group\" aria-roledescription=\"slide\" aria-label=\"7 of 8\"><figure class=\"swiper-slide-inner\"><img decoding=\"async\" class=\"swiper-slide-image\" src=\"https:\/\/stage.autorolasolutions.com\/wp-content\/uploads\/2025\/01\/7.png\" alt=\"7\" \/><\/figure><\/div><div class=\"swiper-slide\" role=\"group\" aria-roledescription=\"slide\" aria-label=\"8 of 8\"><figure class=\"swiper-slide-inner\"><img decoding=\"async\" class=\"swiper-slide-image\" src=\"https:\/\/stage.autorolasolutions.com\/wp-content\/uploads\/2025\/01\/8.png\" alt=\"8\" \/><\/figure><\/div>\t\t\t<\/div>\n\t\t\t\t\t\t\t\t\t\t\t\t<div class=\"elementor-swiper-button elementor-swiper-button-prev\" role=\"button\" tabindex=\"0\">\n\t\t\t\t\t\t<i aria-hidden=\"true\" class=\"eicon-chevron-left\"><\/i>\t\t\t\t\t<\/div>\n\t\t\t\t\t<div class=\"elementor-swiper-button elementor-swiper-button-next\" role=\"button\" tabindex=\"0\">\n\t\t\t\t\t\t<i aria-hidden=\"true\" class=\"eicon-chevron-right\"><\/i>\t\t\t\t\t<\/div>\n\t\t\t\t\n\t\t\t\t\t\t\t\t\t<div class=\"swiper-pagination\"><\/div>\n\t\t\t\t\t\t\t\t\t<\/div>\n\t\t\t\t\t\t<\/div>\n\t\t\t\t<\/div>\n\t\t\t\t\t<\/div>\n\t\t<\/div>\n\t\t\t\t<div class=\"elementor-column elementor-col-50 elementor-top-column elementor-element elementor-element-70fc69e\" data-id=\"70fc69e\" data-element_type=\"column\" data-e-type=\"column\">\n\t\t\t<div class=\"elementor-widget-wrap elementor-element-populated\">\n\t\t\t\t\t\t<div class=\"elementor-element elementor-element-5dc98ae elementor-widget elementor-widget-text-editor\" data-id=\"5dc98ae\" data-element_type=\"widget\" data-e-type=\"widget\" data-widget_type=\"text-editor.default\">\n\t\t\t\t<div class=\"elementor-widget-container\">\n\t\t\t\t\t\t\t\t\t<h1>Showroom Digital<\/h1><p>Nous avons facilit\u00e9 la vente de vos voitures gr\u00e2ce \u00e0 notre Showroom Digital qui permet \u00e0 tous vos acheteurs d&#8217;acc\u00e9der \u00e0 notre plateforme en ligne o\u00f9 ils peuvent visualiser, rechercher, s\u00e9lectionner des voitures, les ajouter comme favoris, configurer des agents d&#8217;ench\u00e8res automatiques et acheter directement des voitures<\/p><h2>Acc\u00e8s direct \u00e0 votre stock<\/h2><p>Notre salle d&#8217;exposition est directement int\u00e9gr\u00e9e \u00e0 Fleet Monitor, ce qui vous permet d&#8217;afficher vos v\u00e9hicules en quelques clics \u00e0 destination de tous vos acheteurs o\u00f9 ils peuvent visualiser, rechercher, s\u00e9lectionner des voitures, les ajouter comme favoris, configurer des agents d&#8217;ench\u00e8res automatiques et acheter directement des voitures.<\/p><h2>Optimisez vos ventes<\/h2><p>Notre Showroom digital est une fen\u00eatre ouverte sur l&#8217;ensemble de votre stock qui offre \u00e0 vos clients une exp\u00e9rience professionnelle et de confiance o\u00f9 ils peuvent parcourir les voitures et voir des descriptions d\u00e9taill\u00e9es et des photos de haute qualit\u00e9 des voitures qui les int\u00e9ressent pour mieux favoriser leur achat.<\/p><p>Il vous permet \u00e9galement, en tant que fournisseur, de d\u00e9finir des strat\u00e9gies de vente cibl\u00e9es sur diff\u00e9rents groupes d&#8217;acheteurs et de g\u00e9rer votre visibilit\u00e9 produit.<\/p>\t\t\t\t\t\t\t\t<\/div>\n\t\t\t\t<\/div>\n\t\t\t\t\t<\/div>\n\t\t<\/div>\n\t\t\t\t\t<\/div>\n\t\t<\/section>\n\t\t\t\t<section class=\"elementor-section elementor-top-section elementor-element elementor-element-1539207 elementor-section-boxed elementor-section-height-default elementor-section-height-default\" data-id=\"1539207\" data-element_type=\"section\" data-e-type=\"section\">\n\t\t\t\t\t\t<div class=\"elementor-container elementor-column-gap-default\">\n\t\t\t\t\t<div class=\"elementor-column elementor-col-100 elementor-top-column elementor-element elementor-element-9d3ebbe\" data-id=\"9d3ebbe\" data-element_type=\"column\" data-e-type=\"column\">\n\t\t\t<div class=\"elementor-widget-wrap elementor-element-populated\">\n\t\t\t\t\t\t<div class=\"elementor-element elementor-element-b272ee3 elementor-widget elementor-widget-video\" data-id=\"b272ee3\" data-element_type=\"widget\" data-e-type=\"widget\" data-settings=\"{&quot;video_type&quot;:&quot;hosted&quot;,&quot;controls&quot;:&quot;yes&quot;}\" data-widget_type=\"video.default\">\n\t\t\t\t<div class=\"elementor-widget-container\">\n\t\t\t\t\t\t\t<div class=\"e-hosted-video elementor-wrapper elementor-open-inline\">\n\t\t\t\t\t<video class=\"elementor-video\" src=\"https:\/\/stage.autorolasolutions.com\/wp-content\/uploads\/2024\/10\/autorola-presentation-dark-2.mp4\" controls=\"\" preload=\"metadata\" controlsList=\"nodownload\" poster=\"https:\/\/stage.autorolasolutions.com\/wp-content\/uploads\/2025\/01\/DSR-Video-Thumbnails.png\"><\/video>\n\t\t\t\t<\/div>\n\t\t\t\t\t\t<\/div>\n\t\t\t\t<\/div>\n\t\t\t\t\t<\/div>\n\t\t<\/div>\n\t\t\t\t\t<\/div>\n\t\t<\/section>\n\t\t\t\t<section class=\"elementor-section elementor-top-section elementor-element elementor-element-ace89ef elementor-section-boxed elementor-section-height-default elementor-section-height-default\" data-id=\"ace89ef\" data-element_type=\"section\" data-e-type=\"section\">\n\t\t\t\t\t\t<div class=\"elementor-container elementor-column-gap-default\">\n\t\t\t\t\t<div class=\"elementor-column elementor-col-100 elementor-top-column elementor-element elementor-element-1382713\" data-id=\"1382713\" data-element_type=\"column\" data-e-type=\"column\">\n\t\t\t<div class=\"elementor-widget-wrap elementor-element-populated\">\n\t\t\t\t\t\t<div class=\"elementor-element elementor-element-5db6735 elementor-widget elementor-widget-spacer\" data-id=\"5db6735\" data-element_type=\"widget\" data-e-type=\"widget\" data-widget_type=\"spacer.default\">\n\t\t\t\t<div class=\"elementor-widget-container\">\n\t\t\t\t\t\t\t<div class=\"elementor-spacer\">\n\t\t\t<div class=\"elementor-spacer-inner\"><\/div>\n\t\t<\/div>\n\t\t\t\t\t\t<\/div>\n\t\t\t\t<\/div>\n\t\t\t\t\t<\/div>\n\t\t<\/div>\n\t\t\t\t\t<\/div>\n\t\t<\/section>\n\t\t\t\t<\/div>\n\t\t","protected":false},"excerpt":{"rendered":"<p>Showroom Digital Nous avons facilit\u00e9 la vente de vos voitures gr\u00e2ce \u00e0 notre Showroom Digital qui permet \u00e0 tous vos acheteurs d&#8217;acc\u00e9der \u00e0 notre plateforme en ligne o\u00f9 ils peuvent visualiser, rechercher, s\u00e9lectionner des voitures, les ajouter comme favoris, configurer des agents d&#8217;ench\u00e8res automatiques et acheter directement des voitures Acc\u00e8s direct \u00e0 votre stock Notre [&hellip;]<\/p>\n","protected":false},"author":2,"featured_media":0,"parent":19706,"menu_order":3,"comment_status":"closed","ping_status":"closed","template":"","meta":{"_acf_changed":false,"inline_featured_image":false,"site-sidebar-layout":"no-sidebar","site-content-layout":"","ast-site-content-layout":"full-width-container","site-content-style":"unboxed","site-sidebar-style":"unboxed","ast-global-header-display":"","ast-banner-title-visibility":"","ast-main-header-display":"","ast-hfb-above-header-display":"","ast-hfb-below-header-display":"","ast-hfb-mobile-header-display":"","site-post-title":"disabled","ast-breadcrumbs-content":"","ast-featured-img":"disabled","footer-sml-layout":"","theme-transparent-header-meta":"","adv-header-id-meta":"","stick-header-meta":"","header-above-stick-meta":"","header-main-stick-meta":"","header-below-stick-meta":"","astra-migrate-meta-layouts":"default","ast-page-background-enabled":"default","ast-page-background-meta":{"desktop":{"background-color":"","background-image":"","background-repeat":"repeat","background-position":"center center","background-size":"auto","background-attachment":"scroll","background-type":"","background-media":"","overlay-type":"","overlay-color":"","overlay-opacity":"","overlay-gradient":""},"tablet":{"background-color":"","background-image":"","background-repeat":"repeat","background-position":"center center","background-size":"auto","background-attachment":"scroll","background-type":"","background-media":"","overlay-type":"","overlay-color":"","overlay-opacity":"","overlay-gradient":""},"mobile":{"background-color":"","background-image":"","background-repeat":"repeat","background-position":"center center","background-size":"auto","background-attachment":"scroll","background-type":"","background-media":"","overlay-type":"","overlay-color":"","overlay-opacity":"","overlay-gradient":""}},"ast-content-background-meta":{"desktop":{"background-color":"var(--ast-global-color-5)","background-image":"","background-repeat":"repeat","background-position":"center center","background-size":"auto","background-attachment":"scroll","background-type":"","background-media":"","overlay-type":"","overlay-color":"","overlay-opacity":"","overlay-gradient":""},"tablet":{"background-color":"var(--ast-global-color-5)","background-image":"","background-repeat":"repeat","background-position":"center center","background-size":"auto","background-attachment":"scroll","background-type":"","background-media":"","overlay-type":"","overlay-color":"","overlay-opacity":"","overlay-gradient":""},"mobile":{"background-color":"var(--ast-global-color-5)","background-image":"","background-repeat":"repeat","background-position":"center center","background-size":"auto","background-attachment":"scroll","background-type":"","background-media":"","overlay-type":"","overlay-color":"","overlay-opacity":"","overlay-gradient":""}},"footnotes":""},"class_list":["post-19709","page","type-page","status-publish","hentry"],"acf":[],"yoast_head":"<!-- This site is optimized with the Yoast SEO plugin v27.0 - https:\/\/yoast.com\/product\/yoast-seo-wordpress\/ -->\n<title>Salle d&#039;exposition num\u00e9rique | Exp\u00e9rience de vente au d\u00e9tail automobile transformatrice<\/title>\n<meta name=\"description\" content=\"Transformez l&#039;exp\u00e9rience d&#039;achat automobile avec notre salle d&#039;exposition num\u00e9rique. Offrez aux clients une exp\u00e9rience d\u2019achat de voiture virtuelle et stimulez la croissance des ventes.\" \/>\n<meta name=\"robots\" content=\"index, follow, max-snippet:-1, max-image-preview:large, max-video-preview:-1\" \/>\n<link rel=\"canonical\" href=\"https:\/\/stage.autorolasolutions.com\/digital-ecosystem\/products\/digital-showroom\/\" \/>\n<meta property=\"og:locale\" content=\"en_US\" \/>\n<meta property=\"og:type\" content=\"article\" \/>\n<meta property=\"og:title\" content=\"Salle d&#039;exposition num\u00e9rique | Exp\u00e9rience de vente au d\u00e9tail automobile transformatrice\" \/>\n<meta property=\"og:description\" content=\"Transformez l&#039;exp\u00e9rience d&#039;achat automobile avec notre salle d&#039;exposition num\u00e9rique. Offrez aux clients une exp\u00e9rience d\u2019achat de voiture virtuelle et stimulez la croissance des ventes.\" \/>\n<meta property=\"og:url\" content=\"https:\/\/stage.autorolasolutions.com\/digital-ecosystem\/products\/digital-showroom\/\" \/>\n<meta property=\"og:site_name\" content=\"Autorola Solutions\" \/>\n<meta property=\"article:modified_time\" content=\"2025-02-19T12:44:44+00:00\" \/>\n<meta property=\"og:image\" content=\"https:\/\/stage.autorolasolutions.com\/wp-content\/uploads\/2025\/01\/1.png\" \/>\n<meta name=\"twitter:card\" content=\"summary_large_image\" \/>\n<meta name=\"twitter:label1\" content=\"Est. reading time\" \/>\n\t<meta name=\"twitter:data1\" content=\"3 minutes\" \/>\n<script type=\"application\/ld+json\" class=\"yoast-schema-graph\">{\"@context\":\"https:\/\/schema.org\",\"@graph\":[{\"@type\":\"WebPage\",\"@id\":\"https:\/\/stage.autorolasolutions.com\/digital-ecosystem\/products\/digital-showroom\/\",\"url\":\"https:\/\/stage.autorolasolutions.com\/digital-ecosystem\/products\/digital-showroom\/\",\"name\":\"Salle d'exposition num\u00e9rique | Exp\u00e9rience de vente au d\u00e9tail automobile transformatrice\",\"isPartOf\":{\"@id\":\"https:\/\/stage.autorolasolutions.com\/#website\"},\"primaryImageOfPage\":{\"@id\":\"https:\/\/stage.autorolasolutions.com\/digital-ecosystem\/products\/digital-showroom\/#primaryimage\"},\"image\":{\"@id\":\"https:\/\/stage.autorolasolutions.com\/digital-ecosystem\/products\/digital-showroom\/#primaryimage\"},\"thumbnailUrl\":\"https:\/\/stage.autorolasolutions.com\/wp-content\/uploads\/2025\/01\/1.png\",\"datePublished\":\"2023-02-28T12:57:33+00:00\",\"dateModified\":\"2025-02-19T12:44:44+00:00\",\"description\":\"Transformez l'exp\u00e9rience d'achat automobile avec notre salle d'exposition num\u00e9rique. Offrez aux clients une exp\u00e9rience d\u2019achat de voiture virtuelle et stimulez la croissance des ventes.\",\"breadcrumb\":{\"@id\":\"https:\/\/stage.autorolasolutions.com\/digital-ecosystem\/products\/digital-showroom\/#breadcrumb\"},\"inLanguage\":\"blg-FR\",\"potentialAction\":[{\"@type\":\"ReadAction\",\"target\":[\"https:\/\/stage.autorolasolutions.com\/digital-ecosystem\/products\/digital-showroom\/\"]}]},{\"@type\":\"ImageObject\",\"inLanguage\":\"blg-FR\",\"@id\":\"https:\/\/stage.autorolasolutions.com\/digital-ecosystem\/products\/digital-showroom\/#primaryimage\",\"url\":\"https:\/\/stage.autorolasolutions.com\/wp-content\/uploads\/2025\/01\/1.png\",\"contentUrl\":\"https:\/\/stage.autorolasolutions.com\/wp-content\/uploads\/2025\/01\/1.png\"},{\"@type\":\"BreadcrumbList\",\"@id\":\"https:\/\/stage.autorolasolutions.com\/digital-ecosystem\/products\/digital-showroom\/#breadcrumb\",\"itemListElement\":[{\"@type\":\"ListItem\",\"position\":1,\"name\":\"Home\",\"item\":\"https:\/\/stage.autorolasolutions.com\/\"},{\"@type\":\"ListItem\",\"position\":2,\"name\":\"\u00c9cosyst\u00e8me num\u00e9rique\",\"item\":\"https:\/\/stage.autorolasolutions.com\/digital-ecosystem\/\"},{\"@type\":\"ListItem\",\"position\":3,\"name\":\"Produits\",\"item\":\"https:\/\/stage.autorolasolutions.com\/digital-ecosystem\/products\/\"},{\"@type\":\"ListItem\",\"position\":4,\"name\":\"Showroom Digital\"}]},{\"@type\":\"WebSite\",\"@id\":\"https:\/\/stage.autorolasolutions.com\/#website\",\"url\":\"https:\/\/stage.autorolasolutions.com\/\",\"name\":\"Autorola Solutions\",\"description\":\"\",\"publisher\":{\"@id\":\"https:\/\/stage.autorolasolutions.com\/#organization\"},\"potentialAction\":[{\"@type\":\"SearchAction\",\"target\":{\"@type\":\"EntryPoint\",\"urlTemplate\":\"https:\/\/stage.autorolasolutions.com\/?s={search_term_string}\"},\"query-input\":{\"@type\":\"PropertyValueSpecification\",\"valueRequired\":true,\"valueName\":\"search_term_string\"}}],\"inLanguage\":\"blg-FR\"},{\"@type\":\"Organization\",\"@id\":\"https:\/\/stage.autorolasolutions.com\/#organization\",\"name\":\"Autorola Solutions\",\"url\":\"https:\/\/stage.autorolasolutions.com\/\",\"logo\":{\"@type\":\"ImageObject\",\"inLanguage\":\"blg-FR\",\"@id\":\"https:\/\/stage.autorolasolutions.com\/#\/schema\/logo\/image\/\",\"url\":\"https:\/\/stage.autorolasolutions.com\/wp-content\/uploads\/2025\/01\/Autorola_Solutions_Logo_Left_Screen_RGB.svg\",\"contentUrl\":\"https:\/\/stage.autorolasolutions.com\/wp-content\/uploads\/2025\/01\/Autorola_Solutions_Logo_Left_Screen_RGB.svg\",\"width\":143,\"height\":44,\"caption\":\"Autorola Solutions\"},\"image\":{\"@id\":\"https:\/\/stage.autorolasolutions.com\/#\/schema\/logo\/image\/\"},\"sameAs\":[\"https:\/\/www.linkedin.com\/company\/autorolasolutions\/\"]}]}<\/script>\n<!-- \/ Yoast SEO plugin. -->","yoast_head_json":{"title":"Salle d'exposition num\u00e9rique | Exp\u00e9rience de vente au d\u00e9tail automobile transformatrice","description":"Transformez l'exp\u00e9rience d'achat automobile avec notre salle d'exposition num\u00e9rique. Offrez aux clients une exp\u00e9rience d\u2019achat de voiture virtuelle et stimulez la croissance des ventes.","robots":{"index":"index","follow":"follow","max-snippet":"max-snippet:-1","max-image-preview":"max-image-preview:large","max-video-preview":"max-video-preview:-1"},"canonical":"https:\/\/stage.autorolasolutions.com\/digital-ecosystem\/products\/digital-showroom\/","og_locale":"en_US","og_type":"article","og_title":"Salle d'exposition num\u00e9rique | Exp\u00e9rience de vente au d\u00e9tail automobile transformatrice","og_description":"Transformez l'exp\u00e9rience d'achat automobile avec notre salle d'exposition num\u00e9rique. Offrez aux clients une exp\u00e9rience d\u2019achat de voiture virtuelle et stimulez la croissance des ventes.","og_url":"https:\/\/stage.autorolasolutions.com\/digital-ecosystem\/products\/digital-showroom\/","og_site_name":"Autorola Solutions","article_modified_time":"2025-02-19T12:44:44+00:00","og_image":[{"url":"https:\/\/stage.autorolasolutions.com\/wp-content\/uploads\/2025\/01\/1.png","type":"","width":"","height":""}],"twitter_card":"summary_large_image","twitter_misc":{"Est. reading time":"3 minutes"},"schema":{"@context":"https:\/\/schema.org","@graph":[{"@type":"WebPage","@id":"https:\/\/stage.autorolasolutions.com\/digital-ecosystem\/products\/digital-showroom\/","url":"https:\/\/stage.autorolasolutions.com\/digital-ecosystem\/products\/digital-showroom\/","name":"Salle d'exposition num\u00e9rique | Exp\u00e9rience de vente au d\u00e9tail automobile transformatrice","isPartOf":{"@id":"https:\/\/stage.autorolasolutions.com\/#website"},"primaryImageOfPage":{"@id":"https:\/\/stage.autorolasolutions.com\/digital-ecosystem\/products\/digital-showroom\/#primaryimage"},"image":{"@id":"https:\/\/stage.autorolasolutions.com\/digital-ecosystem\/products\/digital-showroom\/#primaryimage"},"thumbnailUrl":"https:\/\/stage.autorolasolutions.com\/wp-content\/uploads\/2025\/01\/1.png","datePublished":"2023-02-28T12:57:33+00:00","dateModified":"2025-02-19T12:44:44+00:00","description":"Transformez l'exp\u00e9rience d'achat automobile avec notre salle d'exposition num\u00e9rique. Offrez aux clients une exp\u00e9rience d\u2019achat de voiture virtuelle et stimulez la croissance des ventes.","breadcrumb":{"@id":"https:\/\/stage.autorolasolutions.com\/digital-ecosystem\/products\/digital-showroom\/#breadcrumb"},"inLanguage":"blg-FR","potentialAction":[{"@type":"ReadAction","target":["https:\/\/stage.autorolasolutions.com\/digital-ecosystem\/products\/digital-showroom\/"]}]},{"@type":"ImageObject","inLanguage":"blg-FR","@id":"https:\/\/stage.autorolasolutions.com\/digital-ecosystem\/products\/digital-showroom\/#primaryimage","url":"https:\/\/stage.autorolasolutions.com\/wp-content\/uploads\/2025\/01\/1.png","contentUrl":"https:\/\/stage.autorolasolutions.com\/wp-content\/uploads\/2025\/01\/1.png"},{"@type":"BreadcrumbList","@id":"https:\/\/stage.autorolasolutions.com\/digital-ecosystem\/products\/digital-showroom\/#breadcrumb","itemListElement":[{"@type":"ListItem","position":1,"name":"Home","item":"https:\/\/stage.autorolasolutions.com\/"},{"@type":"ListItem","position":2,"name":"\u00c9cosyst\u00e8me num\u00e9rique","item":"https:\/\/stage.autorolasolutions.com\/digital-ecosystem\/"},{"@type":"ListItem","position":3,"name":"Produits","item":"https:\/\/stage.autorolasolutions.com\/digital-ecosystem\/products\/"},{"@type":"ListItem","position":4,"name":"Showroom Digital"}]},{"@type":"WebSite","@id":"https:\/\/stage.autorolasolutions.com\/#website","url":"https:\/\/stage.autorolasolutions.com\/","name":"Autorola Solutions","description":"","publisher":{"@id":"https:\/\/stage.autorolasolutions.com\/#organization"},"potentialAction":[{"@type":"SearchAction","target":{"@type":"EntryPoint","urlTemplate":"https:\/\/stage.autorolasolutions.com\/?s={search_term_string}"},"query-input":{"@type":"PropertyValueSpecification","valueRequired":true,"valueName":"search_term_string"}}],"inLanguage":"blg-FR"},{"@type":"Organization","@id":"https:\/\/stage.autorolasolutions.com\/#organization","name":"Autorola Solutions","url":"https:\/\/stage.autorolasolutions.com\/","logo":{"@type":"ImageObject","inLanguage":"blg-FR","@id":"https:\/\/stage.autorolasolutions.com\/#\/schema\/logo\/image\/","url":"https:\/\/stage.autorolasolutions.com\/wp-content\/uploads\/2025\/01\/Autorola_Solutions_Logo_Left_Screen_RGB.svg","contentUrl":"https:\/\/stage.autorolasolutions.com\/wp-content\/uploads\/2025\/01\/Autorola_Solutions_Logo_Left_Screen_RGB.svg","width":143,"height":44,"caption":"Autorola Solutions"},"image":{"@id":"https:\/\/stage.autorolasolutions.com\/#\/schema\/logo\/image\/"},"sameAs":["https:\/\/www.linkedin.com\/company\/autorolasolutions\/"]}]}},"_links":{"self":[{"href":"https:\/\/stage.autorolasolutions.com\/blg-fr\/wp-json\/wp\/v2\/pages\/19709","targetHints":{"allow":["GET"]}}],"collection":[{"href":"https:\/\/stage.autorolasolutions.com\/blg-fr\/wp-json\/wp\/v2\/pages"}],"about":[{"href":"https:\/\/stage.autorolasolutions.com\/blg-fr\/wp-json\/wp\/v2\/types\/page"}],"author":[{"embeddable":true,"href":"https:\/\/stage.autorolasolutions.com\/blg-fr\/wp-json\/wp\/v2\/users\/2"}],"replies":[{"embeddable":true,"href":"https:\/\/stage.autorolasolutions.com\/blg-fr\/wp-json\/wp\/v2\/comments?post=19709"}],"version-history":[{"count":19,"href":"https:\/\/stage.autorolasolutions.com\/blg-fr\/wp-json\/wp\/v2\/pages\/19709\/revisions"}],"predecessor-version":[{"id":57186,"href":"https:\/\/stage.autorolasolutions.com\/blg-fr\/wp-json\/wp\/v2\/pages\/19709\/revisions\/57186"}],"up":[{"embeddable":true,"href":"https:\/\/stage.autorolasolutions.com\/blg-fr\/wp-json\/wp\/v2\/pages\/19706"}],"wp:attachment":[{"href":"https:\/\/stage.autorolasolutions.com\/blg-fr\/wp-json\/wp\/v2\/media?parent=19709"}],"curies":[{"name":"wp","href":"https:\/\/api.w.org\/{rel}","templated":true}]}}