{"id":20355,"date":"2023-02-28T13:57:33","date_gmt":"2023-02-28T12:57:33","guid":{"rendered":"https:\/\/stage.autorolasolutions.com\/digitales-oekosystem\/produkte\/digitaler-showroom\/"},"modified":"2025-01-31T09:55:39","modified_gmt":"2025-01-31T08:55:39","slug":"digitaler-showroom","status":"publish","type":"page","link":"https:\/\/stage.autorolasolutions.com\/at\/digitales-oekosystem\/produkte\/digitaler-showroom\/","title":{"rendered":"Digitaler Showroom"},"content":{"rendered":"\t\t<div data-elementor-type=\"wp-page\" data-elementor-id=\"20355\" class=\"elementor elementor-20355 elementor-11420\" data-elementor-post-type=\"page\">\n\t\t\t\t\t\t<section class=\"elementor-section elementor-top-section elementor-element elementor-element-9a6a98a elementor-section-boxed elementor-section-height-default elementor-section-height-default\" data-id=\"9a6a98a\" data-element_type=\"section\" data-e-type=\"section\">\n\t\t\t\t\t\t<div class=\"elementor-container elementor-column-gap-default\">\n\t\t\t\t\t<div class=\"elementor-column elementor-col-50 elementor-top-column elementor-element elementor-element-002bb6b\" data-id=\"002bb6b\" data-element_type=\"column\" data-e-type=\"column\">\n\t\t\t<div class=\"elementor-widget-wrap elementor-element-populated\">\n\t\t\t\t\t\t<div class=\"elementor-element elementor-element-83de129 elementor-widget__width-initial elementor-arrows-position-outside elementor-pagination-position-outside elementor-widget elementor-widget-image-carousel\" data-id=\"83de129\" data-element_type=\"widget\" data-e-type=\"widget\" data-settings=\"{&quot;slides_to_show&quot;:&quot;1&quot;,&quot;navigation&quot;:&quot;both&quot;,&quot;autoplay&quot;:&quot;yes&quot;,&quot;pause_on_hover&quot;:&quot;yes&quot;,&quot;pause_on_interaction&quot;:&quot;yes&quot;,&quot;autoplay_speed&quot;:5000,&quot;infinite&quot;:&quot;yes&quot;,&quot;effect&quot;:&quot;slide&quot;,&quot;speed&quot;:500}\" data-widget_type=\"image-carousel.default\">\n\t\t\t\t<div class=\"elementor-widget-container\">\n\t\t\t\t\t\t\t<div class=\"elementor-image-carousel-wrapper swiper\" role=\"region\" aria-roledescription=\"carousel\" aria-label=\"Image Carousel\" dir=\"ltr\">\n\t\t\t<div class=\"elementor-image-carousel swiper-wrapper\" aria-live=\"off\">\n\t\t\t\t\t\t\t\t<div class=\"swiper-slide\" role=\"group\" aria-roledescription=\"slide\" aria-label=\"1 of 8\"><figure class=\"swiper-slide-inner\"><img decoding=\"async\" class=\"swiper-slide-image\" src=\"https:\/\/stage.autorolasolutions.com\/wp-content\/uploads\/2025\/01\/1.png\" alt=\"1\" \/><\/figure><\/div><div class=\"swiper-slide\" role=\"group\" aria-roledescription=\"slide\" aria-label=\"2 of 8\"><figure class=\"swiper-slide-inner\"><img decoding=\"async\" class=\"swiper-slide-image\" src=\"https:\/\/stage.autorolasolutions.com\/wp-content\/uploads\/2025\/01\/2.png\" alt=\"2\" \/><\/figure><\/div><div class=\"swiper-slide\" role=\"group\" aria-roledescription=\"slide\" aria-label=\"3 of 8\"><figure class=\"swiper-slide-inner\"><img decoding=\"async\" class=\"swiper-slide-image\" src=\"https:\/\/stage.autorolasolutions.com\/wp-content\/uploads\/2025\/01\/3.png\" alt=\"3\" \/><\/figure><\/div><div class=\"swiper-slide\" role=\"group\" aria-roledescription=\"slide\" aria-label=\"4 of 8\"><figure class=\"swiper-slide-inner\"><img decoding=\"async\" class=\"swiper-slide-image\" src=\"https:\/\/stage.autorolasolutions.com\/wp-content\/uploads\/2025\/01\/4.png\" alt=\"4\" \/><\/figure><\/div><div class=\"swiper-slide\" role=\"group\" aria-roledescription=\"slide\" aria-label=\"5 of 8\"><figure class=\"swiper-slide-inner\"><img decoding=\"async\" class=\"swiper-slide-image\" src=\"https:\/\/stage.autorolasolutions.com\/wp-content\/uploads\/2025\/01\/5.png\" alt=\"5\" \/><\/figure><\/div><div class=\"swiper-slide\" role=\"group\" aria-roledescription=\"slide\" aria-label=\"6 of 8\"><figure class=\"swiper-slide-inner\"><img decoding=\"async\" class=\"swiper-slide-image\" src=\"https:\/\/stage.autorolasolutions.com\/wp-content\/uploads\/2025\/01\/6.png\" alt=\"6\" \/><\/figure><\/div><div class=\"swiper-slide\" role=\"group\" aria-roledescription=\"slide\" aria-label=\"7 of 8\"><figure class=\"swiper-slide-inner\"><img decoding=\"async\" class=\"swiper-slide-image\" src=\"https:\/\/stage.autorolasolutions.com\/wp-content\/uploads\/2025\/01\/7.png\" alt=\"7\" \/><\/figure><\/div><div class=\"swiper-slide\" role=\"group\" aria-roledescription=\"slide\" aria-label=\"8 of 8\"><figure class=\"swiper-slide-inner\"><img decoding=\"async\" class=\"swiper-slide-image\" src=\"https:\/\/stage.autorolasolutions.com\/wp-content\/uploads\/2025\/01\/8.png\" alt=\"8\" \/><\/figure><\/div>\t\t\t<\/div>\n\t\t\t\t\t\t\t\t\t\t\t\t<div class=\"elementor-swiper-button elementor-swiper-button-prev\" role=\"button\" tabindex=\"0\">\n\t\t\t\t\t\t<i aria-hidden=\"true\" class=\"eicon-chevron-left\"><\/i>\t\t\t\t\t<\/div>\n\t\t\t\t\t<div class=\"elementor-swiper-button elementor-swiper-button-next\" role=\"button\" tabindex=\"0\">\n\t\t\t\t\t\t<i aria-hidden=\"true\" class=\"eicon-chevron-right\"><\/i>\t\t\t\t\t<\/div>\n\t\t\t\t\n\t\t\t\t\t\t\t\t\t<div class=\"swiper-pagination\"><\/div>\n\t\t\t\t\t\t\t\t\t<\/div>\n\t\t\t\t\t\t<\/div>\n\t\t\t\t<\/div>\n\t\t\t\t\t<\/div>\n\t\t<\/div>\n\t\t\t\t<div class=\"elementor-column elementor-col-50 elementor-top-column elementor-element elementor-element-70fc69e\" data-id=\"70fc69e\" data-element_type=\"column\" data-e-type=\"column\">\n\t\t\t<div class=\"elementor-widget-wrap elementor-element-populated\">\n\t\t\t\t\t\t<div class=\"elementor-element elementor-element-5dc98ae elementor-widget elementor-widget-text-editor\" data-id=\"5dc98ae\" data-element_type=\"widget\" data-e-type=\"widget\" data-widget_type=\"text-editor.default\">\n\t\t\t\t<div class=\"elementor-widget-container\">\n\t\t\t\t\t\t\t\t\t<h1>Digitaler Showroom<\/h1><p>Wir haben den Verkauf Ihrer Autos durch unseren digitalen Showroom einfach gestaltet. Dieser verbindet Sie problemlos mit dem Markt und bietet allen Ihren K\u00e4ufern Zugang zu unserer Online-Plattform. Dort k\u00f6nnen sie Fahrzeuge suchen, ausw\u00e4hlen, als Favoriten hinzuf\u00fcgen, automatische Gebotsagenten einrichten und in einer realit\u00e4tsgetreuen Umgebung kaufen.<\/p><h2>Nahtlose Integration in Ihren Lagerbestand<\/h2><p>Unser Showroom ist nahtlos in den Fleet Monitor integriert, was es zu einer \u201aEin-paar-Klicks\u2018-Routine macht, Ihre Fahrzeuge einer gro\u00dfen potenziellen K\u00e4uferbasis zu pr\u00e4sentieren. Dort k\u00f6nnen sie problemlos Fahrzeuge durchsuchen, ausw\u00e4hlen, als Favoriten hinzuf\u00fcgen, automatische Gebotsagenten f\u00fcr Favoriten einrichten und Autos in einer realen Umgebung &#8211; online &#8211; kaufen!<\/p><h2>Optimieren Sie Ihren Vertrieb<\/h2><p>Unser Showroom ist ein hochmodernes Schaufenster zu Ihrem gesamten Bestand, das Ihren Kunden eine professionelle und vertrauensw\u00fcrdige Erfahrung bietet. Dort k\u00f6nnen sie nach Fahrzeugen suchen, detaillierte Beschreibungen und hochwertige Bilder der interessanten Fahrzeuge einsehen und diese kaufen. Als Verk\u00e4ufer erm\u00f6glicht es Ihnen auch, Verkaufsstrategien f\u00fcr verschiedene K\u00e4ufergruppen zu definieren und Produktmischungen sowie Angebote zu verwalten, um Ihre Verk\u00e4ufe zu optimieren.<\/p>\t\t\t\t\t\t\t\t<\/div>\n\t\t\t\t<\/div>\n\t\t\t\t<div class=\"elementor-element elementor-element-18df13a elementor-align-center elementor-widget elementor-widget-button\" data-id=\"18df13a\" data-element_type=\"widget\" data-e-type=\"widget\" data-widget_type=\"button.default\">\n\t\t\t\t<div class=\"elementor-widget-container\">\n\t\t\t\t\t\t\t\t\t<div class=\"elementor-button-wrapper\">\n\t\t\t\t\t<a class=\"elementor-button elementor-button-link elementor-size-sm elementor-animation-grow\" href=\"https:\/\/stage.autorolasolutions.com\/at\/kontakt\/\">\n\t\t\t\t\t\t<span class=\"elementor-button-content-wrapper\">\n\t\t\t\t\t\t<span class=\"elementor-button-icon\">\n\t\t\t\t<i aria-hidden=\"true\" class=\"fas fa-arrow-right\"><\/i>\t\t\t<\/span>\n\t\t\t\t\t\t\t\t\t<span class=\"elementor-button-text\">Kontaktieren Sie uns<\/span>\n\t\t\t\t\t<\/span>\n\t\t\t\t\t<\/a>\n\t\t\t\t<\/div>\n\t\t\t\t\t\t\t\t<\/div>\n\t\t\t\t<\/div>\n\t\t\t\t\t<\/div>\n\t\t<\/div>\n\t\t\t\t\t<\/div>\n\t\t<\/section>\n\t\t\t\t<section class=\"elementor-section elementor-top-section elementor-element elementor-element-02791cf elementor-section-boxed elementor-section-height-default elementor-section-height-default\" data-id=\"02791cf\" data-element_type=\"section\" data-e-type=\"section\">\n\t\t\t\t\t\t<div class=\"elementor-container elementor-column-gap-default\">\n\t\t\t\t\t<div class=\"elementor-column elementor-col-100 elementor-top-column elementor-element elementor-element-7fbd787\" data-id=\"7fbd787\" data-element_type=\"column\" data-e-type=\"column\">\n\t\t\t<div class=\"elementor-widget-wrap elementor-element-populated\">\n\t\t\t\t\t\t<div class=\"elementor-element elementor-element-beb1bcb elementor-widget elementor-widget-video\" data-id=\"beb1bcb\" data-element_type=\"widget\" data-e-type=\"widget\" data-settings=\"{&quot;video_type&quot;:&quot;hosted&quot;,&quot;controls&quot;:&quot;yes&quot;}\" data-widget_type=\"video.default\">\n\t\t\t\t<div class=\"elementor-widget-container\">\n\t\t\t\t\t\t\t<div class=\"e-hosted-video elementor-wrapper elementor-open-inline\">\n\t\t\t\t\t<video class=\"elementor-video\" src=\"https:\/\/stage.autorolasolutions.com\/wp-content\/uploads\/2024\/10\/autorola-presentation-dark-2.mp4\" controls=\"\" preload=\"metadata\" controlsList=\"nodownload\" poster=\"https:\/\/stage.autorolasolutions.com\/wp-content\/uploads\/2025\/01\/DSR-Video-Thumbnails.png\"><\/video>\n\t\t\t\t<\/div>\n\t\t\t\t\t\t<\/div>\n\t\t\t\t<\/div>\n\t\t\t\t\t<\/div>\n\t\t<\/div>\n\t\t\t\t\t<\/div>\n\t\t<\/section>\n\t\t\t\t<section class=\"elementor-section elementor-top-section elementor-element elementor-element-296c1dd elementor-section-boxed elementor-section-height-default elementor-section-height-default\" data-id=\"296c1dd\" data-element_type=\"section\" data-e-type=\"section\">\n\t\t\t\t\t\t<div class=\"elementor-container elementor-column-gap-default\">\n\t\t\t\t\t<div class=\"elementor-column elementor-col-100 elementor-top-column elementor-element elementor-element-4fdd916\" data-id=\"4fdd916\" data-element_type=\"column\" data-e-type=\"column\">\n\t\t\t<div class=\"elementor-widget-wrap elementor-element-populated\">\n\t\t\t\t\t\t<div class=\"elementor-element elementor-element-b31350a elementor-widget elementor-widget-spacer\" data-id=\"b31350a\" data-element_type=\"widget\" data-e-type=\"widget\" data-widget_type=\"spacer.default\">\n\t\t\t\t<div class=\"elementor-widget-container\">\n\t\t\t\t\t\t\t<div class=\"elementor-spacer\">\n\t\t\t<div class=\"elementor-spacer-inner\"><\/div>\n\t\t<\/div>\n\t\t\t\t\t\t<\/div>\n\t\t\t\t<\/div>\n\t\t\t\t\t<\/div>\n\t\t<\/div>\n\t\t\t\t\t<\/div>\n\t\t<\/section>\n\t\t\t\t<\/div>\n\t\t","protected":false},"excerpt":{"rendered":"<p>Digitaler Showroom Wir haben den Verkauf Ihrer Autos durch unseren digitalen Showroom einfach gestaltet. Dieser verbindet Sie problemlos mit dem Markt und bietet allen Ihren K\u00e4ufern Zugang zu unserer Online-Plattform. Dort k\u00f6nnen sie Fahrzeuge suchen, ausw\u00e4hlen, als Favoriten hinzuf\u00fcgen, automatische Gebotsagenten einrichten und in einer realit\u00e4tsgetreuen Umgebung kaufen. Nahtlose Integration in Ihren Lagerbestand Unser Showroom [&hellip;]<\/p>\n","protected":false},"author":2,"featured_media":0,"parent":20352,"menu_order":3,"comment_status":"closed","ping_status":"closed","template":"","meta":{"_acf_changed":false,"inline_featured_image":false,"site-sidebar-layout":"no-sidebar","site-content-layout":"","ast-site-content-layout":"full-width-container","site-content-style":"unboxed","site-sidebar-style":"unboxed","ast-global-header-display":"","ast-banner-title-visibility":"","ast-main-header-display":"","ast-hfb-above-header-display":"","ast-hfb-below-header-display":"","ast-hfb-mobile-header-display":"","site-post-title":"disabled","ast-breadcrumbs-content":"","ast-featured-img":"disabled","footer-sml-layout":"","theme-transparent-header-meta":"","adv-header-id-meta":"","stick-header-meta":"","header-above-stick-meta":"","header-main-stick-meta":"","header-below-stick-meta":"","astra-migrate-meta-layouts":"default","ast-page-background-enabled":"default","ast-page-background-meta":{"desktop":{"background-color":"","background-image":"","background-repeat":"repeat","background-position":"center center","background-size":"auto","background-attachment":"scroll","background-type":"","background-media":"","overlay-type":"","overlay-color":"","overlay-opacity":"","overlay-gradient":""},"tablet":{"background-color":"","background-image":"","background-repeat":"repeat","background-position":"center center","background-size":"auto","background-attachment":"scroll","background-type":"","background-media":"","overlay-type":"","overlay-color":"","overlay-opacity":"","overlay-gradient":""},"mobile":{"background-color":"","background-image":"","background-repeat":"repeat","background-position":"center center","background-size":"auto","background-attachment":"scroll","background-type":"","background-media":"","overlay-type":"","overlay-color":"","overlay-opacity":"","overlay-gradient":""}},"ast-content-background-meta":{"desktop":{"background-color":"var(--ast-global-color-5)","background-image":"","background-repeat":"repeat","background-position":"center center","background-size":"auto","background-attachment":"scroll","background-type":"","background-media":"","overlay-type":"","overlay-color":"","overlay-opacity":"","overlay-gradient":""},"tablet":{"background-color":"var(--ast-global-color-5)","background-image":"","background-repeat":"repeat","background-position":"center center","background-size":"auto","background-attachment":"scroll","background-type":"","background-media":"","overlay-type":"","overlay-color":"","overlay-opacity":"","overlay-gradient":""},"mobile":{"background-color":"var(--ast-global-color-5)","background-image":"","background-repeat":"repeat","background-position":"center center","background-size":"auto","background-attachment":"scroll","background-type":"","background-media":"","overlay-type":"","overlay-color":"","overlay-opacity":"","overlay-gradient":""}},"footnotes":""},"class_list":["post-20355","page","type-page","status-publish","hentry"],"acf":[],"yoast_head":"<!-- This site is optimized with the Yoast SEO plugin v27.0 - https:\/\/yoast.com\/product\/yoast-seo-wordpress\/ -->\n<title>Digitaler Showroom | Transformative Erfahrung im Automobilhandel<\/title>\n<meta name=\"description\" content=\"Transformieren Sie das Fahrzeugkauf-Erlebnis mit unserem Digitalen Showroom. Bieten Sie den Kunden eine virtuelle Fahrzeugkauf-Erfahrung und f\u00f6rdern Sie das Wachstum der Verk\u00e4ufe.\" \/>\n<meta name=\"robots\" content=\"index, follow, max-snippet:-1, max-image-preview:large, max-video-preview:-1\" \/>\n<link rel=\"canonical\" href=\"https:\/\/stage.autorolasolutions.com\/digital-ecosystem\/products\/digital-showroom\/\" \/>\n<meta property=\"og:locale\" content=\"en_US\" \/>\n<meta property=\"og:type\" content=\"article\" \/>\n<meta property=\"og:title\" content=\"Digitaler Showroom | Transformative Erfahrung im Automobilhandel\" \/>\n<meta property=\"og:description\" content=\"Transformieren Sie das Fahrzeugkauf-Erlebnis mit unserem Digitalen Showroom. Bieten Sie den Kunden eine virtuelle Fahrzeugkauf-Erfahrung und f\u00f6rdern Sie das Wachstum der Verk\u00e4ufe.\" \/>\n<meta property=\"og:url\" content=\"https:\/\/stage.autorolasolutions.com\/digital-ecosystem\/products\/digital-showroom\/\" \/>\n<meta property=\"og:site_name\" content=\"Autorola Solutions\" \/>\n<meta property=\"article:modified_time\" content=\"2025-01-31T08:55:39+00:00\" \/>\n<meta property=\"og:image\" content=\"https:\/\/stage.autorolasolutions.com\/wp-content\/uploads\/2025\/01\/1.png\" \/>\n<meta name=\"twitter:card\" content=\"summary_large_image\" \/>\n<meta name=\"twitter:label1\" content=\"Est. reading time\" \/>\n\t<meta name=\"twitter:data1\" content=\"3 minutes\" \/>\n<script type=\"application\/ld+json\" class=\"yoast-schema-graph\">{\"@context\":\"https:\/\/schema.org\",\"@graph\":[{\"@type\":\"WebPage\",\"@id\":\"https:\/\/stage.autorolasolutions.com\/digital-ecosystem\/products\/digital-showroom\/\",\"url\":\"https:\/\/stage.autorolasolutions.com\/digital-ecosystem\/products\/digital-showroom\/\",\"name\":\"Digitaler Showroom | Transformative Erfahrung im Automobilhandel\",\"isPartOf\":{\"@id\":\"https:\/\/stage.autorolasolutions.com\/#website\"},\"primaryImageOfPage\":{\"@id\":\"https:\/\/stage.autorolasolutions.com\/digital-ecosystem\/products\/digital-showroom\/#primaryimage\"},\"image\":{\"@id\":\"https:\/\/stage.autorolasolutions.com\/digital-ecosystem\/products\/digital-showroom\/#primaryimage\"},\"thumbnailUrl\":\"https:\/\/stage.autorolasolutions.com\/wp-content\/uploads\/2025\/01\/1.png\",\"datePublished\":\"2023-02-28T12:57:33+00:00\",\"dateModified\":\"2025-01-31T08:55:39+00:00\",\"description\":\"Transformieren Sie das Fahrzeugkauf-Erlebnis mit unserem Digitalen Showroom. Bieten Sie den Kunden eine virtuelle Fahrzeugkauf-Erfahrung und f\u00f6rdern Sie das Wachstum der Verk\u00e4ufe.\",\"breadcrumb\":{\"@id\":\"https:\/\/stage.autorolasolutions.com\/digital-ecosystem\/products\/digital-showroom\/#breadcrumb\"},\"inLanguage\":\"at-AT\",\"potentialAction\":[{\"@type\":\"ReadAction\",\"target\":[\"https:\/\/stage.autorolasolutions.com\/digital-ecosystem\/products\/digital-showroom\/\"]}]},{\"@type\":\"ImageObject\",\"inLanguage\":\"at-AT\",\"@id\":\"https:\/\/stage.autorolasolutions.com\/digital-ecosystem\/products\/digital-showroom\/#primaryimage\",\"url\":\"https:\/\/stage.autorolasolutions.com\/wp-content\/uploads\/2025\/01\/1.png\",\"contentUrl\":\"https:\/\/stage.autorolasolutions.com\/wp-content\/uploads\/2025\/01\/1.png\"},{\"@type\":\"BreadcrumbList\",\"@id\":\"https:\/\/stage.autorolasolutions.com\/digital-ecosystem\/products\/digital-showroom\/#breadcrumb\",\"itemListElement\":[{\"@type\":\"ListItem\",\"position\":1,\"name\":\"Home\",\"item\":\"https:\/\/stage.autorolasolutions.com\/\"},{\"@type\":\"ListItem\",\"position\":2,\"name\":\"Digitales \u00d6kosystem\",\"item\":\"https:\/\/stage.autorolasolutions.com\/digital-ecosystem\/\"},{\"@type\":\"ListItem\",\"position\":3,\"name\":\"Produkte\",\"item\":\"https:\/\/stage.autorolasolutions.com\/digital-ecosystem\/products\/\"},{\"@type\":\"ListItem\",\"position\":4,\"name\":\"Digitaler Showroom\"}]},{\"@type\":\"WebSite\",\"@id\":\"https:\/\/stage.autorolasolutions.com\/#website\",\"url\":\"https:\/\/stage.autorolasolutions.com\/\",\"name\":\"Autorola Solutions\",\"description\":\"\",\"publisher\":{\"@id\":\"https:\/\/stage.autorolasolutions.com\/#organization\"},\"potentialAction\":[{\"@type\":\"SearchAction\",\"target\":{\"@type\":\"EntryPoint\",\"urlTemplate\":\"https:\/\/stage.autorolasolutions.com\/?s={search_term_string}\"},\"query-input\":{\"@type\":\"PropertyValueSpecification\",\"valueRequired\":true,\"valueName\":\"search_term_string\"}}],\"inLanguage\":\"at-AT\"},{\"@type\":\"Organization\",\"@id\":\"https:\/\/stage.autorolasolutions.com\/#organization\",\"name\":\"Autorola Solutions\",\"url\":\"https:\/\/stage.autorolasolutions.com\/\",\"logo\":{\"@type\":\"ImageObject\",\"inLanguage\":\"at-AT\",\"@id\":\"https:\/\/stage.autorolasolutions.com\/#\/schema\/logo\/image\/\",\"url\":\"https:\/\/stage.autorolasolutions.com\/wp-content\/uploads\/2025\/01\/Autorola_Solutions_Logo_Left_Screen_RGB.svg\",\"contentUrl\":\"https:\/\/stage.autorolasolutions.com\/wp-content\/uploads\/2025\/01\/Autorola_Solutions_Logo_Left_Screen_RGB.svg\",\"width\":143,\"height\":44,\"caption\":\"Autorola Solutions\"},\"image\":{\"@id\":\"https:\/\/stage.autorolasolutions.com\/#\/schema\/logo\/image\/\"},\"sameAs\":[\"https:\/\/www.linkedin.com\/company\/autorolasolutions\/\"]}]}<\/script>\n<!-- \/ Yoast SEO plugin. -->","yoast_head_json":{"title":"Digitaler Showroom | Transformative Erfahrung im Automobilhandel","description":"Transformieren Sie das Fahrzeugkauf-Erlebnis mit unserem Digitalen Showroom. Bieten Sie den Kunden eine virtuelle Fahrzeugkauf-Erfahrung und f\u00f6rdern Sie das Wachstum der Verk\u00e4ufe.","robots":{"index":"index","follow":"follow","max-snippet":"max-snippet:-1","max-image-preview":"max-image-preview:large","max-video-preview":"max-video-preview:-1"},"canonical":"https:\/\/stage.autorolasolutions.com\/digital-ecosystem\/products\/digital-showroom\/","og_locale":"en_US","og_type":"article","og_title":"Digitaler Showroom | Transformative Erfahrung im Automobilhandel","og_description":"Transformieren Sie das Fahrzeugkauf-Erlebnis mit unserem Digitalen Showroom. Bieten Sie den Kunden eine virtuelle Fahrzeugkauf-Erfahrung und f\u00f6rdern Sie das Wachstum der Verk\u00e4ufe.","og_url":"https:\/\/stage.autorolasolutions.com\/digital-ecosystem\/products\/digital-showroom\/","og_site_name":"Autorola Solutions","article_modified_time":"2025-01-31T08:55:39+00:00","og_image":[{"url":"https:\/\/stage.autorolasolutions.com\/wp-content\/uploads\/2025\/01\/1.png","type":"","width":"","height":""}],"twitter_card":"summary_large_image","twitter_misc":{"Est. reading time":"3 minutes"},"schema":{"@context":"https:\/\/schema.org","@graph":[{"@type":"WebPage","@id":"https:\/\/stage.autorolasolutions.com\/digital-ecosystem\/products\/digital-showroom\/","url":"https:\/\/stage.autorolasolutions.com\/digital-ecosystem\/products\/digital-showroom\/","name":"Digitaler Showroom | Transformative Erfahrung im Automobilhandel","isPartOf":{"@id":"https:\/\/stage.autorolasolutions.com\/#website"},"primaryImageOfPage":{"@id":"https:\/\/stage.autorolasolutions.com\/digital-ecosystem\/products\/digital-showroom\/#primaryimage"},"image":{"@id":"https:\/\/stage.autorolasolutions.com\/digital-ecosystem\/products\/digital-showroom\/#primaryimage"},"thumbnailUrl":"https:\/\/stage.autorolasolutions.com\/wp-content\/uploads\/2025\/01\/1.png","datePublished":"2023-02-28T12:57:33+00:00","dateModified":"2025-01-31T08:55:39+00:00","description":"Transformieren Sie das Fahrzeugkauf-Erlebnis mit unserem Digitalen Showroom. Bieten Sie den Kunden eine virtuelle Fahrzeugkauf-Erfahrung und f\u00f6rdern Sie das Wachstum der Verk\u00e4ufe.","breadcrumb":{"@id":"https:\/\/stage.autorolasolutions.com\/digital-ecosystem\/products\/digital-showroom\/#breadcrumb"},"inLanguage":"at-AT","potentialAction":[{"@type":"ReadAction","target":["https:\/\/stage.autorolasolutions.com\/digital-ecosystem\/products\/digital-showroom\/"]}]},{"@type":"ImageObject","inLanguage":"at-AT","@id":"https:\/\/stage.autorolasolutions.com\/digital-ecosystem\/products\/digital-showroom\/#primaryimage","url":"https:\/\/stage.autorolasolutions.com\/wp-content\/uploads\/2025\/01\/1.png","contentUrl":"https:\/\/stage.autorolasolutions.com\/wp-content\/uploads\/2025\/01\/1.png"},{"@type":"BreadcrumbList","@id":"https:\/\/stage.autorolasolutions.com\/digital-ecosystem\/products\/digital-showroom\/#breadcrumb","itemListElement":[{"@type":"ListItem","position":1,"name":"Home","item":"https:\/\/stage.autorolasolutions.com\/"},{"@type":"ListItem","position":2,"name":"Digitales \u00d6kosystem","item":"https:\/\/stage.autorolasolutions.com\/digital-ecosystem\/"},{"@type":"ListItem","position":3,"name":"Produkte","item":"https:\/\/stage.autorolasolutions.com\/digital-ecosystem\/products\/"},{"@type":"ListItem","position":4,"name":"Digitaler Showroom"}]},{"@type":"WebSite","@id":"https:\/\/stage.autorolasolutions.com\/#website","url":"https:\/\/stage.autorolasolutions.com\/","name":"Autorola Solutions","description":"","publisher":{"@id":"https:\/\/stage.autorolasolutions.com\/#organization"},"potentialAction":[{"@type":"SearchAction","target":{"@type":"EntryPoint","urlTemplate":"https:\/\/stage.autorolasolutions.com\/?s={search_term_string}"},"query-input":{"@type":"PropertyValueSpecification","valueRequired":true,"valueName":"search_term_string"}}],"inLanguage":"at-AT"},{"@type":"Organization","@id":"https:\/\/stage.autorolasolutions.com\/#organization","name":"Autorola Solutions","url":"https:\/\/stage.autorolasolutions.com\/","logo":{"@type":"ImageObject","inLanguage":"at-AT","@id":"https:\/\/stage.autorolasolutions.com\/#\/schema\/logo\/image\/","url":"https:\/\/stage.autorolasolutions.com\/wp-content\/uploads\/2025\/01\/Autorola_Solutions_Logo_Left_Screen_RGB.svg","contentUrl":"https:\/\/stage.autorolasolutions.com\/wp-content\/uploads\/2025\/01\/Autorola_Solutions_Logo_Left_Screen_RGB.svg","width":143,"height":44,"caption":"Autorola Solutions"},"image":{"@id":"https:\/\/stage.autorolasolutions.com\/#\/schema\/logo\/image\/"},"sameAs":["https:\/\/www.linkedin.com\/company\/autorolasolutions\/"]}]}},"_links":{"self":[{"href":"https:\/\/stage.autorolasolutions.com\/at\/wp-json\/wp\/v2\/pages\/20355","targetHints":{"allow":["GET"]}}],"collection":[{"href":"https:\/\/stage.autorolasolutions.com\/at\/wp-json\/wp\/v2\/pages"}],"about":[{"href":"https:\/\/stage.autorolasolutions.com\/at\/wp-json\/wp\/v2\/types\/page"}],"author":[{"embeddable":true,"href":"https:\/\/stage.autorolasolutions.com\/at\/wp-json\/wp\/v2\/users\/2"}],"replies":[{"embeddable":true,"href":"https:\/\/stage.autorolasolutions.com\/at\/wp-json\/wp\/v2\/comments?post=20355"}],"version-history":[{"count":22,"href":"https:\/\/stage.autorolasolutions.com\/at\/wp-json\/wp\/v2\/pages\/20355\/revisions"}],"predecessor-version":[{"id":54756,"href":"https:\/\/stage.autorolasolutions.com\/at\/wp-json\/wp\/v2\/pages\/20355\/revisions\/54756"}],"up":[{"embeddable":true,"href":"https:\/\/stage.autorolasolutions.com\/at\/wp-json\/wp\/v2\/pages\/20352"}],"wp:attachment":[{"href":"https:\/\/stage.autorolasolutions.com\/at\/wp-json\/wp\/v2\/media?parent=20355"}],"curies":[{"name":"wp","href":"https:\/\/api.w.org\/{rel}","templated":true}]}}